{"id":48740,"date":"2025-10-28T14:58:19","date_gmt":"2025-10-28T13:58:19","guid":{"rendered":"https:\/\/sssh.ch\/anmeldung-sgsv-akademie-weiterbildung\/"},"modified":"2025-10-28T14:58:19","modified_gmt":"2025-10-28T13:58:19","slug":"anmeldung-sgsv-akademie-weiterbildung","status":"publish","type":"page","link":"https:\/\/sssh.ch\/it\/anmeldung-sgsv-akademie-weiterbildung\/","title":{"rendered":"Anmeldung SGSV Akademie (Weiterbildung)"},"content":{"rendered":"<div class=\"wpforms-container wpforms-block wpforms-block-902a2de7-71e6-495d-aac2-1e946957e1e6\" id=\"wpforms-48728\"><form id=\"wpforms-form-48728\" class=\"wpforms-validate wpforms-form wpforms-ajax-form\" data-formid=\"48728\" method=\"post\" enctype=\"multipart\/form-data\" action=\"\/it\/wp-json\/wp\/v2\/pages\/48740\" data-token=\"56a5d7058d269f790ccffdb5af5978ac\" data-token-time=\"1775410405\"><noscript class=\"wpforms-error-noscript\">Abilita JavaScript nel browser per completare questo modulo.<\/noscript><div class=\"wpforms-field-container\"><div id=\"wpforms-48728-field_4-container\" class=\"wpforms-field wpforms-field-radio\" data-field-id=\"4\"><label class=\"wpforms-field-label\">Kurs (bitte w\u00e4hlen Sie einen Kurs aus)<\/label><ul id=\"wpforms-48728-field_4\"><li class=\"choice-1 depth-1\"><input type=\"radio\" id=\"wpforms-48728-field_4_1\" name=\"wpforms[fields][4]\" value=\"Weiterbildung und Austausch mit und f\u00fcr Berufsbildner, 5. Februar 2026 (1 Tag)\"  ><label class=\"wpforms-field-label-inline\" for=\"wpforms-48728-field_4_1\">Weiterbildung und Austausch mit und f\u00fcr Berufsbildner, 5. Februar 2026 (1 Tag)<\/label><\/li><li class=\"choice-2 depth-1\"><input type=\"radio\" id=\"wpforms-48728-field_4_2\" name=\"wpforms[fields][4]\" value=\"Fehlermanagement und Prozessindikatoren in der AEMP, 23. April 2026 (1 Tag)\"  ><label class=\"wpforms-field-label-inline\" for=\"wpforms-48728-field_4_2\">Fehlermanagement und Prozessindikatoren in der AEMP, 23. April 2026 (1 Tag)<\/label><\/li><li class=\"choice-3 depth-1\"><input type=\"radio\" id=\"wpforms-48728-field_4_3\" name=\"wpforms[fields][4]\" value=\"Aktuelle Themen, inkl. Jahresversammlung, 16. Mai 2026 (1 Tag)\"  ><label class=\"wpforms-field-label-inline\" for=\"wpforms-48728-field_4_3\">Aktuelle Themen, inkl. Jahresversammlung, 16. Mai 2026 (1 Tag)<\/label><\/li><li class=\"choice-5 depth-1\"><input type=\"radio\" id=\"wpforms-48728-field_4_5\" name=\"wpforms[fields][4]\" value=\"Neuigkeiten rund um die Aufbereitung \u2013 Refresher, 24. Oktober 2026\"  ><label class=\"wpforms-field-label-inline\" for=\"wpforms-48728-field_4_5\">Neuigkeiten rund um die Aufbereitung \u2013 Refresher, 24. Oktober 2026<\/label><\/li><li class=\"choice-6 depth-1\"><input type=\"radio\" id=\"wpforms-48728-field_4_6\" name=\"wpforms[fields][4]\" value=\"Neuigkeiten rund um die Aufbereitung \u2013 Refresher, 21. November 2026\"  ><label class=\"wpforms-field-label-inline\" for=\"wpforms-48728-field_4_6\">Neuigkeiten rund um die Aufbereitung \u2013 Refresher, 21. November 2026<\/label><\/li><\/ul><\/div><div id=\"wpforms-48728-field_8-container\" class=\"wpforms-field wpforms-field-content\" data-field-id=\"8\"><div id=\"wpforms-48728-field_8\" class=\"wpforms-field-large wpforms-field-row\"><h4>Veranstaltungsort<\/h4>\n<p>Die Kurse finden in den Universit\u00e4tsspit\u00e4lern, Kliniken, Schulungsr\u00e4ume der Berufsfachschule, und bei weiteren Partnern mit ausreichend grossen AEMPs statt.<\/p>\n<p>Der Weiterbildungsort entnehmen Sie dem jeweiligen Programm.<\/p>\n<h4>Kurskosten<\/h4>\n<p>Die Kurskosten beinhalten Material und Mittagsverpflegung. F\u00fcr Mitglieder fallen i. d. R. keine Kosten an, f\u00fcr Nicht-Mitglieder werden die Kosten im Programm aufgef\u00fchrt.<\/p>\n<p>Gebuchte Weiterbildungen, die selbstverschuldet vers\u00e4umt werden, werden in Rechnung gestellt.<\/p>\n<div class=\"wpforms-field-content-display-frontend-clear\"><\/div><\/div><\/div><div id=\"wpforms-48728-field_9-container\" class=\"wpforms-field wpforms-field-radio\" data-field-id=\"9\"><label class=\"wpforms-field-label\">Teilnehmende (bitte in Blockschrift ausf\u00fcllen) <span class=\"wpforms-required-label\">*<\/span><\/label><ul id=\"wpforms-48728-field_9\" class=\"wpforms-field-required\"><li class=\"choice-1 depth-1\"><input type=\"radio\" id=\"wpforms-48728-field_9_1\" name=\"wpforms[fields][9]\" value=\"Frau\" required ><label class=\"wpforms-field-label-inline\" for=\"wpforms-48728-field_9_1\">Frau<\/label><\/li><li class=\"choice-2 depth-1\"><input type=\"radio\" id=\"wpforms-48728-field_9_2\" name=\"wpforms[fields][9]\" value=\"Herr\" required ><label class=\"wpforms-field-label-inline\" for=\"wpforms-48728-field_9_2\">Herr<\/label><\/li><\/ul><\/div><div id=\"wpforms-48728-field_1-container\" class=\"wpforms-field wpforms-field-name\" data-field-id=\"1\"><label class=\"wpforms-field-label wpforms-label-hide\" for=\"wpforms-48728-field_1\">Nom <span class=\"wpforms-required-label\">*<\/span><\/label><div class=\"wpforms-field-row wpforms-field-large\"><div class=\"wpforms-field-row-block wpforms-first wpforms-one-half\"><input type=\"text\" id=\"wpforms-48728-field_1\" class=\"wpforms-field-name-first wpforms-field-required\" name=\"wpforms[fields][1][first]\" placeholder=\"Vorname\" required><label for=\"wpforms-48728-field_1\" class=\"wpforms-field-sublabel after wpforms-sublabel-hide\">Nome<\/label><\/div><div class=\"wpforms-field-row-block wpforms-one-half\"><input type=\"text\" id=\"wpforms-48728-field_1-last\" class=\"wpforms-field-name-last wpforms-field-required\" name=\"wpforms[fields][1][last]\" placeholder=\"Name\" required><label for=\"wpforms-48728-field_1-last\" class=\"wpforms-field-sublabel after wpforms-sublabel-hide\">Cognome<\/label><\/div><\/div><\/div><div id=\"wpforms-48728-field_11-container\" class=\"wpforms-field wpforms-field-checkbox\" data-field-id=\"11\"><label class=\"wpforms-field-label\">Rechnungsadresse (bitte in Blockschrift ausf\u00fcllen) <span class=\"wpforms-required-label\">*<\/span><\/label><ul id=\"wpforms-48728-field_11\" class=\"wpforms-field-required\"><li class=\"choice-1 depth-1\"><input type=\"checkbox\" id=\"wpforms-48728-field_11_1\" name=\"wpforms[fields][11][]\" value=\"Ich habe die Zulassungsbedingungen und Pr\u00fcfungskriterien auf der Homepage der SGSV gelesen und zur Kenntnis genommen.\" required ><label class=\"wpforms-field-label-inline\" for=\"wpforms-48728-field_11_1\">Ich habe die Zulassungsbedingungen und Pr\u00fcfungskriterien auf der Homepage der SGSV gelesen und zur Kenntnis genommen.<\/label><\/li><\/ul><\/div><div id=\"wpforms-48728-field_12-container\" class=\"wpforms-field wpforms-field-text\" data-field-id=\"12\"><label class=\"wpforms-field-label\" for=\"wpforms-48728-field_12\">Betrieb <span class=\"wpforms-required-label\">*<\/span><\/label><input type=\"text\" id=\"wpforms-48728-field_12\" class=\"wpforms-field-large wpforms-field-required\" name=\"wpforms[fields][12]\" required><\/div><div id=\"wpforms-48728-field_13-container\" class=\"wpforms-field wpforms-field-text\" data-field-id=\"13\"><label class=\"wpforms-field-label\" for=\"wpforms-48728-field_13\">Abteilung<\/label><input type=\"text\" id=\"wpforms-48728-field_13\" class=\"wpforms-field-large\" name=\"wpforms[fields][13]\" ><\/div><div id=\"wpforms-48728-field_14-container\" class=\"wpforms-field wpforms-field-text\" data-field-id=\"14\"><label class=\"wpforms-field-label\" for=\"wpforms-48728-field_14\">Strasse\/Hausnummer <span class=\"wpforms-required-label\">*<\/span><\/label><input type=\"text\" id=\"wpforms-48728-field_14\" class=\"wpforms-field-large wpforms-field-required\" name=\"wpforms[fields][14]\" required><\/div>\t\t<div id=\"wpforms-48728-field_3-container\"\n\t\t\tclass=\"wpforms-field wpforms-field-text\"\n\t\t\tdata-field-type=\"text\"\n\t\t\tdata-field-id=\"3\"\n\t\t\t>\n\t\t\t<label class=\"wpforms-field-label\" for=\"wpforms-48728-field_3\" >einen (bitte PLZ\/Ort<\/label>\n\t\t\t<input type=\"text\" id=\"wpforms-48728-field_3\" class=\"wpforms-field-medium\" name=\"wpforms[fields][3]\" >\n\t\t<\/div>\n\t\t<div id=\"wpforms-48728-field_15-container\" class=\"wpforms-field wpforms-field-text\" data-field-id=\"15\"><label class=\"wpforms-field-label\" for=\"wpforms-48728-field_15\">PLZ\/Ort <span class=\"wpforms-required-label\">*<\/span><\/label><input type=\"text\" id=\"wpforms-48728-field_15\" class=\"wpforms-field-large wpforms-field-required\" name=\"wpforms[fields][15]\" required><\/div><div id=\"wpforms-48728-field_17-container\" class=\"wpforms-field wpforms-field-text\" data-field-id=\"17\"><label class=\"wpforms-field-label\" for=\"wpforms-48728-field_17\">Telefon <span class=\"wpforms-required-label\">*<\/span><\/label><input type=\"text\" id=\"wpforms-48728-field_17\" class=\"wpforms-field-large wpforms-field-required\" name=\"wpforms[fields][17]\" required><\/div><div id=\"wpforms-48728-field_2-container\" class=\"wpforms-field wpforms-field-email\" data-field-id=\"2\"><label class=\"wpforms-field-label\" for=\"wpforms-48728-field_2\">E-mail <span class=\"wpforms-required-label\">*<\/span><\/label><input type=\"email\" id=\"wpforms-48728-field_2\" class=\"wpforms-field-large wpforms-field-required\" name=\"wpforms[fields][2]\" spellcheck=\"false\" required><\/div><div id=\"wpforms-48728-field_19-container\" class=\"wpforms-field wpforms-field-checkbox\" data-field-id=\"19\"><label class=\"wpforms-field-label\">Gesch\u00e4ftsbedingungen <span class=\"wpforms-required-label\">*<\/span><\/label><ul id=\"wpforms-48728-field_19\" class=\"wpforms-field-required\"><li class=\"choice-1 depth-1\"><input type=\"checkbox\" id=\"wpforms-48728-field_19_1\" name=\"wpforms[fields][19][]\" value=\"Ich habe die allgemeinen Gesch\u00e4ftsbedingungen gelesen, verstanden und akzeptiere sie.\" required ><label class=\"wpforms-field-label-inline\" for=\"wpforms-48728-field_19_1\">Ich habe die allgemeinen Gesch\u00e4ftsbedingungen gelesen, verstanden und akzeptiere sie.<\/label><\/li><\/ul><div class=\"wpforms-field-description\"><a href=\"\/wp-content\/uploads\/2025\/11\/AGB_SGSV_Akademie.pdf\">Lesen<\/a><\/div><\/div><script>\n\t\t\t\t( function() {\n\t\t\t\t\tconst style = document.createElement( 'style' );\n\t\t\t\t\tstyle.appendChild( document.createTextNode( '#wpforms-48728-field_3-container { position: absolute !important; overflow: hidden !important; display: inline !important; height: 1px !important; width: 1px !important; z-index: -1000 !important; padding: 0 !important; } #wpforms-48728-field_3-container input { visibility: hidden; } #wpforms-conversational-form-page #wpforms-48728-field_3-container label { counter-increment: none; }' ) );\n\t\t\t\t\tdocument.head.appendChild( style );\n\t\t\t\t\tdocument.currentScript?.remove();\n\t\t\t\t} )();\n\t\t\t<\/script><\/div><!-- .wpforms-field-container --><div class=\"wpforms-submit-container\" ><input type=\"hidden\" name=\"wpforms[id]\" value=\"48728\"><input type=\"hidden\" name=\"page_title\" value=\"\"><input type=\"hidden\" name=\"page_url\" value=\"https:\/\/sssh.ch\/it\/wp-json\/wp\/v2\/pages\/48740\"><input type=\"hidden\" name=\"url_referer\" value=\"\"><button type=\"submit\" name=\"wpforms[submit]\" id=\"wpforms-submit-48728\" class=\"wpforms-submit\" data-alt-text=\"Versand...\" data-submit-text=\"Senden\" aria-live=\"assertive\" value=\"wpforms-submit\">Senden<\/button><img decoding=\"async\" src=\"https:\/\/sssh.ch\/wp-content\/plugins\/wpforms\/assets\/images\/submit-spin.svg\" class=\"wpforms-submit-spinner\" style=\"display: none;\" width=\"26\" height=\"26\" alt=\"Caricamento\"><\/div><\/form><\/div>  <!-- .wpforms-container -->","protected":false},"excerpt":{"rendered":"","protected":false},"author":2,"featured_media":0,"parent":0,"menu_order":0,"comment_status":"closed","ping_status":"closed","template":"","meta":{"_acf_changed":false,"site-sidebar-layout":"default","site-content-layout":"","ast-site-content-layout":"default","site-content-style":"default","site-sidebar-style":"default","ast-global-header-display":"","ast-banner-title-visibility":"","ast-main-header-display":"","ast-hfb-above-header-display":"","ast-hfb-below-header-display":"","ast-hfb-mobile-header-display":"","site-post-title":"","ast-breadcrumbs-content":"","ast-featured-img":"","footer-sml-layout":"","theme-transparent-header-meta":"","adv-header-id-meta":"","stick-header-meta":"","header-above-stick-meta":"","header-main-stick-meta":"","header-below-stick-meta":"","astra-migrate-meta-layouts":"default","ast-page-background-enabled":"default","ast-page-background-meta":{"desktop":{"background-color":"","background-image":"","background-repeat":"repeat","background-position":"center center","background-size":"auto","background-attachment":"scroll","background-type":"","background-media":"","overlay-type":"","overlay-color":"","overlay-opacity":"","overlay-gradient":""},"tablet":{"background-color":"","background-image":"","background-repeat":"repeat","background-position":"center center","background-size":"auto","background-attachment":"scroll","background-type":"","background-media":"","overlay-type":"","overlay-color":"","overlay-opacity":"","overlay-gradient":""},"mobile":{"background-color":"","background-image":"","background-repeat":"repeat","background-position":"center center","background-size":"auto","background-attachment":"scroll","background-type":"","background-media":"","overlay-type":"","overlay-color":"","overlay-opacity":"","overlay-gradient":""}},"ast-content-background-meta":{"desktop":{"background-color":"var(--ast-global-color-5)","background-image":"","background-repeat":"repeat","background-position":"center center","background-size":"auto","background-attachment":"scroll","background-type":"","background-media":"","overlay-type":"","overlay-color":"","overlay-opacity":"","overlay-gradient":""},"tablet":{"background-color":"var(--ast-global-color-5)","background-image":"","background-repeat":"repeat","background-position":"center center","background-size":"auto","background-attachment":"scroll","background-type":"","background-media":"","overlay-type":"","overlay-color":"","overlay-opacity":"","overlay-gradient":""},"mobile":{"background-color":"var(--ast-global-color-5)","background-image":"","background-repeat":"repeat","background-position":"center center","background-size":"auto","background-attachment":"scroll","background-type":"","background-media":"","overlay-type":"","overlay-color":"","overlay-opacity":"","overlay-gradient":""}},"footnotes":""},"document_category":[],"pv_category":[],"class_list":["post-48740","page","type-page","status-publish","hentry"],"acf":[],"yoast_head":"<!-- This site is optimized with the Yoast SEO plugin v26.4 - https:\/\/yoast.com\/wordpress\/plugins\/seo\/ -->\n<title>Anmeldung SGSV Akademie (Weiterbildung) - sssh<\/title>\n<meta name=\"robots\" content=\"index, follow, max-snippet:-1, max-image-preview:large, max-video-preview:-1\" \/>\n<link rel=\"canonical\" href=\"https:\/\/sssh.ch\/fr\/anmeldung-sgsv-akademie-weiterbildung\/\" \/>\n<meta property=\"og:locale\" content=\"it_IT\" \/>\n<meta property=\"og:type\" content=\"article\" \/>\n<meta property=\"og:title\" content=\"Anmeldung SGSV Akademie (Weiterbildung) - sssh\" \/>\n<meta property=\"og:url\" content=\"https:\/\/sssh.ch\/fr\/anmeldung-sgsv-akademie-weiterbildung\/\" \/>\n<meta property=\"og:site_name\" content=\"sssh\" \/>\n<meta name=\"twitter:card\" content=\"summary_large_image\" \/>\n<script type=\"application\/ld+json\" class=\"yoast-schema-graph\">{\"@context\":\"https:\/\/schema.org\",\"@graph\":[{\"@type\":\"WebPage\",\"@id\":\"https:\/\/sssh.ch\/fr\/anmeldung-sgsv-akademie-weiterbildung\/\",\"url\":\"https:\/\/sssh.ch\/fr\/anmeldung-sgsv-akademie-weiterbildung\/\",\"name\":\"Anmeldung SGSV Akademie (Weiterbildung) - sssh\",\"isPartOf\":{\"@id\":\"https:\/\/sssh.ch\/fr\/#website\"},\"datePublished\":\"2025-10-28T13:58:19+00:00\",\"breadcrumb\":{\"@id\":\"https:\/\/sssh.ch\/fr\/anmeldung-sgsv-akademie-weiterbildung\/#breadcrumb\"},\"inLanguage\":\"it-IT\",\"potentialAction\":[{\"@type\":\"ReadAction\",\"target\":[\"https:\/\/sssh.ch\/fr\/anmeldung-sgsv-akademie-weiterbildung\/\"]}]},{\"@type\":\"BreadcrumbList\",\"@id\":\"https:\/\/sssh.ch\/fr\/anmeldung-sgsv-akademie-weiterbildung\/#breadcrumb\",\"itemListElement\":[{\"@type\":\"ListItem\",\"position\":1,\"name\":\"SSSH\",\"item\":\"https:\/\/sssh.ch\/fr\/\"},{\"@type\":\"ListItem\",\"position\":2,\"name\":\"Anmeldung SGSV Akademie (Weiterbildung)\"}]},{\"@type\":\"WebSite\",\"@id\":\"https:\/\/sssh.ch\/fr\/#website\",\"url\":\"https:\/\/sssh.ch\/fr\/\",\"name\":\"sssh\",\"description\":\"Soci\u00e9t\u00e9 suisse de st\u00e9rilisation hospitali\u00e8re\",\"publisher\":{\"@id\":\"https:\/\/sssh.ch\/fr\/#organization\"},\"potentialAction\":[{\"@type\":\"SearchAction\",\"target\":{\"@type\":\"EntryPoint\",\"urlTemplate\":\"https:\/\/sssh.ch\/fr\/?s={search_term_string}\"},\"query-input\":{\"@type\":\"PropertyValueSpecification\",\"valueRequired\":true,\"valueName\":\"search_term_string\"}}],\"inLanguage\":\"it-IT\"},{\"@type\":\"Organization\",\"@id\":\"https:\/\/sssh.ch\/fr\/#organization\",\"name\":\"sssh\",\"url\":\"https:\/\/sssh.ch\/fr\/\",\"logo\":{\"@type\":\"ImageObject\",\"inLanguage\":\"it-IT\",\"@id\":\"https:\/\/sssh.ch\/fr\/#\/schema\/logo\/image\/\",\"url\":\"https:\/\/sssh.ch\/wp-content\/uploads\/2021\/09\/cropped-cropped-cropped-cropped-cropped-cropped-cropped-SGSV-SSSH_SSSO_Q_NEUTRE_blanc-768x186-1-1-1.png\",\"contentUrl\":\"https:\/\/sssh.ch\/wp-content\/uploads\/2021\/09\/cropped-cropped-cropped-cropped-cropped-cropped-cropped-SGSV-SSSH_SSSO_Q_NEUTRE_blanc-768x186-1-1-1.png\",\"width\":558,\"height\":186,\"caption\":\"sssh\"},\"image\":{\"@id\":\"https:\/\/sssh.ch\/fr\/#\/schema\/logo\/image\/\"}}]}<\/script>\n<!-- \/ Yoast SEO plugin. -->","yoast_head_json":{"title":"Anmeldung SGSV Akademie (Weiterbildung) - sssh","robots":{"index":"index","follow":"follow","max-snippet":"max-snippet:-1","max-image-preview":"max-image-preview:large","max-video-preview":"max-video-preview:-1"},"canonical":"https:\/\/sssh.ch\/fr\/anmeldung-sgsv-akademie-weiterbildung\/","og_locale":"it_IT","og_type":"article","og_title":"Anmeldung SGSV Akademie (Weiterbildung) - sssh","og_url":"https:\/\/sssh.ch\/fr\/anmeldung-sgsv-akademie-weiterbildung\/","og_site_name":"sssh","twitter_card":"summary_large_image","schema":{"@context":"https:\/\/schema.org","@graph":[{"@type":"WebPage","@id":"https:\/\/sssh.ch\/fr\/anmeldung-sgsv-akademie-weiterbildung\/","url":"https:\/\/sssh.ch\/fr\/anmeldung-sgsv-akademie-weiterbildung\/","name":"Anmeldung SGSV Akademie (Weiterbildung) - sssh","isPartOf":{"@id":"https:\/\/sssh.ch\/fr\/#website"},"datePublished":"2025-10-28T13:58:19+00:00","breadcrumb":{"@id":"https:\/\/sssh.ch\/fr\/anmeldung-sgsv-akademie-weiterbildung\/#breadcrumb"},"inLanguage":"it-IT","potentialAction":[{"@type":"ReadAction","target":["https:\/\/sssh.ch\/fr\/anmeldung-sgsv-akademie-weiterbildung\/"]}]},{"@type":"BreadcrumbList","@id":"https:\/\/sssh.ch\/fr\/anmeldung-sgsv-akademie-weiterbildung\/#breadcrumb","itemListElement":[{"@type":"ListItem","position":1,"name":"SSSH","item":"https:\/\/sssh.ch\/fr\/"},{"@type":"ListItem","position":2,"name":"Anmeldung SGSV Akademie (Weiterbildung)"}]},{"@type":"WebSite","@id":"https:\/\/sssh.ch\/fr\/#website","url":"https:\/\/sssh.ch\/fr\/","name":"sssh","description":"Soci\u00e9t\u00e9 suisse de st\u00e9rilisation hospitali\u00e8re","publisher":{"@id":"https:\/\/sssh.ch\/fr\/#organization"},"potentialAction":[{"@type":"SearchAction","target":{"@type":"EntryPoint","urlTemplate":"https:\/\/sssh.ch\/fr\/?s={search_term_string}"},"query-input":{"@type":"PropertyValueSpecification","valueRequired":true,"valueName":"search_term_string"}}],"inLanguage":"it-IT"},{"@type":"Organization","@id":"https:\/\/sssh.ch\/fr\/#organization","name":"sssh","url":"https:\/\/sssh.ch\/fr\/","logo":{"@type":"ImageObject","inLanguage":"it-IT","@id":"https:\/\/sssh.ch\/fr\/#\/schema\/logo\/image\/","url":"https:\/\/sssh.ch\/wp-content\/uploads\/2021\/09\/cropped-cropped-cropped-cropped-cropped-cropped-cropped-SGSV-SSSH_SSSO_Q_NEUTRE_blanc-768x186-1-1-1.png","contentUrl":"https:\/\/sssh.ch\/wp-content\/uploads\/2021\/09\/cropped-cropped-cropped-cropped-cropped-cropped-cropped-SGSV-SSSH_SSSO_Q_NEUTRE_blanc-768x186-1-1-1.png","width":558,"height":186,"caption":"sssh"},"image":{"@id":"https:\/\/sssh.ch\/fr\/#\/schema\/logo\/image\/"}}]}},"publishpress_future_action":{"enabled":false,"date":"2026-04-12 19:33:25","action":"change-status","newStatus":"draft","terms":[],"taxonomy":"translation_priority","extraData":[]},"publishpress_future_workflow_manual_trigger":{"enabledWorkflows":[]},"_links":{"self":[{"href":"https:\/\/sssh.ch\/it\/wp-json\/wp\/v2\/pages\/48740","targetHints":{"allow":["GET"]}}],"collection":[{"href":"https:\/\/sssh.ch\/it\/wp-json\/wp\/v2\/pages"}],"about":[{"href":"https:\/\/sssh.ch\/it\/wp-json\/wp\/v2\/types\/page"}],"author":[{"embeddable":true,"href":"https:\/\/sssh.ch\/it\/wp-json\/wp\/v2\/users\/2"}],"replies":[{"embeddable":true,"href":"https:\/\/sssh.ch\/it\/wp-json\/wp\/v2\/comments?post=48740"}],"version-history":[{"count":1,"href":"https:\/\/sssh.ch\/it\/wp-json\/wp\/v2\/pages\/48740\/revisions"}],"predecessor-version":[{"id":48741,"href":"https:\/\/sssh.ch\/it\/wp-json\/wp\/v2\/pages\/48740\/revisions\/48741"}],"wp:attachment":[{"href":"https:\/\/sssh.ch\/it\/wp-json\/wp\/v2\/media?parent=48740"}],"wp:term":[{"taxonomy":"document_category","embeddable":true,"href":"https:\/\/sssh.ch\/it\/wp-json\/wp\/v2\/document_category?post=48740"},{"taxonomy":"pv_category","embeddable":true,"href":"https:\/\/sssh.ch\/it\/wp-json\/wp\/v2\/pv_category?post=48740"}],"curies":[{"name":"wp","href":"https:\/\/api.w.org\/{rel}","templated":true}]}}