{"id":42679,"date":"2023-02-20T09:26:59","date_gmt":"2023-02-20T08:26:59","guid":{"rendered":"https:\/\/www.sssh.ch\/prezzi-degli-annunci\/"},"modified":"2025-01-10T11:56:35","modified_gmt":"2025-01-10T10:56:35","slug":"prezzi-degli-annunci","status":"publish","type":"page","link":"https:\/\/sssh.ch\/it\/prezzi-degli-annunci\/","title":{"rendered":"Prezzi degli annunci"},"content":{"rendered":"\t\t<div data-elementor-type=\"wp-page\" data-elementor-id=\"42679\" class=\"elementor elementor-42679 elementor-38254\" data-elementor-post-type=\"page\">\n\t\t\t\t\t\t<section class=\"elementor-section elementor-top-section elementor-element elementor-element-d81f201 elementor-section-boxed elementor-section-height-default elementor-section-height-default\" data-id=\"d81f201\" data-element_type=\"section\">\n\t\t\t\t\t\t<div class=\"elementor-container elementor-column-gap-default\">\n\t\t\t\t\t<div class=\"elementor-column elementor-col-50 elementor-top-column elementor-element elementor-element-57670b0\" data-id=\"57670b0\" data-element_type=\"column\">\n\t\t\t<div class=\"elementor-widget-wrap elementor-element-populated\">\n\t\t\t\t\t\t<div class=\"elementor-element elementor-element-f777019 elementor-widget elementor-widget-image\" data-id=\"f777019\" data-element_type=\"widget\" data-widget_type=\"image.default\">\n\t\t\t\t<div class=\"elementor-widget-container\">\n\t\t\t\t\t\t\t\t\t\t\t\t\t\t\t\t<a href=\"\/wp-content\/uploads\/2025\/01\/Prix_commande_annonces_online_2025_F_form.pdf\" target=\"_blank\">\n\t\t\t\t\t\t\t<img fetchpriority=\"high\" decoding=\"async\" width=\"724\" height=\"1024\" src=\"https:\/\/sssh.ch\/wp-content\/uploads\/2025\/01\/Prix_commande_annonces_online_2025_F-2-724x1024.jpg\" class=\"attachment-large size-large wp-image-46752\" alt=\"\" srcset=\"https:\/\/sssh.ch\/wp-content\/uploads\/2025\/01\/Prix_commande_annonces_online_2025_F-2-724x1024.jpg 724w, https:\/\/sssh.ch\/wp-content\/uploads\/2025\/01\/Prix_commande_annonces_online_2025_F-2-212x300.jpg 212w, https:\/\/sssh.ch\/wp-content\/uploads\/2025\/01\/Prix_commande_annonces_online_2025_F-2-768x1086.jpg 768w, https:\/\/sssh.ch\/wp-content\/uploads\/2025\/01\/Prix_commande_annonces_online_2025_F-2-1086x1536.jpg 1086w, https:\/\/sssh.ch\/wp-content\/uploads\/2025\/01\/Prix_commande_annonces_online_2025_F-2-1448x2048.jpg 1448w, https:\/\/sssh.ch\/wp-content\/uploads\/2025\/01\/Prix_commande_annonces_online_2025_F-2-scaled.jpg 1810w\" sizes=\"(max-width: 724px) 100vw, 724px\" \/>\t\t\t\t\t\t\t\t<\/a>\n\t\t\t\t\t\t\t\t\t\t\t\t\t\t\t<\/div>\n\t\t\t\t<\/div>\n\t\t\t\t\t<\/div>\n\t\t<\/div>\n\t\t\t\t<div class=\"elementor-column elementor-col-50 elementor-top-column elementor-element elementor-element-cd8916b\" data-id=\"cd8916b\" data-element_type=\"column\">\n\t\t\t<div class=\"elementor-widget-wrap\">\n\t\t\t\t\t\t\t<\/div>\n\t\t<\/div>\n\t\t\t\t\t<\/div>\n\t\t<\/section>\n\t\t\t\t<\/div>\n\t\t","protected":false},"excerpt":{"rendered":"","protected":false},"author":2,"featured_media":0,"parent":0,"menu_order":0,"comment_status":"closed","ping_status":"closed","template":"","meta":{"_acf_changed":false,"site-sidebar-layout":"no-sidebar","site-content-layout":"page-builder","ast-site-content-layout":"default","site-content-style":"default","site-sidebar-style":"default","ast-global-header-display":"","ast-banner-title-visibility":"","ast-main-header-display":"","ast-hfb-above-header-display":"","ast-hfb-below-header-display":"","ast-hfb-mobile-header-display":"","site-post-title":"disabled","ast-breadcrumbs-content":"","ast-featured-img":"disabled","footer-sml-layout":"","theme-transparent-header-meta":"default","adv-header-id-meta":"","stick-header-meta":"default","header-above-stick-meta":"","header-main-stick-meta":"","header-below-stick-meta":"","astra-migrate-meta-layouts":"default","ast-page-background-enabled":"default","ast-page-background-meta":{"desktop":{"background-color":"","background-image":"","background-repeat":"repeat","background-position":"center center","background-size":"auto","background-attachment":"scroll","background-type":"","background-media":"","overlay-type":"","overlay-color":"","overlay-opacity":"","overlay-gradient":""},"tablet":{"background-color":"","background-image":"","background-repeat":"repeat","background-position":"center center","background-size":"auto","background-attachment":"scroll","background-type":"","background-media":"","overlay-type":"","overlay-color":"","overlay-opacity":"","overlay-gradient":""},"mobile":{"background-color":"","background-image":"","background-repeat":"repeat","background-position":"center center","background-size":"auto","background-attachment":"scroll","background-type":"","background-media":"","overlay-type":"","overlay-color":"","overlay-opacity":"","overlay-gradient":""}},"ast-content-background-meta":{"desktop":{"background-color":"var(--ast-global-color-5)","background-image":"","background-repeat":"repeat","background-position":"center center","background-size":"auto","background-attachment":"scroll","background-type":"","background-media":"","overlay-type":"","overlay-color":"","overlay-opacity":"","overlay-gradient":""},"tablet":{"background-color":"var(--ast-global-color-5)","background-image":"","background-repeat":"repeat","background-position":"center center","background-size":"auto","background-attachment":"scroll","background-type":"","background-media":"","overlay-type":"","overlay-color":"","overlay-opacity":"","overlay-gradient":""},"mobile":{"background-color":"var(--ast-global-color-5)","background-image":"","background-repeat":"repeat","background-position":"center center","background-size":"auto","background-attachment":"scroll","background-type":"","background-media":"","overlay-type":"","overlay-color":"","overlay-opacity":"","overlay-gradient":""}},"footnotes":""},"document_category":[],"pv_category":[],"class_list":["post-42679","page","type-page","status-publish","hentry"],"acf":[],"yoast_head":"<!-- This site is optimized with the Yoast SEO plugin v26.4 - https:\/\/yoast.com\/wordpress\/plugins\/seo\/ -->\n<title>Prezzi degli annunci - sssh<\/title>\n<meta name=\"robots\" content=\"index, follow, max-snippet:-1, max-image-preview:large, max-video-preview:-1\" \/>\n<link rel=\"canonical\" href=\"https:\/\/sssh.ch\/it\/prezzi-degli-annunci\/\" \/>\n<meta property=\"og:locale\" content=\"it_IT\" \/>\n<meta property=\"og:type\" content=\"article\" \/>\n<meta property=\"og:title\" content=\"Prezzi degli annunci - sssh\" \/>\n<meta property=\"og:url\" content=\"https:\/\/sssh.ch\/it\/prezzi-degli-annunci\/\" \/>\n<meta property=\"og:site_name\" content=\"sssh\" \/>\n<meta property=\"article:modified_time\" content=\"2025-01-10T10:56:35+00:00\" \/>\n<meta property=\"og:image\" content=\"https:\/\/www.sssh.ch\/wp-content\/uploads\/2025\/01\/Prix_commande_annonces_online_2025_F-2-724x1024.jpg\" \/>\n<meta name=\"twitter:card\" content=\"summary_large_image\" \/>\n<meta name=\"twitter:label1\" content=\"Tempo di lettura stimato\" \/>\n\t<meta name=\"twitter:data1\" content=\"1 minuto\" \/>\n<script type=\"application\/ld+json\" class=\"yoast-schema-graph\">{\"@context\":\"https:\/\/schema.org\",\"@graph\":[{\"@type\":\"WebPage\",\"@id\":\"https:\/\/sssh.ch\/it\/prezzi-degli-annunci\/\",\"url\":\"https:\/\/sssh.ch\/it\/prezzi-degli-annunci\/\",\"name\":\"Prezzi degli annunci - sssh\",\"isPartOf\":{\"@id\":\"https:\/\/sssh.ch\/fr\/#website\"},\"primaryImageOfPage\":{\"@id\":\"https:\/\/sssh.ch\/it\/prezzi-degli-annunci\/#primaryimage\"},\"image\":{\"@id\":\"https:\/\/sssh.ch\/it\/prezzi-degli-annunci\/#primaryimage\"},\"thumbnailUrl\":\"https:\/\/www.sssh.ch\/wp-content\/uploads\/2025\/01\/Prix_commande_annonces_online_2025_F-2-724x1024.jpg\",\"datePublished\":\"2023-02-20T08:26:59+00:00\",\"dateModified\":\"2025-01-10T10:56:35+00:00\",\"breadcrumb\":{\"@id\":\"https:\/\/sssh.ch\/it\/prezzi-degli-annunci\/#breadcrumb\"},\"inLanguage\":\"it-IT\",\"potentialAction\":[{\"@type\":\"ReadAction\",\"target\":[\"https:\/\/sssh.ch\/it\/prezzi-degli-annunci\/\"]}]},{\"@type\":\"ImageObject\",\"inLanguage\":\"it-IT\",\"@id\":\"https:\/\/sssh.ch\/it\/prezzi-degli-annunci\/#primaryimage\",\"url\":\"https:\/\/www.sssh.ch\/wp-content\/uploads\/2025\/01\/Prix_commande_annonces_online_2025_F-2-724x1024.jpg\",\"contentUrl\":\"https:\/\/www.sssh.ch\/wp-content\/uploads\/2025\/01\/Prix_commande_annonces_online_2025_F-2-724x1024.jpg\"},{\"@type\":\"BreadcrumbList\",\"@id\":\"https:\/\/sssh.ch\/it\/prezzi-degli-annunci\/#breadcrumb\",\"itemListElement\":[{\"@type\":\"ListItem\",\"position\":1,\"name\":\"SSSH\",\"item\":\"https:\/\/sssh.ch\/fr\/\"},{\"@type\":\"ListItem\",\"position\":2,\"name\":\"Prezzi degli annunci\"}]},{\"@type\":\"WebSite\",\"@id\":\"https:\/\/sssh.ch\/fr\/#website\",\"url\":\"https:\/\/sssh.ch\/fr\/\",\"name\":\"sssh\",\"description\":\"Soci\u00e9t\u00e9 suisse de st\u00e9rilisation hospitali\u00e8re\",\"publisher\":{\"@id\":\"https:\/\/sssh.ch\/fr\/#organization\"},\"potentialAction\":[{\"@type\":\"SearchAction\",\"target\":{\"@type\":\"EntryPoint\",\"urlTemplate\":\"https:\/\/sssh.ch\/fr\/?s={search_term_string}\"},\"query-input\":{\"@type\":\"PropertyValueSpecification\",\"valueRequired\":true,\"valueName\":\"search_term_string\"}}],\"inLanguage\":\"it-IT\"},{\"@type\":\"Organization\",\"@id\":\"https:\/\/sssh.ch\/fr\/#organization\",\"name\":\"sssh\",\"url\":\"https:\/\/sssh.ch\/fr\/\",\"logo\":{\"@type\":\"ImageObject\",\"inLanguage\":\"it-IT\",\"@id\":\"https:\/\/sssh.ch\/fr\/#\/schema\/logo\/image\/\",\"url\":\"https:\/\/sssh.ch\/wp-content\/uploads\/2021\/09\/cropped-cropped-cropped-cropped-cropped-cropped-cropped-SGSV-SSSH_SSSO_Q_NEUTRE_blanc-768x186-1-1-1.png\",\"contentUrl\":\"https:\/\/sssh.ch\/wp-content\/uploads\/2021\/09\/cropped-cropped-cropped-cropped-cropped-cropped-cropped-SGSV-SSSH_SSSO_Q_NEUTRE_blanc-768x186-1-1-1.png\",\"width\":558,\"height\":186,\"caption\":\"sssh\"},\"image\":{\"@id\":\"https:\/\/sssh.ch\/fr\/#\/schema\/logo\/image\/\"}}]}<\/script>\n<!-- \/ Yoast SEO plugin. -->","yoast_head_json":{"title":"Prezzi degli annunci - sssh","robots":{"index":"index","follow":"follow","max-snippet":"max-snippet:-1","max-image-preview":"max-image-preview:large","max-video-preview":"max-video-preview:-1"},"canonical":"https:\/\/sssh.ch\/it\/prezzi-degli-annunci\/","og_locale":"it_IT","og_type":"article","og_title":"Prezzi degli annunci - sssh","og_url":"https:\/\/sssh.ch\/it\/prezzi-degli-annunci\/","og_site_name":"sssh","article_modified_time":"2025-01-10T10:56:35+00:00","og_image":[{"url":"https:\/\/www.sssh.ch\/wp-content\/uploads\/2025\/01\/Prix_commande_annonces_online_2025_F-2-724x1024.jpg","type":"","width":"","height":""}],"twitter_card":"summary_large_image","twitter_misc":{"Tempo di lettura stimato":"1 minuto"},"schema":{"@context":"https:\/\/schema.org","@graph":[{"@type":"WebPage","@id":"https:\/\/sssh.ch\/it\/prezzi-degli-annunci\/","url":"https:\/\/sssh.ch\/it\/prezzi-degli-annunci\/","name":"Prezzi degli annunci - sssh","isPartOf":{"@id":"https:\/\/sssh.ch\/fr\/#website"},"primaryImageOfPage":{"@id":"https:\/\/sssh.ch\/it\/prezzi-degli-annunci\/#primaryimage"},"image":{"@id":"https:\/\/sssh.ch\/it\/prezzi-degli-annunci\/#primaryimage"},"thumbnailUrl":"https:\/\/www.sssh.ch\/wp-content\/uploads\/2025\/01\/Prix_commande_annonces_online_2025_F-2-724x1024.jpg","datePublished":"2023-02-20T08:26:59+00:00","dateModified":"2025-01-10T10:56:35+00:00","breadcrumb":{"@id":"https:\/\/sssh.ch\/it\/prezzi-degli-annunci\/#breadcrumb"},"inLanguage":"it-IT","potentialAction":[{"@type":"ReadAction","target":["https:\/\/sssh.ch\/it\/prezzi-degli-annunci\/"]}]},{"@type":"ImageObject","inLanguage":"it-IT","@id":"https:\/\/sssh.ch\/it\/prezzi-degli-annunci\/#primaryimage","url":"https:\/\/www.sssh.ch\/wp-content\/uploads\/2025\/01\/Prix_commande_annonces_online_2025_F-2-724x1024.jpg","contentUrl":"https:\/\/www.sssh.ch\/wp-content\/uploads\/2025\/01\/Prix_commande_annonces_online_2025_F-2-724x1024.jpg"},{"@type":"BreadcrumbList","@id":"https:\/\/sssh.ch\/it\/prezzi-degli-annunci\/#breadcrumb","itemListElement":[{"@type":"ListItem","position":1,"name":"SSSH","item":"https:\/\/sssh.ch\/fr\/"},{"@type":"ListItem","position":2,"name":"Prezzi degli annunci"}]},{"@type":"WebSite","@id":"https:\/\/sssh.ch\/fr\/#website","url":"https:\/\/sssh.ch\/fr\/","name":"sssh","description":"Soci\u00e9t\u00e9 suisse de st\u00e9rilisation hospitali\u00e8re","publisher":{"@id":"https:\/\/sssh.ch\/fr\/#organization"},"potentialAction":[{"@type":"SearchAction","target":{"@type":"EntryPoint","urlTemplate":"https:\/\/sssh.ch\/fr\/?s={search_term_string}"},"query-input":{"@type":"PropertyValueSpecification","valueRequired":true,"valueName":"search_term_string"}}],"inLanguage":"it-IT"},{"@type":"Organization","@id":"https:\/\/sssh.ch\/fr\/#organization","name":"sssh","url":"https:\/\/sssh.ch\/fr\/","logo":{"@type":"ImageObject","inLanguage":"it-IT","@id":"https:\/\/sssh.ch\/fr\/#\/schema\/logo\/image\/","url":"https:\/\/sssh.ch\/wp-content\/uploads\/2021\/09\/cropped-cropped-cropped-cropped-cropped-cropped-cropped-SGSV-SSSH_SSSO_Q_NEUTRE_blanc-768x186-1-1-1.png","contentUrl":"https:\/\/sssh.ch\/wp-content\/uploads\/2021\/09\/cropped-cropped-cropped-cropped-cropped-cropped-cropped-SGSV-SSSH_SSSO_Q_NEUTRE_blanc-768x186-1-1-1.png","width":558,"height":186,"caption":"sssh"},"image":{"@id":"https:\/\/sssh.ch\/fr\/#\/schema\/logo\/image\/"}}]}},"publishpress_future_action":{"enabled":false,"date":"2026-04-12 02:59:49","action":"change-status","newStatus":"draft","terms":[],"taxonomy":"translation_priority","extraData":[]},"publishpress_future_workflow_manual_trigger":{"enabledWorkflows":[]},"_links":{"self":[{"href":"https:\/\/sssh.ch\/it\/wp-json\/wp\/v2\/pages\/42679","targetHints":{"allow":["GET"]}}],"collection":[{"href":"https:\/\/sssh.ch\/it\/wp-json\/wp\/v2\/pages"}],"about":[{"href":"https:\/\/sssh.ch\/it\/wp-json\/wp\/v2\/types\/page"}],"author":[{"embeddable":true,"href":"https:\/\/sssh.ch\/it\/wp-json\/wp\/v2\/users\/2"}],"replies":[{"embeddable":true,"href":"https:\/\/sssh.ch\/it\/wp-json\/wp\/v2\/comments?post=42679"}],"version-history":[{"count":11,"href":"https:\/\/sssh.ch\/it\/wp-json\/wp\/v2\/pages\/42679\/revisions"}],"predecessor-version":[{"id":46758,"href":"https:\/\/sssh.ch\/it\/wp-json\/wp\/v2\/pages\/42679\/revisions\/46758"}],"wp:attachment":[{"href":"https:\/\/sssh.ch\/it\/wp-json\/wp\/v2\/media?parent=42679"}],"wp:term":[{"taxonomy":"document_category","embeddable":true,"href":"https:\/\/sssh.ch\/it\/wp-json\/wp\/v2\/document_category?post=42679"},{"taxonomy":"pv_category","embeddable":true,"href":"https:\/\/sssh.ch\/it\/wp-json\/wp\/v2\/pv_category?post=42679"}],"curies":[{"name":"wp","href":"https:\/\/api.w.org\/{rel}","templated":true}]}}