{"id":26550,"date":"2021-10-19T17:26:24","date_gmt":"2021-10-19T15:26:24","guid":{"rendered":"https:\/\/www.sssh.ch\/contattaci\/"},"modified":"2021-10-19T17:26:25","modified_gmt":"2021-10-19T15:26:25","slug":"contattaci","status":"publish","type":"page","link":"https:\/\/sssh.ch\/it\/contattaci\/","title":{"rendered":"Contattaci"},"content":{"rendered":"\t\t<div data-elementor-type=\"wp-page\" data-elementor-id=\"26550\" class=\"elementor elementor-26550 elementor-25561\" data-elementor-post-type=\"page\">\n\t\t\t\t\t\t<section class=\"elementor-section elementor-top-section elementor-element elementor-element-dedd164 elementor-section-boxed elementor-section-height-default elementor-section-height-default\" data-id=\"dedd164\" data-element_type=\"section\" data-e-type=\"section\" data-settings=\"{&quot;background_background&quot;:&quot;classic&quot;}\">\n\t\t\t\t\t\t\t<div class=\"elementor-background-overlay\"><\/div>\n\t\t\t\t\t\t\t<div class=\"elementor-container elementor-column-gap-default\">\n\t\t\t\t\t<div class=\"elementor-column elementor-col-100 elementor-top-column elementor-element elementor-element-5c89fd0\" data-id=\"5c89fd0\" data-element_type=\"column\" data-e-type=\"column\">\n\t\t\t<div class=\"elementor-widget-wrap elementor-element-populated\">\n\t\t\t\t\t\t<section class=\"elementor-section elementor-inner-section elementor-element elementor-element-287f753 elementor-section-boxed elementor-section-height-default elementor-section-height-default\" data-id=\"287f753\" data-element_type=\"section\" data-e-type=\"section\">\n\t\t\t\t\t\t<div class=\"elementor-container elementor-column-gap-default\">\n\t\t\t\t\t<div class=\"elementor-column elementor-col-50 elementor-inner-column elementor-element elementor-element-d7151ec\" data-id=\"d7151ec\" data-element_type=\"column\" data-e-type=\"column\">\n\t\t\t<div class=\"elementor-widget-wrap elementor-element-populated\">\n\t\t\t\t\t\t<div class=\"elementor-element elementor-element-9063e1d elementor-widget elementor-widget-heading\" data-id=\"9063e1d\" data-element_type=\"widget\" data-e-type=\"widget\" data-widget_type=\"heading.default\">\n\t\t\t\t<div class=\"elementor-widget-container\">\n\t\t\t\t\t<h1 class=\"elementor-heading-title elementor-size-default\">Formulaire de contact<\/h1>\t\t\t\t<\/div>\n\t\t\t\t<\/div>\n\t\t\t\t\t<\/div>\n\t\t<\/div>\n\t\t\t\t<div class=\"elementor-column elementor-col-50 elementor-inner-column elementor-element elementor-element-bdd7e7e\" data-id=\"bdd7e7e\" data-element_type=\"column\" data-e-type=\"column\">\n\t\t\t<div class=\"elementor-widget-wrap\">\n\t\t\t\t\t\t\t<\/div>\n\t\t<\/div>\n\t\t\t\t\t<\/div>\n\t\t<\/section>\n\t\t\t\t\t<\/div>\n\t\t<\/div>\n\t\t\t\t\t<\/div>\n\t\t<\/section>\n\t\t\t\t<section class=\"elementor-section elementor-top-section elementor-element elementor-element-2a545a0 elementor-section-boxed elementor-section-height-default elementor-section-height-default\" data-id=\"2a545a0\" data-element_type=\"section\" data-e-type=\"section\">\n\t\t\t\t\t\t<div class=\"elementor-container elementor-column-gap-default\">\n\t\t\t\t\t<div class=\"elementor-column elementor-col-100 elementor-top-column elementor-element elementor-element-48c4543\" data-id=\"48c4543\" data-element_type=\"column\" data-e-type=\"column\">\n\t\t\t<div class=\"elementor-widget-wrap elementor-element-populated\">\n\t\t\t\t\t\t<div class=\"elementor-element elementor-element-862a596 elementor-widget elementor-widget-wp-widget-wpforms-widget\" data-id=\"862a596\" data-element_type=\"widget\" data-e-type=\"widget\" data-widget_type=\"wp-widget-wpforms-widget.default\">\n\t\t\t\t<div class=\"elementor-widget-container\">\n\t\t\t\t\t<div class=\"wpforms-container \" id=\"wpforms-5\"><form id=\"wpforms-form-5\" class=\"wpforms-validate wpforms-form\" data-formid=\"5\" method=\"post\" enctype=\"multipart\/form-data\" action=\"\/it\/wp-json\/wp\/v2\/pages\/26550\" data-token=\"9693ebbb048612682239c9d378f8b6b5\" data-token-time=\"1776595779\"><noscript class=\"wpforms-error-noscript\">Abilita JavaScript nel browser per completare questo modulo.<\/noscript><div class=\"wpforms-field-container\"><div id=\"wpforms-5-field_0-container\" class=\"wpforms-field wpforms-field-name\" data-field-id=\"0\"><label class=\"wpforms-field-label\" for=\"wpforms-5-field_0\">Nom <span class=\"wpforms-required-label\">*<\/span><\/label><input type=\"text\" id=\"wpforms-5-field_0\" class=\"wpforms-field-medium wpforms-field-required\" name=\"wpforms[fields][0]\" required><\/div><div id=\"wpforms-5-field_12-container\" class=\"wpforms-field wpforms-field-name\" data-field-id=\"12\"><label class=\"wpforms-field-label\" for=\"wpforms-5-field_12\">Pr\u00e9nom <span class=\"wpforms-required-label\">*<\/span><\/label><input type=\"text\" id=\"wpforms-5-field_12\" class=\"wpforms-field-medium wpforms-field-required\" name=\"wpforms[fields][12]\" required><\/div><div id=\"wpforms-5-field_9-container\" class=\"wpforms-field wpforms-field-text\" data-field-id=\"9\"><label class=\"wpforms-field-label\" for=\"wpforms-5-field_9\">Email <span class=\"wpforms-required-label\">*<\/span><\/label><input type=\"text\" id=\"wpforms-5-field_9\" class=\"wpforms-field-medium wpforms-field-required\" name=\"wpforms[fields][9]\" required><\/div><div id=\"wpforms-5-field_14-container\" class=\"wpforms-field wpforms-field-text\" data-field-id=\"14\"><label class=\"wpforms-field-label\" for=\"wpforms-5-field_14\">Adresse<\/label><input type=\"text\" id=\"wpforms-5-field_14\" class=\"wpforms-field-medium\" name=\"wpforms[fields][14]\" ><\/div><div id=\"wpforms-5-field_15-container\" class=\"wpforms-field wpforms-field-text\" data-field-id=\"15\"><label class=\"wpforms-field-label\" for=\"wpforms-5-field_15\">N\u00b0 postal<\/label><input type=\"text\" id=\"wpforms-5-field_15\" class=\"wpforms-field-medium\" name=\"wpforms[fields][15]\" ><\/div><div id=\"wpforms-5-field_16-container\" class=\"wpforms-field wpforms-field-text\" data-field-id=\"16\"><label class=\"wpforms-field-label\" for=\"wpforms-5-field_16\">Localit\u00e9<\/label><input type=\"text\" id=\"wpforms-5-field_16\" class=\"wpforms-field-medium\" name=\"wpforms[fields][16]\" ><\/div><div id=\"wpforms-5-field_11-container\" class=\"wpforms-field wpforms-field-textarea\" data-field-id=\"11\"><label class=\"wpforms-field-label\" for=\"wpforms-5-field_11\">Message<\/label><textarea id=\"wpforms-5-field_11\" class=\"wpforms-field-medium\" name=\"wpforms[fields][11]\" ><\/textarea><\/div><div id=\"wpforms-5-field_17-container\" class=\"wpforms-field wpforms-field-gdpr-checkbox\" data-field-id=\"17\"><label class=\"wpforms-field-label wpforms-label-hide\">GDPR Agreement <span class=\"wpforms-required-label\">*<\/span><\/label><ul id=\"wpforms-5-field_17\" class=\"wpforms-field-required\"><li class=\"choice-1\"><input type=\"checkbox\" id=\"wpforms-5-field_17_1\" name=\"wpforms[fields][17][]\" value=\"Je consens au traitement de mes donn\u00e9es selon la &lt;a href=&quot;https:\/\/www.sssh.ch\/fr\/politique-de-confidentialite\/&quot; target=&quot;_blank&quot;&gt;Politique de confidentialit\u00e9&lt;\/a&gt;\" required ><label class=\"wpforms-field-label-inline\" for=\"wpforms-5-field_17_1\">Je consens au traitement de mes donn\u00e9es selon la <a href=\"https:\/\/www.sssh.ch\/fr\/politique-de-confidentialite\/\" target=\"_blank\">Politique de confidentialit\u00e9<\/a> <span class=\"wpforms-required-label\">*<\/span><\/label><\/li><\/ul><\/div><\/div><!-- .wpforms-field-container --><div class=\"wpforms-field wpforms-field-hp\"><label for=\"wpforms-5-field-hp\" class=\"wpforms-field-label\">Message<\/label><input type=\"text\" name=\"wpforms[hp]\" id=\"wpforms-5-field-hp\" class=\"wpforms-field-medium\"><\/div><div class=\"wpforms-submit-container\" ><input type=\"hidden\" name=\"wpforms[id]\" value=\"5\"><input type=\"hidden\" name=\"page_title\" value=\"\"><input type=\"hidden\" name=\"page_url\" value=\"https:\/\/sssh.ch\/it\/wp-json\/wp\/v2\/pages\/26550\"><input type=\"hidden\" name=\"url_referer\" value=\"\"><button type=\"submit\" name=\"wpforms[submit]\" id=\"wpforms-submit-5\" class=\"wpforms-submit\" data-alt-text=\"Entrain d&#039;envoyer\" data-submit-text=\"Envoyer contact!\" aria-live=\"assertive\" value=\"wpforms-submit\">Envoyer contact!<\/button><\/div><\/form><\/div>  <!-- .wpforms-container -->\t\t\t\t<\/div>\n\t\t\t\t<\/div>\n\t\t\t\t\t<\/div>\n\t\t<\/div>\n\t\t\t\t\t<\/div>\n\t\t<\/section>\n\t\t\t\t<\/div>\n\t\t","protected":false},"excerpt":{"rendered":"","protected":false},"author":1,"featured_media":0,"parent":0,"menu_order":0,"comment_status":"closed","ping_status":"closed","template":"","meta":{"_acf_changed":false,"site-sidebar-layout":"no-sidebar","site-content-layout":"page-builder","ast-site-content-layout":"default","site-content-style":"default","site-sidebar-style":"default","ast-global-header-display":"","ast-banner-title-visibility":"","ast-main-header-display":"","ast-hfb-above-header-display":"","ast-hfb-below-header-display":"","ast-hfb-mobile-header-display":"","site-post-title":"disabled","ast-breadcrumbs-content":"","ast-featured-img":"disabled","footer-sml-layout":"","ast-disable-related-posts":"","theme-transparent-header-meta":"default","adv-header-id-meta":"","stick-header-meta":"default","header-above-stick-meta":"","header-main-stick-meta":"","header-below-stick-meta":"","astra-migrate-meta-layouts":"default","ast-page-background-enabled":"default","ast-page-background-meta":{"desktop":{"background-color":"","background-image":"","background-repeat":"repeat","background-position":"center center","background-size":"auto","background-attachment":"scroll","background-type":"","background-media":"","overlay-type":"","overlay-color":"","overlay-opacity":"","overlay-gradient":""},"tablet":{"background-color":"","background-image":"","background-repeat":"repeat","background-position":"center center","background-size":"auto","background-attachment":"scroll","background-type":"","background-media":"","overlay-type":"","overlay-color":"","overlay-opacity":"","overlay-gradient":""},"mobile":{"background-color":"","background-image":"","background-repeat":"repeat","background-position":"center center","background-size":"auto","background-attachment":"scroll","background-type":"","background-media":"","overlay-type":"","overlay-color":"","overlay-opacity":"","overlay-gradient":""}},"ast-content-background-meta":{"desktop":{"background-color":"var(--ast-global-color-5)","background-image":"","background-repeat":"repeat","background-position":"center center","background-size":"auto","background-attachment":"scroll","background-type":"","background-media":"","overlay-type":"","overlay-color":"","overlay-opacity":"","overlay-gradient":""},"tablet":{"background-color":"var(--ast-global-color-5)","background-image":"","background-repeat":"repeat","background-position":"center center","background-size":"auto","background-attachment":"scroll","background-type":"","background-media":"","overlay-type":"","overlay-color":"","overlay-opacity":"","overlay-gradient":""},"mobile":{"background-color":"var(--ast-global-color-5)","background-image":"","background-repeat":"repeat","background-position":"center center","background-size":"auto","background-attachment":"scroll","background-type":"","background-media":"","overlay-type":"","overlay-color":"","overlay-opacity":"","overlay-gradient":""}},"footnotes":""},"document_category":[],"pv_category":[],"class_list":["post-26550","page","type-page","status-publish","hentry"],"acf":[],"yoast_head":"<!-- This site is optimized with the Yoast SEO plugin v27.4 - https:\/\/yoast.com\/product\/yoast-seo-wordpress\/ -->\n<title>Contattaci - sssh<\/title>\n<meta name=\"robots\" content=\"index, follow, max-snippet:-1, max-image-preview:large, max-video-preview:-1\" \/>\n<link rel=\"canonical\" href=\"https:\/\/sssh.ch\/it\/contattaci\/\" \/>\n<meta property=\"og:locale\" content=\"it_IT\" \/>\n<meta property=\"og:type\" content=\"article\" \/>\n<meta property=\"og:title\" content=\"Contattaci - sssh\" \/>\n<meta property=\"og:url\" content=\"https:\/\/sssh.ch\/it\/contattaci\/\" \/>\n<meta property=\"og:site_name\" content=\"sssh\" \/>\n<meta property=\"article:modified_time\" content=\"2021-10-19T15:26:25+00:00\" \/>\n<meta name=\"twitter:card\" content=\"summary_large_image\" \/>\n<script type=\"application\/ld+json\" class=\"yoast-schema-graph\">{\"@context\":\"https:\\\/\\\/schema.org\",\"@graph\":[{\"@type\":\"WebPage\",\"@id\":\"https:\\\/\\\/sssh.ch\\\/it\\\/contattaci\\\/\",\"url\":\"https:\\\/\\\/sssh.ch\\\/it\\\/contattaci\\\/\",\"name\":\"Contattaci - sssh\",\"isPartOf\":{\"@id\":\"https:\\\/\\\/sssh.ch\\\/fr\\\/#website\"},\"datePublished\":\"2021-10-19T15:26:24+00:00\",\"dateModified\":\"2021-10-19T15:26:25+00:00\",\"breadcrumb\":{\"@id\":\"https:\\\/\\\/sssh.ch\\\/it\\\/contattaci\\\/#breadcrumb\"},\"inLanguage\":\"it-IT\",\"potentialAction\":[{\"@type\":\"ReadAction\",\"target\":[\"https:\\\/\\\/sssh.ch\\\/it\\\/contattaci\\\/\"]}]},{\"@type\":\"BreadcrumbList\",\"@id\":\"https:\\\/\\\/sssh.ch\\\/it\\\/contattaci\\\/#breadcrumb\",\"itemListElement\":[{\"@type\":\"ListItem\",\"position\":1,\"name\":\"SSSH\",\"item\":\"https:\\\/\\\/sssh.ch\\\/fr\\\/\"},{\"@type\":\"ListItem\",\"position\":2,\"name\":\"Contattaci\"}]},{\"@type\":\"WebSite\",\"@id\":\"https:\\\/\\\/sssh.ch\\\/fr\\\/#website\",\"url\":\"https:\\\/\\\/sssh.ch\\\/fr\\\/\",\"name\":\"sssh\",\"description\":\"Soci\u00e9t\u00e9 suisse de st\u00e9rilisation hospitali\u00e8re\",\"publisher\":{\"@id\":\"https:\\\/\\\/sssh.ch\\\/fr\\\/#organization\"},\"potentialAction\":[{\"@type\":\"SearchAction\",\"target\":{\"@type\":\"EntryPoint\",\"urlTemplate\":\"https:\\\/\\\/sssh.ch\\\/fr\\\/?s={search_term_string}\"},\"query-input\":{\"@type\":\"PropertyValueSpecification\",\"valueRequired\":true,\"valueName\":\"search_term_string\"}}],\"inLanguage\":\"it-IT\"},{\"@type\":\"Organization\",\"@id\":\"https:\\\/\\\/sssh.ch\\\/fr\\\/#organization\",\"name\":\"sssh\",\"url\":\"https:\\\/\\\/sssh.ch\\\/fr\\\/\",\"logo\":{\"@type\":\"ImageObject\",\"inLanguage\":\"it-IT\",\"@id\":\"https:\\\/\\\/sssh.ch\\\/fr\\\/#\\\/schema\\\/logo\\\/image\\\/\",\"url\":\"https:\\\/\\\/sssh.ch\\\/wp-content\\\/uploads\\\/2021\\\/09\\\/cropped-cropped-cropped-cropped-cropped-cropped-cropped-SGSV-SSSH_SSSO_Q_NEUTRE_blanc-768x186-1-1-1.png\",\"contentUrl\":\"https:\\\/\\\/sssh.ch\\\/wp-content\\\/uploads\\\/2021\\\/09\\\/cropped-cropped-cropped-cropped-cropped-cropped-cropped-SGSV-SSSH_SSSO_Q_NEUTRE_blanc-768x186-1-1-1.png\",\"width\":558,\"height\":186,\"caption\":\"sssh\"},\"image\":{\"@id\":\"https:\\\/\\\/sssh.ch\\\/fr\\\/#\\\/schema\\\/logo\\\/image\\\/\"}}]}<\/script>\n<!-- \/ Yoast SEO plugin. -->","yoast_head_json":{"title":"Contattaci - sssh","robots":{"index":"index","follow":"follow","max-snippet":"max-snippet:-1","max-image-preview":"max-image-preview:large","max-video-preview":"max-video-preview:-1"},"canonical":"https:\/\/sssh.ch\/it\/contattaci\/","og_locale":"it_IT","og_type":"article","og_title":"Contattaci - sssh","og_url":"https:\/\/sssh.ch\/it\/contattaci\/","og_site_name":"sssh","article_modified_time":"2021-10-19T15:26:25+00:00","twitter_card":"summary_large_image","schema":{"@context":"https:\/\/schema.org","@graph":[{"@type":"WebPage","@id":"https:\/\/sssh.ch\/it\/contattaci\/","url":"https:\/\/sssh.ch\/it\/contattaci\/","name":"Contattaci - sssh","isPartOf":{"@id":"https:\/\/sssh.ch\/fr\/#website"},"datePublished":"2021-10-19T15:26:24+00:00","dateModified":"2021-10-19T15:26:25+00:00","breadcrumb":{"@id":"https:\/\/sssh.ch\/it\/contattaci\/#breadcrumb"},"inLanguage":"it-IT","potentialAction":[{"@type":"ReadAction","target":["https:\/\/sssh.ch\/it\/contattaci\/"]}]},{"@type":"BreadcrumbList","@id":"https:\/\/sssh.ch\/it\/contattaci\/#breadcrumb","itemListElement":[{"@type":"ListItem","position":1,"name":"SSSH","item":"https:\/\/sssh.ch\/fr\/"},{"@type":"ListItem","position":2,"name":"Contattaci"}]},{"@type":"WebSite","@id":"https:\/\/sssh.ch\/fr\/#website","url":"https:\/\/sssh.ch\/fr\/","name":"sssh","description":"Soci\u00e9t\u00e9 suisse de st\u00e9rilisation hospitali\u00e8re","publisher":{"@id":"https:\/\/sssh.ch\/fr\/#organization"},"potentialAction":[{"@type":"SearchAction","target":{"@type":"EntryPoint","urlTemplate":"https:\/\/sssh.ch\/fr\/?s={search_term_string}"},"query-input":{"@type":"PropertyValueSpecification","valueRequired":true,"valueName":"search_term_string"}}],"inLanguage":"it-IT"},{"@type":"Organization","@id":"https:\/\/sssh.ch\/fr\/#organization","name":"sssh","url":"https:\/\/sssh.ch\/fr\/","logo":{"@type":"ImageObject","inLanguage":"it-IT","@id":"https:\/\/sssh.ch\/fr\/#\/schema\/logo\/image\/","url":"https:\/\/sssh.ch\/wp-content\/uploads\/2021\/09\/cropped-cropped-cropped-cropped-cropped-cropped-cropped-SGSV-SSSH_SSSO_Q_NEUTRE_blanc-768x186-1-1-1.png","contentUrl":"https:\/\/sssh.ch\/wp-content\/uploads\/2021\/09\/cropped-cropped-cropped-cropped-cropped-cropped-cropped-SGSV-SSSH_SSSO_Q_NEUTRE_blanc-768x186-1-1-1.png","width":558,"height":186,"caption":"sssh"},"image":{"@id":"https:\/\/sssh.ch\/fr\/#\/schema\/logo\/image\/"}}]}},"publishpress_future_action":{"enabled":false,"date":"2026-04-26 12:49:39","action":"change-status","newStatus":"draft","terms":[],"taxonomy":"translation_priority","extraData":[]},"publishpress_future_workflow_manual_trigger":{"enabledWorkflows":[]},"_links":{"self":[{"href":"https:\/\/sssh.ch\/it\/wp-json\/wp\/v2\/pages\/26550","targetHints":{"allow":["GET"]}}],"collection":[{"href":"https:\/\/sssh.ch\/it\/wp-json\/wp\/v2\/pages"}],"about":[{"href":"https:\/\/sssh.ch\/it\/wp-json\/wp\/v2\/types\/page"}],"author":[{"embeddable":true,"href":"https:\/\/sssh.ch\/it\/wp-json\/wp\/v2\/users\/1"}],"replies":[{"embeddable":true,"href":"https:\/\/sssh.ch\/it\/wp-json\/wp\/v2\/comments?post=26550"}],"version-history":[{"count":1,"href":"https:\/\/sssh.ch\/it\/wp-json\/wp\/v2\/pages\/26550\/revisions"}],"predecessor-version":[{"id":26551,"href":"https:\/\/sssh.ch\/it\/wp-json\/wp\/v2\/pages\/26550\/revisions\/26551"}],"wp:attachment":[{"href":"https:\/\/sssh.ch\/it\/wp-json\/wp\/v2\/media?parent=26550"}],"wp:term":[{"taxonomy":"document_category","embeddable":true,"href":"https:\/\/sssh.ch\/it\/wp-json\/wp\/v2\/document_category?post=26550"},{"taxonomy":"pv_category","embeddable":true,"href":"https:\/\/sssh.ch\/it\/wp-json\/wp\/v2\/pv_category?post=26550"}],"curies":[{"name":"wp","href":"https:\/\/api.w.org\/{rel}","templated":true}]}}