{"id":648,"date":"2021-07-01T08:05:59","date_gmt":"2021-07-01T06:05:59","guid":{"rendered":"https:\/\/www.sssh.ch\/?page_id=648"},"modified":"2023-07-07T15:16:43","modified_gmt":"2023-07-07T13:16:43","slug":"inscription","status":"publish","type":"page","link":"https:\/\/sssh.ch\/fr\/inscription\/","title":{"rendered":"Inscription"},"content":{"rendered":"\t\t<div data-elementor-type=\"wp-page\" data-elementor-id=\"648\" class=\"elementor elementor-648\" data-elementor-post-type=\"page\">\n\t\t\t\t\t\t<section class=\"elementor-section elementor-top-section elementor-element elementor-element-daf46a3 elementor-section-boxed elementor-section-height-default elementor-section-height-default\" data-id=\"daf46a3\" data-element_type=\"section\" data-settings=\"{&quot;background_background&quot;:&quot;classic&quot;}\">\n\t\t\t\t\t\t\t<div class=\"elementor-background-overlay\"><\/div>\n\t\t\t\t\t\t\t<div class=\"elementor-container elementor-column-gap-default\">\n\t\t\t\t\t<div class=\"elementor-column elementor-col-100 elementor-top-column elementor-element elementor-element-691ef75\" data-id=\"691ef75\" data-element_type=\"column\">\n\t\t\t<div class=\"elementor-widget-wrap elementor-element-populated\">\n\t\t\t\t\t\t<section class=\"elementor-section elementor-inner-section elementor-element elementor-element-a88c9c9 elementor-section-boxed elementor-section-height-default elementor-section-height-default\" data-id=\"a88c9c9\" data-element_type=\"section\">\n\t\t\t\t\t\t<div class=\"elementor-container elementor-column-gap-default\">\n\t\t\t\t\t<div class=\"elementor-column elementor-col-66 elementor-inner-column elementor-element elementor-element-ebb7665\" data-id=\"ebb7665\" data-element_type=\"column\">\n\t\t\t<div class=\"elementor-widget-wrap elementor-element-populated\">\n\t\t\t\t\t\t<div class=\"elementor-element elementor-element-91d8c6b elementor-widget elementor-widget-heading\" data-id=\"91d8c6b\" data-element_type=\"widget\" data-widget_type=\"heading.default\">\n\t\t\t\t<div class=\"elementor-widget-container\">\n\t\t\t\t\t<h1 class=\"elementor-heading-title elementor-size-default\">Bulletin d'inscription<\/h1>\t\t\t\t<\/div>\n\t\t\t\t<\/div>\n\t\t\t\t\t<\/div>\n\t\t<\/div>\n\t\t\t\t<div class=\"elementor-column elementor-col-33 elementor-inner-column elementor-element elementor-element-9868fd7\" data-id=\"9868fd7\" data-element_type=\"column\">\n\t\t\t<div class=\"elementor-widget-wrap\">\n\t\t\t\t\t\t\t<\/div>\n\t\t<\/div>\n\t\t\t\t\t<\/div>\n\t\t<\/section>\n\t\t\t\t\t<\/div>\n\t\t<\/div>\n\t\t\t\t\t<\/div>\n\t\t<\/section>\n\t\t\t\t<section class=\"elementor-section elementor-top-section elementor-element elementor-element-cd38c8b elementor-section-boxed elementor-section-height-default elementor-section-height-default\" data-id=\"cd38c8b\" data-element_type=\"section\">\n\t\t\t\t\t\t<div class=\"elementor-container elementor-column-gap-default\">\n\t\t\t\t\t<div class=\"elementor-column elementor-col-100 elementor-top-column elementor-element elementor-element-6b56f35\" data-id=\"6b56f35\" data-element_type=\"column\">\n\t\t\t<div class=\"elementor-widget-wrap elementor-element-populated\">\n\t\t\t\t\t\t<div class=\"elementor-element elementor-element-cbfde73 elementor-widget elementor-widget-text-editor\" data-id=\"cbfde73\" data-element_type=\"widget\" data-widget_type=\"text-editor.default\">\n\t\t\t\t<div class=\"elementor-widget-container\">\n\t\t\t\t\t\t\t\t\t<p><div class=\"wpforms-container \" id=\"wpforms-644\"><form id=\"wpforms-form-644\" class=\"wpforms-validate wpforms-form\" data-formid=\"644\" method=\"post\" enctype=\"multipart\/form-data\" action=\"\/fr\/wp-json\/wp\/v2\/pages\/648\" data-token=\"e75eeb06e204f6c8fd3bca2cf0a43c53\" data-token-time=\"1775274863\"><noscript class=\"wpforms-error-noscript\">Veuillez activer JavaScript dans votre navigateur pour remplir ce formulaire.<\/noscript><div class=\"wpforms-field-container\"><div id=\"wpforms-644-field_1-container\" class=\"wpforms-field wpforms-field-radio\" data-field-id=\"1\"><label class=\"wpforms-field-label\">Membre<\/label><ul id=\"wpforms-644-field_1\"><li class=\"choice-1 depth-1\"><input type=\"radio\" id=\"wpforms-644-field_1_1\" name=\"wpforms[fields][1]\" value=\"Actif, CHF 100.\u2013 \/ an \"  ><label class=\"wpforms-field-label-inline\" for=\"wpforms-644-field_1_1\">Actif, CHF 100.\u2013 \/ an<\/label><\/li><li class=\"choice-2 depth-1\"><input type=\"radio\" id=\"wpforms-644-field_1_2\" name=\"wpforms[fields][1]\" value=\"Passif, CHF 300.\u2013 \/ an\"  ><label class=\"wpforms-field-label-inline\" for=\"wpforms-644-field_1_2\">Passif, CHF 300.\u2013 \/ an<\/label><\/li><\/ul><\/div><div id=\"wpforms-644-field_19-container\" class=\"wpforms-field wpforms-field-radio\" data-field-id=\"19\"><label class=\"wpforms-field-label wpforms-label-hide\">Genre <span class=\"wpforms-required-label\">*<\/span><\/label><ul id=\"wpforms-644-field_19\" class=\"wpforms-field-required\"><li class=\"choice-1 depth-1\"><input type=\"radio\" id=\"wpforms-644-field_19_1\" name=\"wpforms[fields][19]\" value=\"Madame\" required ><label class=\"wpforms-field-label-inline\" for=\"wpforms-644-field_19_1\">Madame<\/label><\/li><li class=\"choice-2 depth-1\"><input type=\"radio\" id=\"wpforms-644-field_19_2\" name=\"wpforms[fields][19]\" value=\"Monsieur\" required ><label class=\"wpforms-field-label-inline\" for=\"wpforms-644-field_19_2\">Monsieur<\/label><\/li><\/ul><\/div><div id=\"wpforms-644-field_2-container\" class=\"wpforms-field wpforms-field-name\" data-field-id=\"2\"><label class=\"wpforms-field-label\">Nom <span class=\"wpforms-required-label\">*<\/span><\/label><div class=\"wpforms-field-row wpforms-field-medium\"><div class=\"wpforms-field-row-block wpforms-first wpforms-one-half\"><input type=\"text\" id=\"wpforms-644-field_2\" class=\"wpforms-field-name-first wpforms-field-required\" name=\"wpforms[fields][2][first]\" required><label for=\"wpforms-644-field_2\" class=\"wpforms-field-sublabel after\">Pr\u00e9nom<\/label><\/div><div class=\"wpforms-field-row-block wpforms-one-half\"><input type=\"text\" id=\"wpforms-644-field_2-last\" class=\"wpforms-field-name-last wpforms-field-required\" name=\"wpforms[fields][2][last]\" required><label for=\"wpforms-644-field_2-last\" class=\"wpforms-field-sublabel after\">Nom<\/label><\/div><\/div><\/div><div id=\"wpforms-644-field_3-container\" class=\"wpforms-field wpforms-field-text\" data-field-id=\"3\"><label class=\"wpforms-field-label\" for=\"wpforms-644-field_3\">Fonction<\/label><input type=\"text\" id=\"wpforms-644-field_3\" class=\"wpforms-field-medium\" name=\"wpforms[fields][3]\" ><\/div><div id=\"wpforms-644-field_4-container\" class=\"wpforms-field wpforms-field-radio\" data-field-id=\"4\"><label class=\"wpforms-field-label\">Assistant technique en st\u00e9rilisation <span class=\"wpforms-required-label\">*<\/span><\/label><ul id=\"wpforms-644-field_4\" class=\"wpforms-field-required\"><li class=\"choice-1 depth-1\"><input type=\"radio\" id=\"wpforms-644-field_4_1\" name=\"wpforms[fields][4]\" value=\" Niveau 1\" required ><label class=\"wpforms-field-label-inline\" for=\"wpforms-644-field_4_1\">Niveau 1<\/label><\/li><li class=\"choice-2 depth-1\"><input type=\"radio\" id=\"wpforms-644-field_4_2\" name=\"wpforms[fields][4]\" value=\"Niveau 2 \" required ><label class=\"wpforms-field-label-inline\" for=\"wpforms-644-field_4_2\">Niveau 2<\/label><\/li><li class=\"choice-3 depth-1\"><input type=\"radio\" id=\"wpforms-644-field_4_3\" name=\"wpforms[fields][4]\" value=\"Niveau 3 ou \u00e9quivalent\" required ><label class=\"wpforms-field-label-inline\" for=\"wpforms-644-field_4_3\">Niveau 3 ou \u00e9quivalent<\/label><\/li><li class=\"choice-4 depth-1\"><input type=\"radio\" id=\"wpforms-644-field_4_4\" name=\"wpforms[fields][4]\" value=\"TDM\" required ><label class=\"wpforms-field-label-inline\" for=\"wpforms-644-field_4_4\">TDM<\/label><\/li><li class=\"choice-5 depth-1\"><input type=\"radio\" id=\"wpforms-644-field_4_5\" name=\"wpforms[fields][4]\" value=\"Autre \" required ><label class=\"wpforms-field-label-inline\" for=\"wpforms-644-field_4_5\">Autre<\/label><\/li><\/ul><\/div><div id=\"wpforms-644-field_5-container\" class=\"wpforms-field wpforms-field-text\" data-field-id=\"5\"><label class=\"wpforms-field-label\" for=\"wpforms-644-field_5\">Si autre, d\u00e9crivez svp<\/label><input type=\"text\" id=\"wpforms-644-field_5\" class=\"wpforms-field-medium\" name=\"wpforms[fields][5]\" ><\/div><div id=\"wpforms-644-field_18-container\" class=\"wpforms-field wpforms-field-radio wpforms-conditional-trigger\" data-field-id=\"18\"><label class=\"wpforms-field-label\">ADRESSE PROFESSIONNELLE \/ ADRESSE PRIV\u00c9E<\/label><ul id=\"wpforms-644-field_18\"><li class=\"choice-1 depth-1 wpforms-selected\"><input type=\"radio\" id=\"wpforms-644-field_18_1\" name=\"wpforms[fields][18]\" value=\"Envoi adresse professionnelle\"   checked='checked'><label class=\"wpforms-field-label-inline\" for=\"wpforms-644-field_18_1\">Envoi adresse professionnelle<\/label><\/li><li class=\"choice-2 depth-1\"><input type=\"radio\" id=\"wpforms-644-field_18_2\" name=\"wpforms[fields][18]\" value=\"Envoi adresse priv\u00e9\"  ><label class=\"wpforms-field-label-inline\" for=\"wpforms-644-field_18_2\">Envoi adresse priv\u00e9<\/label><\/li><\/ul><div class=\"wpforms-field-description\">pour courrier et facture<\/div><\/div><div id=\"wpforms-644-field_9-container\" class=\"wpforms-field wpforms-field-text wpforms-conditional-field wpforms-conditional-show\" data-field-id=\"9\" style=\"display:none;\"><label class=\"wpforms-field-label\" for=\"wpforms-644-field_9\">H\u00f4pital ou entreprise<\/label><input type=\"text\" id=\"wpforms-644-field_9\" class=\"wpforms-field-medium\" name=\"wpforms[fields][9]\" ><\/div><div id=\"wpforms-644-field_10-container\" class=\"wpforms-field wpforms-field-text\" data-field-id=\"10\"><label class=\"wpforms-field-label\" for=\"wpforms-644-field_10\">Adresse<\/label><input type=\"text\" id=\"wpforms-644-field_10\" class=\"wpforms-field-medium\" name=\"wpforms[fields][10]\" ><\/div><div id=\"wpforms-644-field_11-container\" class=\"wpforms-field wpforms-field-text\" data-field-id=\"11\"><label class=\"wpforms-field-label\" for=\"wpforms-644-field_11\">NPA | Localit\u00e9<\/label><input type=\"text\" id=\"wpforms-644-field_11\" class=\"wpforms-field-medium\" name=\"wpforms[fields][11]\" ><\/div><div id=\"wpforms-644-field_16-container\" class=\"wpforms-field wpforms-field-text wpforms-conditional-field wpforms-conditional-show\" data-field-id=\"16\" style=\"display:none;\"><label class=\"wpforms-field-label\" for=\"wpforms-644-field_16\">T\u00e9l\u00e9phone priv\u00e9<\/label><input type=\"text\" id=\"wpforms-644-field_16\" class=\"wpforms-field-medium\" name=\"wpforms[fields][16]\" ><\/div><div id=\"wpforms-644-field_12-container\" class=\"wpforms-field wpforms-field-text wpforms-conditional-field wpforms-conditional-show\" data-field-id=\"12\" style=\"display:none;\"><label class=\"wpforms-field-label\" for=\"wpforms-644-field_12\">T\u00e9l\u00e9phone professionnel<\/label><input type=\"text\" id=\"wpforms-644-field_12\" class=\"wpforms-field-medium\" name=\"wpforms[fields][12]\" ><\/div><div id=\"wpforms-644-field_17-container\" class=\"wpforms-field wpforms-field-email\" data-field-id=\"17\"><label class=\"wpforms-field-label\" for=\"wpforms-644-field_17\">E-mail <span class=\"wpforms-required-label\">*<\/span><\/label><input type=\"email\" id=\"wpforms-644-field_17\" class=\"wpforms-field-medium wpforms-field-required\" name=\"wpforms[fields][17]\" spellcheck=\"false\" required><\/div><div id=\"wpforms-644-field_20-container\" class=\"wpforms-field wpforms-field-gdpr-checkbox\" data-field-id=\"20\"><label class=\"wpforms-field-label wpforms-label-hide\">GDPR Agreement <span class=\"wpforms-required-label\">*<\/span><\/label><ul id=\"wpforms-644-field_20\" class=\"wpforms-field-required\"><li class=\"choice-1\"><input type=\"checkbox\" id=\"wpforms-644-field_20_1\" name=\"wpforms[fields][20][]\" value=\"Je consens au traitement de mes donn\u00e9es selon la &lt;a href=&quot;https:\/\/www.sssh.ch\/fr\/politique-de-confidentialite\/&quot; target=&quot;_blank&quot;&gt;Politique de confidentialit\u00e9&lt;\/a&gt;\" required ><label class=\"wpforms-field-label-inline\" for=\"wpforms-644-field_20_1\">Je consens au traitement de mes donn\u00e9es selon la <a href=\"https:\/\/www.sssh.ch\/fr\/politique-de-confidentialite\/\" target=\"_blank\">Politique de confidentialit\u00e9<\/a> <span class=\"wpforms-required-label\">*<\/span><\/label><\/li><\/ul><\/div><\/div><!-- .wpforms-field-container --><div class=\"wpforms-submit-container\" ><input type=\"hidden\" name=\"wpforms[id]\" value=\"644\"><input type=\"hidden\" name=\"page_title\" value=\"\"><input type=\"hidden\" name=\"page_url\" value=\"https:\/\/sssh.ch\/fr\/wp-json\/wp\/v2\/pages\/648\"><input type=\"hidden\" name=\"url_referer\" value=\"\"><button type=\"submit\" name=\"wpforms[submit]\" id=\"wpforms-submit-644\" class=\"wpforms-submit\" data-alt-text=\"Envoi...\" data-submit-text=\"Envoyer\" aria-live=\"assertive\" value=\"wpforms-submit\">Envoyer<\/button><\/div><\/form><\/div>  <!-- .wpforms-container --><\/p>\t\t\t\t\t\t\t\t<\/div>\n\t\t\t\t<\/div>\n\t\t\t\t\t<\/div>\n\t\t<\/div>\n\t\t\t\t\t<\/div>\n\t\t<\/section>\n\t\t\t\t<\/div>\n\t\t","protected":false},"excerpt":{"rendered":"","protected":false},"author":2,"featured_media":0,"parent":0,"menu_order":0,"comment_status":"closed","ping_status":"closed","template":"","meta":{"_acf_changed":false,"site-sidebar-layout":"no-sidebar","site-content-layout":"page-builder","ast-site-content-layout":"default","site-content-style":"default","site-sidebar-style":"default","ast-global-header-display":"","ast-banner-title-visibility":"","ast-main-header-display":"","ast-hfb-above-header-display":"","ast-hfb-below-header-display":"","ast-hfb-mobile-header-display":"","site-post-title":"disabled","ast-breadcrumbs-content":"","ast-featured-img":"disabled","footer-sml-layout":"","theme-transparent-header-meta":"default","adv-header-id-meta":"","stick-header-meta":"default","header-above-stick-meta":"","header-main-stick-meta":"","header-below-stick-meta":"","astra-migrate-meta-layouts":"default","ast-page-background-enabled":"default","ast-page-background-meta":{"desktop":{"background-color":"","background-image":"","background-repeat":"repeat","background-position":"center center","background-size":"auto","background-attachment":"scroll","background-type":"","background-media":"","overlay-type":"","overlay-color":"","overlay-opacity":"","overlay-gradient":""},"tablet":{"background-color":"","background-image":"","background-repeat":"repeat","background-position":"center center","background-size":"auto","background-attachment":"scroll","background-type":"","background-media":"","overlay-type":"","overlay-color":"","overlay-opacity":"","overlay-gradient":""},"mobile":{"background-color":"","background-image":"","background-repeat":"repeat","background-position":"center center","background-size":"auto","background-attachment":"scroll","background-type":"","background-media":"","overlay-type":"","overlay-color":"","overlay-opacity":"","overlay-gradient":""}},"ast-content-background-meta":{"desktop":{"background-color":"var(--ast-global-color-5)","background-image":"","background-repeat":"repeat","background-position":"center center","background-size":"auto","background-attachment":"scroll","background-type":"","background-media":"","overlay-type":"","overlay-color":"","overlay-opacity":"","overlay-gradient":""},"tablet":{"background-color":"var(--ast-global-color-5)","background-image":"","background-repeat":"repeat","background-position":"center center","background-size":"auto","background-attachment":"scroll","background-type":"","background-media":"","overlay-type":"","overlay-color":"","overlay-opacity":"","overlay-gradient":""},"mobile":{"background-color":"var(--ast-global-color-5)","background-image":"","background-repeat":"repeat","background-position":"center center","background-size":"auto","background-attachment":"scroll","background-type":"","background-media":"","overlay-type":"","overlay-color":"","overlay-opacity":"","overlay-gradient":""}},"footnotes":""},"document_category":[],"pv_category":[],"class_list":["post-648","page","type-page","status-publish","hentry"],"acf":[],"yoast_head":"<!-- This site is optimized with the Yoast SEO plugin v26.4 - https:\/\/yoast.com\/wordpress\/plugins\/seo\/ -->\n<title>Inscription - sssh<\/title>\n<meta name=\"robots\" content=\"index, follow, max-snippet:-1, max-image-preview:large, max-video-preview:-1\" \/>\n<link rel=\"canonical\" href=\"https:\/\/sssh.ch\/fr\/inscription\/\" \/>\n<meta property=\"og:locale\" content=\"fr_FR\" \/>\n<meta property=\"og:type\" content=\"article\" \/>\n<meta property=\"og:title\" content=\"Inscription - sssh\" \/>\n<meta property=\"og:url\" content=\"https:\/\/sssh.ch\/fr\/inscription\/\" \/>\n<meta property=\"og:site_name\" content=\"sssh\" \/>\n<meta property=\"article:modified_time\" content=\"2023-07-07T13:16:43+00:00\" \/>\n<meta name=\"twitter:card\" content=\"summary_large_image\" \/>\n<meta name=\"twitter:label1\" content=\"Dur\u00e9e de lecture estim\u00e9e\" \/>\n\t<meta name=\"twitter:data1\" content=\"1 minute\" \/>\n<script type=\"application\/ld+json\" class=\"yoast-schema-graph\">{\"@context\":\"https:\/\/schema.org\",\"@graph\":[{\"@type\":\"WebPage\",\"@id\":\"https:\/\/sssh.ch\/fr\/inscription\/\",\"url\":\"https:\/\/sssh.ch\/fr\/inscription\/\",\"name\":\"Inscription - sssh\",\"isPartOf\":{\"@id\":\"https:\/\/sssh.ch\/fr\/#website\"},\"datePublished\":\"2021-07-01T06:05:59+00:00\",\"dateModified\":\"2023-07-07T13:16:43+00:00\",\"breadcrumb\":{\"@id\":\"https:\/\/sssh.ch\/fr\/inscription\/#breadcrumb\"},\"inLanguage\":\"fr-FR\",\"potentialAction\":[{\"@type\":\"ReadAction\",\"target\":[\"https:\/\/sssh.ch\/fr\/inscription\/\"]}]},{\"@type\":\"BreadcrumbList\",\"@id\":\"https:\/\/sssh.ch\/fr\/inscription\/#breadcrumb\",\"itemListElement\":[{\"@type\":\"ListItem\",\"position\":1,\"name\":\"SSSH\",\"item\":\"https:\/\/sssh.ch\/fr\/\"},{\"@type\":\"ListItem\",\"position\":2,\"name\":\"Inscription\"}]},{\"@type\":\"WebSite\",\"@id\":\"https:\/\/sssh.ch\/fr\/#website\",\"url\":\"https:\/\/sssh.ch\/fr\/\",\"name\":\"sssh\",\"description\":\"Soci\u00e9t\u00e9 suisse de st\u00e9rilisation hospitali\u00e8re\",\"publisher\":{\"@id\":\"https:\/\/sssh.ch\/fr\/#organization\"},\"potentialAction\":[{\"@type\":\"SearchAction\",\"target\":{\"@type\":\"EntryPoint\",\"urlTemplate\":\"https:\/\/sssh.ch\/fr\/?s={search_term_string}\"},\"query-input\":{\"@type\":\"PropertyValueSpecification\",\"valueRequired\":true,\"valueName\":\"search_term_string\"}}],\"inLanguage\":\"fr-FR\"},{\"@type\":\"Organization\",\"@id\":\"https:\/\/sssh.ch\/fr\/#organization\",\"name\":\"sssh\",\"url\":\"https:\/\/sssh.ch\/fr\/\",\"logo\":{\"@type\":\"ImageObject\",\"inLanguage\":\"fr-FR\",\"@id\":\"https:\/\/sssh.ch\/fr\/#\/schema\/logo\/image\/\",\"url\":\"https:\/\/sssh.ch\/wp-content\/uploads\/2021\/09\/cropped-cropped-cropped-cropped-cropped-cropped-cropped-SGSV-SSSH_SSSO_Q_NEUTRE_blanc-768x186-1-1-1.png\",\"contentUrl\":\"https:\/\/sssh.ch\/wp-content\/uploads\/2021\/09\/cropped-cropped-cropped-cropped-cropped-cropped-cropped-SGSV-SSSH_SSSO_Q_NEUTRE_blanc-768x186-1-1-1.png\",\"width\":558,\"height\":186,\"caption\":\"sssh\"},\"image\":{\"@id\":\"https:\/\/sssh.ch\/fr\/#\/schema\/logo\/image\/\"}}]}<\/script>\n<!-- \/ Yoast SEO plugin. -->","yoast_head_json":{"title":"Inscription - sssh","robots":{"index":"index","follow":"follow","max-snippet":"max-snippet:-1","max-image-preview":"max-image-preview:large","max-video-preview":"max-video-preview:-1"},"canonical":"https:\/\/sssh.ch\/fr\/inscription\/","og_locale":"fr_FR","og_type":"article","og_title":"Inscription - sssh","og_url":"https:\/\/sssh.ch\/fr\/inscription\/","og_site_name":"sssh","article_modified_time":"2023-07-07T13:16:43+00:00","twitter_card":"summary_large_image","twitter_misc":{"Dur\u00e9e de lecture estim\u00e9e":"1 minute"},"schema":{"@context":"https:\/\/schema.org","@graph":[{"@type":"WebPage","@id":"https:\/\/sssh.ch\/fr\/inscription\/","url":"https:\/\/sssh.ch\/fr\/inscription\/","name":"Inscription - sssh","isPartOf":{"@id":"https:\/\/sssh.ch\/fr\/#website"},"datePublished":"2021-07-01T06:05:59+00:00","dateModified":"2023-07-07T13:16:43+00:00","breadcrumb":{"@id":"https:\/\/sssh.ch\/fr\/inscription\/#breadcrumb"},"inLanguage":"fr-FR","potentialAction":[{"@type":"ReadAction","target":["https:\/\/sssh.ch\/fr\/inscription\/"]}]},{"@type":"BreadcrumbList","@id":"https:\/\/sssh.ch\/fr\/inscription\/#breadcrumb","itemListElement":[{"@type":"ListItem","position":1,"name":"SSSH","item":"https:\/\/sssh.ch\/fr\/"},{"@type":"ListItem","position":2,"name":"Inscription"}]},{"@type":"WebSite","@id":"https:\/\/sssh.ch\/fr\/#website","url":"https:\/\/sssh.ch\/fr\/","name":"sssh","description":"Soci\u00e9t\u00e9 suisse de st\u00e9rilisation hospitali\u00e8re","publisher":{"@id":"https:\/\/sssh.ch\/fr\/#organization"},"potentialAction":[{"@type":"SearchAction","target":{"@type":"EntryPoint","urlTemplate":"https:\/\/sssh.ch\/fr\/?s={search_term_string}"},"query-input":{"@type":"PropertyValueSpecification","valueRequired":true,"valueName":"search_term_string"}}],"inLanguage":"fr-FR"},{"@type":"Organization","@id":"https:\/\/sssh.ch\/fr\/#organization","name":"sssh","url":"https:\/\/sssh.ch\/fr\/","logo":{"@type":"ImageObject","inLanguage":"fr-FR","@id":"https:\/\/sssh.ch\/fr\/#\/schema\/logo\/image\/","url":"https:\/\/sssh.ch\/wp-content\/uploads\/2021\/09\/cropped-cropped-cropped-cropped-cropped-cropped-cropped-SGSV-SSSH_SSSO_Q_NEUTRE_blanc-768x186-1-1-1.png","contentUrl":"https:\/\/sssh.ch\/wp-content\/uploads\/2021\/09\/cropped-cropped-cropped-cropped-cropped-cropped-cropped-SGSV-SSSH_SSSO_Q_NEUTRE_blanc-768x186-1-1-1.png","width":558,"height":186,"caption":"sssh"},"image":{"@id":"https:\/\/sssh.ch\/fr\/#\/schema\/logo\/image\/"}}]}},"publishpress_future_action":{"enabled":false,"date":"2026-04-11 05:54:23","action":"change-status","newStatus":"draft","terms":[],"taxonomy":"translation_priority","extraData":[]},"publishpress_future_workflow_manual_trigger":{"enabledWorkflows":[]},"_links":{"self":[{"href":"https:\/\/sssh.ch\/fr\/wp-json\/wp\/v2\/pages\/648","targetHints":{"allow":["GET"]}}],"collection":[{"href":"https:\/\/sssh.ch\/fr\/wp-json\/wp\/v2\/pages"}],"about":[{"href":"https:\/\/sssh.ch\/fr\/wp-json\/wp\/v2\/types\/page"}],"author":[{"embeddable":true,"href":"https:\/\/sssh.ch\/fr\/wp-json\/wp\/v2\/users\/2"}],"replies":[{"embeddable":true,"href":"https:\/\/sssh.ch\/fr\/wp-json\/wp\/v2\/comments?post=648"}],"version-history":[{"count":3,"href":"https:\/\/sssh.ch\/fr\/wp-json\/wp\/v2\/pages\/648\/revisions"}],"predecessor-version":[{"id":43591,"href":"https:\/\/sssh.ch\/fr\/wp-json\/wp\/v2\/pages\/648\/revisions\/43591"}],"wp:attachment":[{"href":"https:\/\/sssh.ch\/fr\/wp-json\/wp\/v2\/media?parent=648"}],"wp:term":[{"taxonomy":"document_category","embeddable":true,"href":"https:\/\/sssh.ch\/fr\/wp-json\/wp\/v2\/document_category?post=648"},{"taxonomy":"pv_category","embeddable":true,"href":"https:\/\/sssh.ch\/fr\/wp-json\/wp\/v2\/pv_category?post=648"}],"curies":[{"name":"wp","href":"https:\/\/api.w.org\/{rel}","templated":true}]}}