{"id":549,"date":"2019-03-11T12:08:38","date_gmt":"2019-03-11T12:08:38","guid":{"rendered":"https:\/\/www.sssh.ch\/about\/"},"modified":"2023-03-09T07:53:01","modified_gmt":"2023-03-09T06:53:01","slug":"qui_sommes_nous","status":"publish","type":"page","link":"https:\/\/sssh.ch\/fr\/qui_sommes_nous\/","title":{"rendered":"Qui sommes-nous?"},"content":{"rendered":"\t\t<div data-elementor-type=\"wp-post\" data-elementor-id=\"549\" class=\"elementor elementor-549\" data-elementor-post-type=\"page\">\n\t\t\t\t\t\t<section class=\"elementor-section elementor-top-section elementor-element elementor-element-425bc64 elementor-section-boxed elementor-section-height-default elementor-section-height-default\" data-id=\"425bc64\" data-element_type=\"section\" data-settings=\"{&quot;background_background&quot;:&quot;classic&quot;}\">\n\t\t\t\t\t\t\t<div class=\"elementor-background-overlay\"><\/div>\n\t\t\t\t\t\t\t<div class=\"elementor-container elementor-column-gap-default\">\n\t\t\t\t\t<div class=\"elementor-column elementor-col-100 elementor-top-column elementor-element elementor-element-32d82ce\" data-id=\"32d82ce\" data-element_type=\"column\">\n\t\t\t<div class=\"elementor-widget-wrap elementor-element-populated\">\n\t\t\t\t\t\t<section class=\"elementor-section elementor-inner-section elementor-element elementor-element-e565f72 elementor-section-boxed elementor-section-height-default elementor-section-height-default\" data-id=\"e565f72\" data-element_type=\"section\">\n\t\t\t\t\t\t<div class=\"elementor-container elementor-column-gap-default\">\n\t\t\t\t\t<div class=\"elementor-column elementor-col-66 elementor-inner-column elementor-element elementor-element-61a1ab6\" data-id=\"61a1ab6\" data-element_type=\"column\">\n\t\t\t<div class=\"elementor-widget-wrap elementor-element-populated\">\n\t\t\t\t\t\t<div class=\"elementor-element elementor-element-1437cd8 elementor-widget elementor-widget-heading\" data-id=\"1437cd8\" data-element_type=\"widget\" data-widget_type=\"heading.default\">\n\t\t\t\t<div class=\"elementor-widget-container\">\n\t\t\t\t\t<h1 class=\"elementor-heading-title elementor-size-default\">Qui sommes-nous?<\/h1>\t\t\t\t<\/div>\n\t\t\t\t<\/div>\n\t\t\t\t\t<\/div>\n\t\t<\/div>\n\t\t\t\t<div class=\"elementor-column elementor-col-33 elementor-inner-column elementor-element elementor-element-7fe616d\" data-id=\"7fe616d\" data-element_type=\"column\">\n\t\t\t<div class=\"elementor-widget-wrap\">\n\t\t\t\t\t\t\t<\/div>\n\t\t<\/div>\n\t\t\t\t\t<\/div>\n\t\t<\/section>\n\t\t\t\t\t<\/div>\n\t\t<\/div>\n\t\t\t\t\t<\/div>\n\t\t<\/section>\n\t\t\t\t<section class=\"elementor-section elementor-top-section elementor-element elementor-element-c16982b elementor-section-content-top elementor-reverse-mobile elementor-section-boxed elementor-section-height-default elementor-section-height-default\" data-id=\"c16982b\" data-element_type=\"section\">\n\t\t\t\t\t\t<div class=\"elementor-container elementor-column-gap-default\">\n\t\t\t\t\t<div class=\"elementor-column elementor-col-66 elementor-top-column elementor-element elementor-element-cf76402\" data-id=\"cf76402\" data-element_type=\"column\" data-settings=\"{&quot;background_background&quot;:&quot;classic&quot;}\">\n\t\t\t<div class=\"elementor-widget-wrap elementor-element-populated\">\n\t\t\t\t\t\t<div class=\"elementor-element elementor-element-129813c elementor-widget elementor-widget-text-editor\" data-id=\"129813c\" data-element_type=\"widget\" data-widget_type=\"text-editor.default\">\n\t\t\t\t<div class=\"elementor-widget-container\">\n\t\t\t\t\t\t\t\t\t<p class=\"bodytext\">La <b>Soci\u00e9t\u00e9 Suisse de St\u00e9rilisation Hospitali\u00e8re, SSSH, <\/b>a \u00e9t\u00e9 fond\u00e9e \u00e0 Z\u00fcrich en 1983 afin d&#8217;offrir, aux responsables de st\u00e9rilisations hospitali\u00e8res, une plate forme d&#8217;\u00e9change d&#8217;informations et d&#8217;exp\u00e9riences.<\/p><p>Ce que nous voulons&#8230;<\/p><ul><li>Etablir une proc\u00e9dure de r\u00e9f\u00e9rence en mati\u00e8re de retraitement du mat\u00e9riel st\u00e9rile;<\/li><li>Etablir et diffuser une mise en pratique correcte des connaissances professionnelles;<\/li><li>Proposer des formations et des formations continues;<\/li><li>Encourager les \u00e9changes d&#8217;exp\u00e9riences entre membres;<\/li><li>Faciliter la prise de contact personnelle;<\/li><li>Publier les informations dans la revue p\u00e9riodique \u00abForum\u00bb.<\/li><\/ul>\t\t\t\t\t\t\t\t<\/div>\n\t\t\t\t<\/div>\n\t\t\t\t\t<\/div>\n\t\t<\/div>\n\t\t\t\t<div class=\"elementor-column elementor-col-33 elementor-top-column elementor-element elementor-element-6e46a28\" data-id=\"6e46a28\" data-element_type=\"column\" data-settings=\"{&quot;background_background&quot;:&quot;classic&quot;}\">\n\t\t\t<div class=\"elementor-widget-wrap elementor-element-populated\">\n\t\t\t\t\t\t<div class=\"elementor-element elementor-element-df159c2 elementor-widget elementor-widget-image\" data-id=\"df159c2\" data-element_type=\"widget\" data-widget_type=\"image.default\">\n\t\t\t\t<div class=\"elementor-widget-container\">\n\t\t\t\t\t\t\t\t\t\t\t\t\t\t\t<img fetchpriority=\"high\" decoding=\"async\" width=\"683\" height=\"1024\" src=\"https:\/\/sssh.ch\/wp-content\/uploads\/2021\/10\/InstrumentenPacket_019-683x1024.jpg\" class=\"attachment-large size-large wp-image-25674\" alt=\"\" srcset=\"https:\/\/sssh.ch\/wp-content\/uploads\/2021\/10\/InstrumentenPacket_019-683x1024.jpg 683w, https:\/\/sssh.ch\/wp-content\/uploads\/2021\/10\/InstrumentenPacket_019-200x300.jpg 200w, https:\/\/sssh.ch\/wp-content\/uploads\/2021\/10\/InstrumentenPacket_019-768x1152.jpg 768w, https:\/\/sssh.ch\/wp-content\/uploads\/2021\/10\/InstrumentenPacket_019.jpg 1000w\" sizes=\"(max-width: 683px) 100vw, 683px\" \/>\t\t\t\t\t\t\t\t\t\t\t\t\t\t\t<\/div>\n\t\t\t\t<\/div>\n\t\t\t\t\t<\/div>\n\t\t<\/div>\n\t\t\t\t\t<\/div>\n\t\t<\/section>\n\t\t\t\t<section class=\"elementor-section elementor-top-section elementor-element elementor-element-caba837 elementor-section-content-middle elementor-section-boxed elementor-section-height-default elementor-section-height-default\" data-id=\"caba837\" data-element_type=\"section\" data-settings=\"{&quot;background_background&quot;:&quot;classic&quot;}\">\n\t\t\t\t\t\t\t<div class=\"elementor-background-overlay\"><\/div>\n\t\t\t\t\t\t\t<div class=\"elementor-container elementor-column-gap-no\">\n\t\t\t\t\t<div class=\"elementor-column elementor-col-33 elementor-top-column elementor-element elementor-element-0e00c8f\" data-id=\"0e00c8f\" data-element_type=\"column\">\n\t\t\t<div class=\"elementor-widget-wrap\">\n\t\t\t\t\t\t\t<\/div>\n\t\t<\/div>\n\t\t\t\t<div class=\"elementor-column elementor-col-66 elementor-top-column elementor-element elementor-element-8733619\" data-id=\"8733619\" data-element_type=\"column\">\n\t\t\t<div class=\"elementor-widget-wrap elementor-element-populated\">\n\t\t\t\t\t\t<div class=\"elementor-element elementor-element-a085e9a elementor-widget elementor-widget-menu-anchor\" data-id=\"a085e9a\" data-element_type=\"widget\" data-widget_type=\"menu-anchor.default\">\n\t\t\t\t<div class=\"elementor-widget-container\">\n\t\t\t\t\t\t\t<div class=\"elementor-menu-anchor\" id=\"devenir_membre\"><\/div>\n\t\t\t\t\t\t<\/div>\n\t\t\t\t<\/div>\n\t\t\t\t<div class=\"elementor-element elementor-element-0e6f75a elementor-widget elementor-widget-heading\" data-id=\"0e6f75a\" data-element_type=\"widget\" data-widget_type=\"heading.default\">\n\t\t\t\t<div class=\"elementor-widget-container\">\n\t\t\t\t\t<h2 class=\"elementor-heading-title elementor-size-default\">Comment devenir membre?<\/h2>\t\t\t\t<\/div>\n\t\t\t\t<\/div>\n\t\t\t\t<div class=\"elementor-element elementor-element-b821346 elementor-widget elementor-widget-text-editor\" data-id=\"b821346\" data-element_type=\"widget\" data-widget_type=\"text-editor.default\">\n\t\t\t\t<div class=\"elementor-widget-container\">\n\t\t\t\t\t\t\t\t\t<p class=\"bodytext\">Peut devenir membre actif toute personne qui s&#8217;occupe de retraitement de mat\u00e9riels st\u00e9riles ou qui s&#8217;int\u00e9resse aux buts de notre soci\u00e9t\u00e9.<\/p><p class=\"bodytext\">Peut devenir membre passif toute personne, association ou m\u00eame entreprises.<\/p><p class=\"bodytext\">La cotisation annuelle est de <b>CHF 100.\u2013 pour les membres actifs<\/b> et de <b>CHF 300.\u2013 pour les membres passifs<\/b>.<\/p><p class=\"bodytext\">L&#8217;abonnement de la revue p\u00e9riodique \u00abForum\u00bb est inclus dans la cotisation.<\/p>\t\t\t\t\t\t\t\t<\/div>\n\t\t\t\t<\/div>\n\t\t\t\t<div class=\"elementor-element elementor-element-5caf7fd elementor-align-left elementor-widget elementor-widget-button\" data-id=\"5caf7fd\" data-element_type=\"widget\" data-widget_type=\"button.default\">\n\t\t\t\t<div class=\"elementor-widget-container\">\n\t\t\t\t\t\t\t\t\t<div class=\"elementor-button-wrapper\">\n\t\t\t\t\t<a class=\"elementor-button elementor-button-link elementor-size-md\" href=\"\/inscription\/\">\n\t\t\t\t\t\t<span class=\"elementor-button-content-wrapper\">\n\t\t\t\t\t\t\t\t\t<span class=\"elementor-button-text\">Inscription en ligne<\/span>\n\t\t\t\t\t<\/span>\n\t\t\t\t\t<\/a>\n\t\t\t\t<\/div>\n\t\t\t\t\t\t\t\t<\/div>\n\t\t\t\t<\/div>\n\t\t\t\t<div class=\"elementor-element elementor-element-c7938a5 elementor-widget-divider--view-line elementor-widget elementor-widget-divider\" data-id=\"c7938a5\" data-element_type=\"widget\" data-widget_type=\"divider.default\">\n\t\t\t\t<div class=\"elementor-widget-container\">\n\t\t\t\t\t\t\t<div class=\"elementor-divider\">\n\t\t\t<span class=\"elementor-divider-separator\">\n\t\t\t\t\t\t<\/span>\n\t\t<\/div>\n\t\t\t\t\t\t<\/div>\n\t\t\t\t<\/div>\n\t\t\t\t<section class=\"elementor-section elementor-inner-section elementor-element elementor-element-cad16f4 elementor-section-content-middle elementor-section-boxed elementor-section-height-default elementor-section-height-default\" data-id=\"cad16f4\" data-element_type=\"section\">\n\t\t\t\t\t\t<div class=\"elementor-container elementor-column-gap-default\">\n\t\t\t\t\t<div class=\"elementor-column elementor-col-50 elementor-inner-column elementor-element elementor-element-4142781\" data-id=\"4142781\" data-element_type=\"column\">\n\t\t\t<div class=\"elementor-widget-wrap elementor-element-populated\">\n\t\t\t\t\t\t<div class=\"elementor-element elementor-element-904a707 elementor-view-default elementor-widget elementor-widget-icon\" data-id=\"904a707\" data-element_type=\"widget\" data-widget_type=\"icon.default\">\n\t\t\t\t<div class=\"elementor-widget-container\">\n\t\t\t\t\t\t\t<div class=\"elementor-icon-wrapper\">\n\t\t\t<a class=\"elementor-icon\" href=\"\/wp-content\/uploads\/2022\/09\/180717-Statuts-SSSH-2022-F.pdf\" target=\"_blank\">\n\t\t\t<i aria-hidden=\"true\" class=\"far fa-file-pdf\"><\/i>\t\t\t<\/a>\n\t\t<\/div>\n\t\t\t\t\t\t<\/div>\n\t\t\t\t<\/div>\n\t\t\t\t\t<\/div>\n\t\t<\/div>\n\t\t\t\t<div class=\"elementor-column elementor-col-50 elementor-inner-column elementor-element elementor-element-da4907c\" data-id=\"da4907c\" data-element_type=\"column\">\n\t\t\t<div class=\"elementor-widget-wrap elementor-element-populated\">\n\t\t\t\t\t\t<div class=\"elementor-element elementor-element-9d1c926 elementor-widget elementor-widget-text-editor\" data-id=\"9d1c926\" data-element_type=\"widget\" data-widget_type=\"text-editor.default\">\n\t\t\t\t<div class=\"elementor-widget-container\">\n\t\t\t\t\t\t\t\t\t<span style=\"color: #ffffff;\"><a style=\"color: #ffffff;\" href=\"\/wp-content\/uploads\/2022\/09\/180717-Statuts-SSSH-2022-F.pdf\" target=\"_blank\" rel=\"noopener\"><strong>T\u00e9l\u00e9charger les statuts de la soci\u00e9t\u00e9<\/strong><\/a><\/span>\t\t\t\t\t\t\t\t<\/div>\n\t\t\t\t<\/div>\n\t\t\t\t\t<\/div>\n\t\t<\/div>\n\t\t\t\t\t<\/div>\n\t\t<\/section>\n\t\t\t\t\t<\/div>\n\t\t<\/div>\n\t\t\t\t\t<\/div>\n\t\t<\/section>\n\t\t\t\t<\/div>\n\t\t","protected":false},"excerpt":{"rendered":"","protected":false},"author":1,"featured_media":0,"parent":0,"menu_order":0,"comment_status":"closed","ping_status":"closed","template":"","meta":{"_acf_changed":false,"site-sidebar-layout":"default","site-content-layout":"page-builder","ast-site-content-layout":"default","site-content-style":"default","site-sidebar-style":"default","ast-global-header-display":"","ast-banner-title-visibility":"","ast-main-header-display":"","ast-hfb-above-header-display":"","ast-hfb-below-header-display":"","ast-hfb-mobile-header-display":"","site-post-title":"disabled","ast-breadcrumbs-content":"","ast-featured-img":"disabled","footer-sml-layout":"","theme-transparent-header-meta":"enabled","adv-header-id-meta":"","stick-header-meta":"default","header-above-stick-meta":"","header-main-stick-meta":"","header-below-stick-meta":"","astra-migrate-meta-layouts":"default","ast-page-background-enabled":"default","ast-page-background-meta":{"desktop":{"background-color":"","background-image":"","background-repeat":"repeat","background-position":"center center","background-size":"auto","background-attachment":"scroll","background-type":"","background-media":"","overlay-type":"","overlay-color":"","overlay-opacity":"","overlay-gradient":""},"tablet":{"background-color":"","background-image":"","background-repeat":"repeat","background-position":"center center","background-size":"auto","background-attachment":"scroll","background-type":"","background-media":"","overlay-type":"","overlay-color":"","overlay-opacity":"","overlay-gradient":""},"mobile":{"background-color":"","background-image":"","background-repeat":"repeat","background-position":"center center","background-size":"auto","background-attachment":"scroll","background-type":"","background-media":"","overlay-type":"","overlay-color":"","overlay-opacity":"","overlay-gradient":""}},"ast-content-background-meta":{"desktop":{"background-color":"var(--ast-global-color-5)","background-image":"","background-repeat":"repeat","background-position":"center center","background-size":"auto","background-attachment":"scroll","background-type":"","background-media":"","overlay-type":"","overlay-color":"","overlay-opacity":"","overlay-gradient":""},"tablet":{"background-color":"var(--ast-global-color-5)","background-image":"","background-repeat":"repeat","background-position":"center center","background-size":"auto","background-attachment":"scroll","background-type":"","background-media":"","overlay-type":"","overlay-color":"","overlay-opacity":"","overlay-gradient":""},"mobile":{"background-color":"var(--ast-global-color-5)","background-image":"","background-repeat":"repeat","background-position":"center center","background-size":"auto","background-attachment":"scroll","background-type":"","background-media":"","overlay-type":"","overlay-color":"","overlay-opacity":"","overlay-gradient":""}},"footnotes":""},"document_category":[],"pv_category":[],"class_list":["post-549","page","type-page","status-publish","hentry"],"acf":[],"yoast_head":"<!-- This site is optimized with the Yoast SEO plugin v26.4 - https:\/\/yoast.com\/wordpress\/plugins\/seo\/ -->\n<title>Qui sommes-nous? - sssh<\/title>\n<meta name=\"robots\" content=\"index, follow, max-snippet:-1, max-image-preview:large, max-video-preview:-1\" \/>\n<link rel=\"canonical\" href=\"https:\/\/sssh.ch\/fr\/qui_sommes_nous\/\" \/>\n<meta property=\"og:locale\" content=\"fr_FR\" \/>\n<meta property=\"og:type\" content=\"article\" \/>\n<meta property=\"og:title\" content=\"Qui sommes-nous? - sssh\" \/>\n<meta property=\"og:url\" content=\"https:\/\/sssh.ch\/fr\/qui_sommes_nous\/\" \/>\n<meta property=\"og:site_name\" content=\"sssh\" \/>\n<meta property=\"article:modified_time\" content=\"2023-03-09T06:53:01+00:00\" \/>\n<meta property=\"og:image\" content=\"https:\/\/www.sssh.ch\/wp-content\/uploads\/2021\/10\/InstrumentenPacket_019-683x1024.jpg\" \/>\n<meta name=\"twitter:card\" content=\"summary_large_image\" \/>\n<meta name=\"twitter:label1\" content=\"Dur\u00e9e de lecture estim\u00e9e\" \/>\n\t<meta name=\"twitter:data1\" content=\"2 minutes\" \/>\n<script type=\"application\/ld+json\" class=\"yoast-schema-graph\">{\"@context\":\"https:\/\/schema.org\",\"@graph\":[{\"@type\":\"WebPage\",\"@id\":\"https:\/\/sssh.ch\/fr\/qui_sommes_nous\/\",\"url\":\"https:\/\/sssh.ch\/fr\/qui_sommes_nous\/\",\"name\":\"Qui sommes-nous? - sssh\",\"isPartOf\":{\"@id\":\"https:\/\/sssh.ch\/fr\/#website\"},\"primaryImageOfPage\":{\"@id\":\"https:\/\/sssh.ch\/fr\/qui_sommes_nous\/#primaryimage\"},\"image\":{\"@id\":\"https:\/\/sssh.ch\/fr\/qui_sommes_nous\/#primaryimage\"},\"thumbnailUrl\":\"https:\/\/www.sssh.ch\/wp-content\/uploads\/2021\/10\/InstrumentenPacket_019-683x1024.jpg\",\"datePublished\":\"2019-03-11T12:08:38+00:00\",\"dateModified\":\"2023-03-09T06:53:01+00:00\",\"breadcrumb\":{\"@id\":\"https:\/\/sssh.ch\/fr\/qui_sommes_nous\/#breadcrumb\"},\"inLanguage\":\"fr-FR\",\"potentialAction\":[{\"@type\":\"ReadAction\",\"target\":[\"https:\/\/sssh.ch\/fr\/qui_sommes_nous\/\"]}]},{\"@type\":\"ImageObject\",\"inLanguage\":\"fr-FR\",\"@id\":\"https:\/\/sssh.ch\/fr\/qui_sommes_nous\/#primaryimage\",\"url\":\"https:\/\/www.sssh.ch\/wp-content\/uploads\/2021\/10\/InstrumentenPacket_019-683x1024.jpg\",\"contentUrl\":\"https:\/\/www.sssh.ch\/wp-content\/uploads\/2021\/10\/InstrumentenPacket_019-683x1024.jpg\"},{\"@type\":\"BreadcrumbList\",\"@id\":\"https:\/\/sssh.ch\/fr\/qui_sommes_nous\/#breadcrumb\",\"itemListElement\":[{\"@type\":\"ListItem\",\"position\":1,\"name\":\"SSSH\",\"item\":\"https:\/\/sssh.ch\/fr\/\"},{\"@type\":\"ListItem\",\"position\":2,\"name\":\"Qui sommes-nous?\"}]},{\"@type\":\"WebSite\",\"@id\":\"https:\/\/sssh.ch\/fr\/#website\",\"url\":\"https:\/\/sssh.ch\/fr\/\",\"name\":\"sssh\",\"description\":\"Soci\u00e9t\u00e9 suisse de st\u00e9rilisation hospitali\u00e8re\",\"publisher\":{\"@id\":\"https:\/\/sssh.ch\/fr\/#organization\"},\"potentialAction\":[{\"@type\":\"SearchAction\",\"target\":{\"@type\":\"EntryPoint\",\"urlTemplate\":\"https:\/\/sssh.ch\/fr\/?s={search_term_string}\"},\"query-input\":{\"@type\":\"PropertyValueSpecification\",\"valueRequired\":true,\"valueName\":\"search_term_string\"}}],\"inLanguage\":\"fr-FR\"},{\"@type\":\"Organization\",\"@id\":\"https:\/\/sssh.ch\/fr\/#organization\",\"name\":\"sssh\",\"url\":\"https:\/\/sssh.ch\/fr\/\",\"logo\":{\"@type\":\"ImageObject\",\"inLanguage\":\"fr-FR\",\"@id\":\"https:\/\/sssh.ch\/fr\/#\/schema\/logo\/image\/\",\"url\":\"https:\/\/sssh.ch\/wp-content\/uploads\/2021\/09\/cropped-cropped-cropped-cropped-cropped-cropped-cropped-SGSV-SSSH_SSSO_Q_NEUTRE_blanc-768x186-1-1-1.png\",\"contentUrl\":\"https:\/\/sssh.ch\/wp-content\/uploads\/2021\/09\/cropped-cropped-cropped-cropped-cropped-cropped-cropped-SGSV-SSSH_SSSO_Q_NEUTRE_blanc-768x186-1-1-1.png\",\"width\":558,\"height\":186,\"caption\":\"sssh\"},\"image\":{\"@id\":\"https:\/\/sssh.ch\/fr\/#\/schema\/logo\/image\/\"}}]}<\/script>\n<!-- \/ Yoast SEO plugin. -->","yoast_head_json":{"title":"Qui sommes-nous? - sssh","robots":{"index":"index","follow":"follow","max-snippet":"max-snippet:-1","max-image-preview":"max-image-preview:large","max-video-preview":"max-video-preview:-1"},"canonical":"https:\/\/sssh.ch\/fr\/qui_sommes_nous\/","og_locale":"fr_FR","og_type":"article","og_title":"Qui sommes-nous? - sssh","og_url":"https:\/\/sssh.ch\/fr\/qui_sommes_nous\/","og_site_name":"sssh","article_modified_time":"2023-03-09T06:53:01+00:00","og_image":[{"url":"https:\/\/www.sssh.ch\/wp-content\/uploads\/2021\/10\/InstrumentenPacket_019-683x1024.jpg","type":"","width":"","height":""}],"twitter_card":"summary_large_image","twitter_misc":{"Dur\u00e9e de lecture estim\u00e9e":"2 minutes"},"schema":{"@context":"https:\/\/schema.org","@graph":[{"@type":"WebPage","@id":"https:\/\/sssh.ch\/fr\/qui_sommes_nous\/","url":"https:\/\/sssh.ch\/fr\/qui_sommes_nous\/","name":"Qui sommes-nous? - sssh","isPartOf":{"@id":"https:\/\/sssh.ch\/fr\/#website"},"primaryImageOfPage":{"@id":"https:\/\/sssh.ch\/fr\/qui_sommes_nous\/#primaryimage"},"image":{"@id":"https:\/\/sssh.ch\/fr\/qui_sommes_nous\/#primaryimage"},"thumbnailUrl":"https:\/\/www.sssh.ch\/wp-content\/uploads\/2021\/10\/InstrumentenPacket_019-683x1024.jpg","datePublished":"2019-03-11T12:08:38+00:00","dateModified":"2023-03-09T06:53:01+00:00","breadcrumb":{"@id":"https:\/\/sssh.ch\/fr\/qui_sommes_nous\/#breadcrumb"},"inLanguage":"fr-FR","potentialAction":[{"@type":"ReadAction","target":["https:\/\/sssh.ch\/fr\/qui_sommes_nous\/"]}]},{"@type":"ImageObject","inLanguage":"fr-FR","@id":"https:\/\/sssh.ch\/fr\/qui_sommes_nous\/#primaryimage","url":"https:\/\/www.sssh.ch\/wp-content\/uploads\/2021\/10\/InstrumentenPacket_019-683x1024.jpg","contentUrl":"https:\/\/www.sssh.ch\/wp-content\/uploads\/2021\/10\/InstrumentenPacket_019-683x1024.jpg"},{"@type":"BreadcrumbList","@id":"https:\/\/sssh.ch\/fr\/qui_sommes_nous\/#breadcrumb","itemListElement":[{"@type":"ListItem","position":1,"name":"SSSH","item":"https:\/\/sssh.ch\/fr\/"},{"@type":"ListItem","position":2,"name":"Qui sommes-nous?"}]},{"@type":"WebSite","@id":"https:\/\/sssh.ch\/fr\/#website","url":"https:\/\/sssh.ch\/fr\/","name":"sssh","description":"Soci\u00e9t\u00e9 suisse de st\u00e9rilisation hospitali\u00e8re","publisher":{"@id":"https:\/\/sssh.ch\/fr\/#organization"},"potentialAction":[{"@type":"SearchAction","target":{"@type":"EntryPoint","urlTemplate":"https:\/\/sssh.ch\/fr\/?s={search_term_string}"},"query-input":{"@type":"PropertyValueSpecification","valueRequired":true,"valueName":"search_term_string"}}],"inLanguage":"fr-FR"},{"@type":"Organization","@id":"https:\/\/sssh.ch\/fr\/#organization","name":"sssh","url":"https:\/\/sssh.ch\/fr\/","logo":{"@type":"ImageObject","inLanguage":"fr-FR","@id":"https:\/\/sssh.ch\/fr\/#\/schema\/logo\/image\/","url":"https:\/\/sssh.ch\/wp-content\/uploads\/2021\/09\/cropped-cropped-cropped-cropped-cropped-cropped-cropped-SGSV-SSSH_SSSO_Q_NEUTRE_blanc-768x186-1-1-1.png","contentUrl":"https:\/\/sssh.ch\/wp-content\/uploads\/2021\/09\/cropped-cropped-cropped-cropped-cropped-cropped-cropped-SGSV-SSSH_SSSO_Q_NEUTRE_blanc-768x186-1-1-1.png","width":558,"height":186,"caption":"sssh"},"image":{"@id":"https:\/\/sssh.ch\/fr\/#\/schema\/logo\/image\/"}}]}},"publishpress_future_action":{"enabled":false,"date":"2026-04-11 05:54:34","action":"change-status","newStatus":"draft","terms":[],"taxonomy":"translation_priority","extraData":[]},"publishpress_future_workflow_manual_trigger":{"enabledWorkflows":[]},"_links":{"self":[{"href":"https:\/\/sssh.ch\/fr\/wp-json\/wp\/v2\/pages\/549","targetHints":{"allow":["GET"]}}],"collection":[{"href":"https:\/\/sssh.ch\/fr\/wp-json\/wp\/v2\/pages"}],"about":[{"href":"https:\/\/sssh.ch\/fr\/wp-json\/wp\/v2\/types\/page"}],"author":[{"embeddable":true,"href":"https:\/\/sssh.ch\/fr\/wp-json\/wp\/v2\/users\/1"}],"replies":[{"embeddable":true,"href":"https:\/\/sssh.ch\/fr\/wp-json\/wp\/v2\/comments?post=549"}],"version-history":[{"count":5,"href":"https:\/\/sssh.ch\/fr\/wp-json\/wp\/v2\/pages\/549\/revisions"}],"predecessor-version":[{"id":42712,"href":"https:\/\/sssh.ch\/fr\/wp-json\/wp\/v2\/pages\/549\/revisions\/42712"}],"wp:attachment":[{"href":"https:\/\/sssh.ch\/fr\/wp-json\/wp\/v2\/media?parent=549"}],"wp:term":[{"taxonomy":"document_category","embeddable":true,"href":"https:\/\/sssh.ch\/fr\/wp-json\/wp\/v2\/document_category?post=549"},{"taxonomy":"pv_category","embeddable":true,"href":"https:\/\/sssh.ch\/fr\/wp-json\/wp\/v2\/pv_category?post=549"}],"curies":[{"name":"wp","href":"https:\/\/api.w.org\/{rel}","templated":true}]}}