{"id":38533,"date":"2022-05-04T14:36:55","date_gmt":"2022-05-04T12:36:55","guid":{"rendered":"https:\/\/www.sssh.ch\/?page_id=38533"},"modified":"2022-05-04T14:39:39","modified_gmt":"2022-05-04T12:39:39","slug":"liens-utiles","status":"publish","type":"page","link":"https:\/\/sssh.ch\/fr\/liens-utiles\/","title":{"rendered":"Liens utiles"},"content":{"rendered":"\t\t<div data-elementor-type=\"wp-page\" data-elementor-id=\"38533\" class=\"elementor elementor-38533\" data-elementor-post-type=\"page\">\n\t\t\t\t\t\t<section class=\"elementor-section elementor-top-section elementor-element elementor-element-69d7a28 elementor-section-boxed elementor-section-height-default elementor-section-height-default\" data-id=\"69d7a28\" data-element_type=\"section\">\n\t\t\t\t\t\t<div class=\"elementor-container elementor-column-gap-default\">\n\t\t\t\t\t<div class=\"elementor-column elementor-col-50 elementor-top-column elementor-element elementor-element-4295d2b\" data-id=\"4295d2b\" data-element_type=\"column\">\n\t\t\t<div class=\"elementor-widget-wrap elementor-element-populated\">\n\t\t\t\t\t\t<div class=\"elementor-element elementor-element-e9b7991 elementor-widget elementor-widget-text-editor\" data-id=\"e9b7991\" data-element_type=\"widget\" data-widget_type=\"text-editor.default\">\n\t\t\t\t<div class=\"elementor-widget-container\">\n\t\t\t\t\t\t\t\t\t<h4><strong>Suisse<\/strong><\/h4>\n<ul>\n \t<li><a href=\"https:\/\/www.swissmedic.ch\/swissmedic\/fr\/home.html\" target=\"_blank\" rel=\"noopener\">Swissmedic<\/a><\/li>\n \t<li><a href=\"https:\/\/www.bag.admin.ch\/bag\/fr\/home\/das-bag\/publikationen\/periodika\/bag-bulletin.html\" target=\"_blank\" rel=\"noopener\">Bulletins OFSP<\/a><\/li>\n \t<li>et en allemand <a href=\"https:\/\/www.bag.admin.ch\/bag\/de\/home\/das-bag\/publikationen\/periodika\/bag-bulletin.html\" target=\"_blank\" rel=\"noopener\">BAG-Bulletin<\/a><\/li>\n \t<li><a href=\"https:\/\/www.swissnoso.ch\/\" target=\"_blank\" rel=\"noopener\">Swissnoso<\/a> (idem en fran\u00e7ais et en allemand)<\/li>\n \t<li><a href=\"https:\/\/www.orientation.ch\/\" target=\"_blank\" rel=\"noopener\">CFC technologue en DMx<\/a><\/li>\n \t<li><a href=\"https:\/\/www.becc.admin.ch\/becc\/public\/bvz\/beruf\/show\/87101\" target=\"_blank\" rel=\"noopener\">Formation initiale du CFC de TDM<\/a><\/li>\n \t<li><a href=\"https:\/\/www.essante.ch\/\" target=\"_blank\" rel=\"noopener\">Ecole Sup\u00e9rieure de la sant\u00e9<\/a><\/li>\n<\/ul>\n<h4><strong>Soci\u00e9t\u00e9s de st\u00e9rilisation<\/strong><\/h4>\n<ul>\n \t<li><a href=\"https:\/\/wfhss.com\/\" target=\"_blank\" rel=\"noopener\">WFHSS (International)<\/a>\u00a0 (en anglais)<\/li>\n \t<li><a href=\"https:\/\/www.sf2s-sterilisation.fr\/\" target=\"_blank\" rel=\"noopener\">SF2S (France)<\/a>\u00a0 (fran\u00e7ais)<\/li>\n \t<li><a href=\"https:\/\/www.dgsv-ev.de\/\" target=\"_blank\" rel=\"noopener\">DGSV (Allemagne)<\/a> (allemand)<\/li>\n \t<li><a href=\"https:\/\/www.aster-info.be\/\" target=\"_blank\" rel=\"noopener\">ASTER (Belgique)<\/a> (fran\u00e7ais)<\/li>\n \t<li><a href=\"https:\/\/oegsv.com\/wp\/\" target=\"_blank\" rel=\"noopener\">\u00d6GSV (Autriche)<\/a> (allemand)<\/li>\n \t<li><a href=\"https:\/\/aqrdm.org\/\" target=\"_blank\" rel=\"noopener\">ARDM (Qu\u00e9bec)<\/a> (fran\u00e7ais)<\/li>\n \t<li><a href=\"https:\/\/www.aiosterile.org\/\" target=\"_blank\" rel=\"noopener\">AIOS (Italie)<\/a> (italien)<\/li>\n<\/ul>\t\t\t\t\t\t\t\t<\/div>\n\t\t\t\t<\/div>\n\t\t\t\t\t<\/div>\n\t\t<\/div>\n\t\t\t\t<div class=\"elementor-column elementor-col-50 elementor-top-column elementor-element elementor-element-2631fe2\" data-id=\"2631fe2\" data-element_type=\"column\">\n\t\t\t<div class=\"elementor-widget-wrap\">\n\t\t\t\t\t\t\t<\/div>\n\t\t<\/div>\n\t\t\t\t\t<\/div>\n\t\t<\/section>\n\t\t\t\t<\/div>\n\t\t","protected":false},"excerpt":{"rendered":"","protected":false},"author":1,"featured_media":0,"parent":0,"menu_order":0,"comment_status":"closed","ping_status":"closed","template":"","meta":{"_acf_changed":false,"site-sidebar-layout":"no-sidebar","site-content-layout":"page-builder","ast-site-content-layout":"default","site-content-style":"default","site-sidebar-style":"default","ast-global-header-display":"","ast-banner-title-visibility":"","ast-main-header-display":"","ast-hfb-above-header-display":"","ast-hfb-below-header-display":"","ast-hfb-mobile-header-display":"","site-post-title":"disabled","ast-breadcrumbs-content":"","ast-featured-img":"disabled","footer-sml-layout":"","theme-transparent-header-meta":"default","adv-header-id-meta":"","stick-header-meta":"default","header-above-stick-meta":"","header-main-stick-meta":"","header-below-stick-meta":"","astra-migrate-meta-layouts":"default","ast-page-background-enabled":"default","ast-page-background-meta":{"desktop":{"background-color":"","background-image":"","background-repeat":"repeat","background-position":"center center","background-size":"auto","background-attachment":"scroll","background-type":"","background-media":"","overlay-type":"","overlay-color":"","overlay-opacity":"","overlay-gradient":""},"tablet":{"background-color":"","background-image":"","background-repeat":"repeat","background-position":"center center","background-size":"auto","background-attachment":"scroll","background-type":"","background-media":"","overlay-type":"","overlay-color":"","overlay-opacity":"","overlay-gradient":""},"mobile":{"background-color":"","background-image":"","background-repeat":"repeat","background-position":"center center","background-size":"auto","background-attachment":"scroll","background-type":"","background-media":"","overlay-type":"","overlay-color":"","overlay-opacity":"","overlay-gradient":""}},"ast-content-background-meta":{"desktop":{"background-color":"var(--ast-global-color-5)","background-image":"","background-repeat":"repeat","background-position":"center center","background-size":"auto","background-attachment":"scroll","background-type":"","background-media":"","overlay-type":"","overlay-color":"","overlay-opacity":"","overlay-gradient":""},"tablet":{"background-color":"var(--ast-global-color-5)","background-image":"","background-repeat":"repeat","background-position":"center center","background-size":"auto","background-attachment":"scroll","background-type":"","background-media":"","overlay-type":"","overlay-color":"","overlay-opacity":"","overlay-gradient":""},"mobile":{"background-color":"var(--ast-global-color-5)","background-image":"","background-repeat":"repeat","background-position":"center center","background-size":"auto","background-attachment":"scroll","background-type":"","background-media":"","overlay-type":"","overlay-color":"","overlay-opacity":"","overlay-gradient":""}},"footnotes":""},"document_category":[],"pv_category":[],"class_list":["post-38533","page","type-page","status-publish","hentry"],"acf":[],"yoast_head":"<!-- This site is optimized with the Yoast SEO plugin v26.4 - https:\/\/yoast.com\/wordpress\/plugins\/seo\/ -->\n<title>Liens utiles - sssh<\/title>\n<meta name=\"robots\" content=\"index, follow, max-snippet:-1, max-image-preview:large, max-video-preview:-1\" \/>\n<link rel=\"canonical\" href=\"https:\/\/sssh.ch\/fr\/liens-utiles\/\" \/>\n<meta property=\"og:locale\" content=\"fr_FR\" \/>\n<meta property=\"og:type\" content=\"article\" \/>\n<meta property=\"og:title\" content=\"Liens utiles - sssh\" \/>\n<meta property=\"og:url\" content=\"https:\/\/sssh.ch\/fr\/liens-utiles\/\" \/>\n<meta property=\"og:site_name\" content=\"sssh\" \/>\n<meta property=\"article:modified_time\" content=\"2022-05-04T12:39:39+00:00\" \/>\n<meta name=\"twitter:card\" content=\"summary_large_image\" \/>\n<meta name=\"twitter:label1\" content=\"Dur\u00e9e de lecture estim\u00e9e\" \/>\n\t<meta name=\"twitter:data1\" content=\"1 minute\" \/>\n<script type=\"application\/ld+json\" class=\"yoast-schema-graph\">{\"@context\":\"https:\/\/schema.org\",\"@graph\":[{\"@type\":\"WebPage\",\"@id\":\"https:\/\/sssh.ch\/fr\/liens-utiles\/\",\"url\":\"https:\/\/sssh.ch\/fr\/liens-utiles\/\",\"name\":\"Liens utiles - sssh\",\"isPartOf\":{\"@id\":\"https:\/\/sssh.ch\/fr\/#website\"},\"datePublished\":\"2022-05-04T12:36:55+00:00\",\"dateModified\":\"2022-05-04T12:39:39+00:00\",\"breadcrumb\":{\"@id\":\"https:\/\/sssh.ch\/fr\/liens-utiles\/#breadcrumb\"},\"inLanguage\":\"fr-FR\",\"potentialAction\":[{\"@type\":\"ReadAction\",\"target\":[\"https:\/\/sssh.ch\/fr\/liens-utiles\/\"]}]},{\"@type\":\"BreadcrumbList\",\"@id\":\"https:\/\/sssh.ch\/fr\/liens-utiles\/#breadcrumb\",\"itemListElement\":[{\"@type\":\"ListItem\",\"position\":1,\"name\":\"SSSH\",\"item\":\"https:\/\/sssh.ch\/fr\/\"},{\"@type\":\"ListItem\",\"position\":2,\"name\":\"Liens utiles\"}]},{\"@type\":\"WebSite\",\"@id\":\"https:\/\/sssh.ch\/fr\/#website\",\"url\":\"https:\/\/sssh.ch\/fr\/\",\"name\":\"sssh\",\"description\":\"Soci\u00e9t\u00e9 suisse de st\u00e9rilisation hospitali\u00e8re\",\"publisher\":{\"@id\":\"https:\/\/sssh.ch\/fr\/#organization\"},\"potentialAction\":[{\"@type\":\"SearchAction\",\"target\":{\"@type\":\"EntryPoint\",\"urlTemplate\":\"https:\/\/sssh.ch\/fr\/?s={search_term_string}\"},\"query-input\":{\"@type\":\"PropertyValueSpecification\",\"valueRequired\":true,\"valueName\":\"search_term_string\"}}],\"inLanguage\":\"fr-FR\"},{\"@type\":\"Organization\",\"@id\":\"https:\/\/sssh.ch\/fr\/#organization\",\"name\":\"sssh\",\"url\":\"https:\/\/sssh.ch\/fr\/\",\"logo\":{\"@type\":\"ImageObject\",\"inLanguage\":\"fr-FR\",\"@id\":\"https:\/\/sssh.ch\/fr\/#\/schema\/logo\/image\/\",\"url\":\"https:\/\/sssh.ch\/wp-content\/uploads\/2021\/09\/cropped-cropped-cropped-cropped-cropped-cropped-cropped-SGSV-SSSH_SSSO_Q_NEUTRE_blanc-768x186-1-1-1.png\",\"contentUrl\":\"https:\/\/sssh.ch\/wp-content\/uploads\/2021\/09\/cropped-cropped-cropped-cropped-cropped-cropped-cropped-SGSV-SSSH_SSSO_Q_NEUTRE_blanc-768x186-1-1-1.png\",\"width\":558,\"height\":186,\"caption\":\"sssh\"},\"image\":{\"@id\":\"https:\/\/sssh.ch\/fr\/#\/schema\/logo\/image\/\"}}]}<\/script>\n<!-- \/ Yoast SEO plugin. -->","yoast_head_json":{"title":"Liens utiles - sssh","robots":{"index":"index","follow":"follow","max-snippet":"max-snippet:-1","max-image-preview":"max-image-preview:large","max-video-preview":"max-video-preview:-1"},"canonical":"https:\/\/sssh.ch\/fr\/liens-utiles\/","og_locale":"fr_FR","og_type":"article","og_title":"Liens utiles - sssh","og_url":"https:\/\/sssh.ch\/fr\/liens-utiles\/","og_site_name":"sssh","article_modified_time":"2022-05-04T12:39:39+00:00","twitter_card":"summary_large_image","twitter_misc":{"Dur\u00e9e de lecture estim\u00e9e":"1 minute"},"schema":{"@context":"https:\/\/schema.org","@graph":[{"@type":"WebPage","@id":"https:\/\/sssh.ch\/fr\/liens-utiles\/","url":"https:\/\/sssh.ch\/fr\/liens-utiles\/","name":"Liens utiles - sssh","isPartOf":{"@id":"https:\/\/sssh.ch\/fr\/#website"},"datePublished":"2022-05-04T12:36:55+00:00","dateModified":"2022-05-04T12:39:39+00:00","breadcrumb":{"@id":"https:\/\/sssh.ch\/fr\/liens-utiles\/#breadcrumb"},"inLanguage":"fr-FR","potentialAction":[{"@type":"ReadAction","target":["https:\/\/sssh.ch\/fr\/liens-utiles\/"]}]},{"@type":"BreadcrumbList","@id":"https:\/\/sssh.ch\/fr\/liens-utiles\/#breadcrumb","itemListElement":[{"@type":"ListItem","position":1,"name":"SSSH","item":"https:\/\/sssh.ch\/fr\/"},{"@type":"ListItem","position":2,"name":"Liens utiles"}]},{"@type":"WebSite","@id":"https:\/\/sssh.ch\/fr\/#website","url":"https:\/\/sssh.ch\/fr\/","name":"sssh","description":"Soci\u00e9t\u00e9 suisse de st\u00e9rilisation hospitali\u00e8re","publisher":{"@id":"https:\/\/sssh.ch\/fr\/#organization"},"potentialAction":[{"@type":"SearchAction","target":{"@type":"EntryPoint","urlTemplate":"https:\/\/sssh.ch\/fr\/?s={search_term_string}"},"query-input":{"@type":"PropertyValueSpecification","valueRequired":true,"valueName":"search_term_string"}}],"inLanguage":"fr-FR"},{"@type":"Organization","@id":"https:\/\/sssh.ch\/fr\/#organization","name":"sssh","url":"https:\/\/sssh.ch\/fr\/","logo":{"@type":"ImageObject","inLanguage":"fr-FR","@id":"https:\/\/sssh.ch\/fr\/#\/schema\/logo\/image\/","url":"https:\/\/sssh.ch\/wp-content\/uploads\/2021\/09\/cropped-cropped-cropped-cropped-cropped-cropped-cropped-SGSV-SSSH_SSSO_Q_NEUTRE_blanc-768x186-1-1-1.png","contentUrl":"https:\/\/sssh.ch\/wp-content\/uploads\/2021\/09\/cropped-cropped-cropped-cropped-cropped-cropped-cropped-SGSV-SSSH_SSSO_Q_NEUTRE_blanc-768x186-1-1-1.png","width":558,"height":186,"caption":"sssh"},"image":{"@id":"https:\/\/sssh.ch\/fr\/#\/schema\/logo\/image\/"}}]}},"publishpress_future_action":{"enabled":false,"date":"2026-04-11 12:06:01","action":"change-status","newStatus":"draft","terms":[],"taxonomy":"translation_priority","extraData":[]},"publishpress_future_workflow_manual_trigger":{"enabledWorkflows":[]},"_links":{"self":[{"href":"https:\/\/sssh.ch\/fr\/wp-json\/wp\/v2\/pages\/38533","targetHints":{"allow":["GET"]}}],"collection":[{"href":"https:\/\/sssh.ch\/fr\/wp-json\/wp\/v2\/pages"}],"about":[{"href":"https:\/\/sssh.ch\/fr\/wp-json\/wp\/v2\/types\/page"}],"author":[{"embeddable":true,"href":"https:\/\/sssh.ch\/fr\/wp-json\/wp\/v2\/users\/1"}],"replies":[{"embeddable":true,"href":"https:\/\/sssh.ch\/fr\/wp-json\/wp\/v2\/comments?post=38533"}],"version-history":[{"count":4,"href":"https:\/\/sssh.ch\/fr\/wp-json\/wp\/v2\/pages\/38533\/revisions"}],"predecessor-version":[{"id":38541,"href":"https:\/\/sssh.ch\/fr\/wp-json\/wp\/v2\/pages\/38533\/revisions\/38541"}],"wp:attachment":[{"href":"https:\/\/sssh.ch\/fr\/wp-json\/wp\/v2\/media?parent=38533"}],"wp:term":[{"taxonomy":"document_category","embeddable":true,"href":"https:\/\/sssh.ch\/fr\/wp-json\/wp\/v2\/document_category?post=38533"},{"taxonomy":"pv_category","embeddable":true,"href":"https:\/\/sssh.ch\/fr\/wp-json\/wp\/v2\/pv_category?post=38533"}],"curies":[{"name":"wp","href":"https:\/\/api.w.org\/{rel}","templated":true}]}}