{"id":44475,"date":"2024-03-27T14:36:39","date_gmt":"2024-03-27T13:36:39","guid":{"rendered":"https:\/\/www.sssh.ch\/?page_id=44475"},"modified":"2025-09-23T11:48:57","modified_gmt":"2025-09-23T09:48:57","slug":"protokolle-der-hauptversammlungen","status":"publish","type":"page","link":"https:\/\/sssh.ch\/de\/protokolle-der-hauptversammlungen\/","title":{"rendered":"Protokolle der Hauptversammlungen"},"content":{"rendered":"\t\t<div data-elementor-type=\"wp-page\" data-elementor-id=\"44475\" class=\"elementor elementor-44475 elementor-44474\" data-elementor-post-type=\"page\">\n\t\t\t\t\t\t<section class=\"elementor-section elementor-top-section elementor-element elementor-element-e6ab56a elementor-section-boxed elementor-section-height-default elementor-section-height-default\" data-id=\"e6ab56a\" data-element_type=\"section\">\n\t\t\t\t\t\t<div class=\"elementor-container elementor-column-gap-default\">\n\t\t\t\t\t<div class=\"elementor-column elementor-col-50 elementor-top-column elementor-element elementor-element-fb08362\" data-id=\"fb08362\" data-element_type=\"column\">\n\t\t\t<div class=\"elementor-widget-wrap elementor-element-populated\">\n\t\t\t\t\t\t<div class=\"elementor-element elementor-element-e8be0af elementor-view-stacked elementor-position-left elementor-shape-circle elementor-mobile-position-top elementor-widget elementor-widget-icon-box\" data-id=\"e8be0af\" data-element_type=\"widget\" data-widget_type=\"icon-box.default\">\n\t\t\t\t<div class=\"elementor-widget-container\">\n\t\t\t\t\t\t\t<div class=\"elementor-icon-box-wrapper\">\n\n\t\t\t\t\t\t<div class=\"elementor-icon-box-icon\">\n\t\t\t\t<a href=\"\/wp-content\/uploads\/2025\/09\/Protocole_41e_AG_2025_allemand.pdf\" target=\"_blank\" class=\"elementor-icon\" tabindex=\"-1\" aria-label=\"Protokoll der 41. Generalversammlung der SGSV, 2025\">\n\t\t\t\t<i aria-hidden=\"true\" class=\"far fa-file-pdf\"><\/i>\t\t\t\t<\/a>\n\t\t\t<\/div>\n\t\t\t\n\t\t\t\t\t\t<div class=\"elementor-icon-box-content\">\n\n\t\t\t\t\t\t\t\t\t<h6 class=\"elementor-icon-box-title\">\n\t\t\t\t\t\t<a href=\"\/wp-content\/uploads\/2025\/09\/Protocole_41e_AG_2025_allemand.pdf\" target=\"_blank\" >\n\t\t\t\t\t\t\tProtokoll der 41. Generalversammlung der SGSV, 2025\t\t\t\t\t\t<\/a>\n\t\t\t\t\t<\/h6>\n\t\t\t\t\n\t\t\t\t\n\t\t\t<\/div>\n\t\t\t\n\t\t<\/div>\n\t\t\t\t\t\t<\/div>\n\t\t\t\t<\/div>\n\t\t\t\t<div class=\"elementor-element elementor-element-1b3e935 elementor-view-stacked elementor-position-left elementor-shape-circle elementor-mobile-position-top elementor-widget elementor-widget-icon-box\" data-id=\"1b3e935\" data-element_type=\"widget\" data-widget_type=\"icon-box.default\">\n\t\t\t\t<div class=\"elementor-widget-container\">\n\t\t\t\t\t\t\t<div class=\"elementor-icon-box-wrapper\">\n\n\t\t\t\t\t\t<div class=\"elementor-icon-box-icon\">\n\t\t\t\t<a href=\"https:\/\/www.sssh.ch\/wp-content\/uploads\/2024\/07\/Protokoll-GV-SGSV-SSSH-SSSO-Biel-20-06-2024-A.pdf\" target=\"_blank\" class=\"elementor-icon\" tabindex=\"-1\" aria-label=\"Protokoll der 40. Generalversammlung der SGSV, 2024\">\n\t\t\t\t<i aria-hidden=\"true\" class=\"far fa-file-pdf\"><\/i>\t\t\t\t<\/a>\n\t\t\t<\/div>\n\t\t\t\n\t\t\t\t\t\t<div class=\"elementor-icon-box-content\">\n\n\t\t\t\t\t\t\t\t\t<h6 class=\"elementor-icon-box-title\">\n\t\t\t\t\t\t<a href=\"https:\/\/www.sssh.ch\/wp-content\/uploads\/2024\/07\/Protokoll-GV-SGSV-SSSH-SSSO-Biel-20-06-2024-A.pdf\" target=\"_blank\" >\n\t\t\t\t\t\t\tProtokoll der 40. Generalversammlung der SGSV, 2024\t\t\t\t\t\t<\/a>\n\t\t\t\t\t<\/h6>\n\t\t\t\t\n\t\t\t\t\n\t\t\t<\/div>\n\t\t\t\n\t\t<\/div>\n\t\t\t\t\t\t<\/div>\n\t\t\t\t<\/div>\n\t\t\t\t<div class=\"elementor-element elementor-element-c856787 elementor-view-stacked elementor-position-left elementor-shape-circle elementor-mobile-position-top elementor-widget elementor-widget-icon-box\" data-id=\"c856787\" data-element_type=\"widget\" data-widget_type=\"icon-box.default\">\n\t\t\t\t<div class=\"elementor-widget-container\">\n\t\t\t\t\t\t\t<div class=\"elementor-icon-box-wrapper\">\n\n\t\t\t\t\t\t<div class=\"elementor-icon-box-icon\">\n\t\t\t\t<a href=\"https:\/\/www.sssh.ch\/wp-content\/uploads\/2024\/03\/2023_Protocole-de-la-39e-assemblee-generale-de-la-SGSV-SSSH-SSSO-2023-de.pdf\" target=\"_blank\" class=\"elementor-icon\" tabindex=\"-1\" aria-label=\"Protokoll der 39. Generalversammlung der SGSV, 2023\">\n\t\t\t\t<i aria-hidden=\"true\" class=\"far fa-file-pdf\"><\/i>\t\t\t\t<\/a>\n\t\t\t<\/div>\n\t\t\t\n\t\t\t\t\t\t<div class=\"elementor-icon-box-content\">\n\n\t\t\t\t\t\t\t\t\t<h6 class=\"elementor-icon-box-title\">\n\t\t\t\t\t\t<a href=\"https:\/\/www.sssh.ch\/wp-content\/uploads\/2024\/03\/2023_Protocole-de-la-39e-assemblee-generale-de-la-SGSV-SSSH-SSSO-2023-de.pdf\" target=\"_blank\" >\n\t\t\t\t\t\t\tProtokoll der 39. Generalversammlung der SGSV, 2023\t\t\t\t\t\t<\/a>\n\t\t\t\t\t<\/h6>\n\t\t\t\t\n\t\t\t\t\n\t\t\t<\/div>\n\t\t\t\n\t\t<\/div>\n\t\t\t\t\t\t<\/div>\n\t\t\t\t<\/div>\n\t\t\t\t<div class=\"elementor-element elementor-element-a37d2fc elementor-view-stacked elementor-position-left elementor-shape-circle elementor-mobile-position-top elementor-widget elementor-widget-icon-box\" data-id=\"a37d2fc\" data-element_type=\"widget\" data-widget_type=\"icon-box.default\">\n\t\t\t\t<div class=\"elementor-widget-container\">\n\t\t\t\t\t\t\t<div class=\"elementor-icon-box-wrapper\">\n\n\t\t\t\t\t\t<div class=\"elementor-icon-box-icon\">\n\t\t\t\t<a href=\"https:\/\/www.sssh.ch\/wp-content\/uploads\/2024\/03\/2022_pv-assemblee-generale-23-juin-2022_D.pdf\" target=\"_blank\" class=\"elementor-icon\" tabindex=\"-1\" aria-label=\"Protokoll der 38. Generalversammlung der SGSV, 2022\">\n\t\t\t\t<i aria-hidden=\"true\" class=\"far fa-file-pdf\"><\/i>\t\t\t\t<\/a>\n\t\t\t<\/div>\n\t\t\t\n\t\t\t\t\t\t<div class=\"elementor-icon-box-content\">\n\n\t\t\t\t\t\t\t\t\t<h6 class=\"elementor-icon-box-title\">\n\t\t\t\t\t\t<a href=\"https:\/\/www.sssh.ch\/wp-content\/uploads\/2024\/03\/2022_pv-assemblee-generale-23-juin-2022_D.pdf\" target=\"_blank\" >\n\t\t\t\t\t\t\tProtokoll der 38. Generalversammlung der SGSV, 2022\t\t\t\t\t\t<\/a>\n\t\t\t\t\t<\/h6>\n\t\t\t\t\n\t\t\t\t\n\t\t\t<\/div>\n\t\t\t\n\t\t<\/div>\n\t\t\t\t\t\t<\/div>\n\t\t\t\t<\/div>\n\t\t\t\t<div class=\"elementor-element elementor-element-bfedb8c elementor-view-stacked elementor-position-left elementor-shape-circle elementor-mobile-position-top elementor-widget elementor-widget-icon-box\" data-id=\"bfedb8c\" data-element_type=\"widget\" data-widget_type=\"icon-box.default\">\n\t\t\t\t<div class=\"elementor-widget-container\">\n\t\t\t\t\t\t\t<div class=\"elementor-icon-box-wrapper\">\n\n\t\t\t\t\t\t<div class=\"elementor-icon-box-icon\">\n\t\t\t\t<a href=\"https:\/\/www.sssh.ch\/wp-content\/uploads\/2024\/03\/2021_PV-AG_allemand.pdf\" target=\"_blank\" class=\"elementor-icon\" tabindex=\"-1\" aria-label=\"Protokoll der 37. Generalversammlung der SGSV, 2021\">\n\t\t\t\t<i aria-hidden=\"true\" class=\"far fa-file-pdf\"><\/i>\t\t\t\t<\/a>\n\t\t\t<\/div>\n\t\t\t\n\t\t\t\t\t\t<div class=\"elementor-icon-box-content\">\n\n\t\t\t\t\t\t\t\t\t<h6 class=\"elementor-icon-box-title\">\n\t\t\t\t\t\t<a href=\"https:\/\/www.sssh.ch\/wp-content\/uploads\/2024\/03\/2021_PV-AG_allemand.pdf\" target=\"_blank\" >\n\t\t\t\t\t\t\tProtokoll der 37. Generalversammlung der SGSV, 2021\t\t\t\t\t\t<\/a>\n\t\t\t\t\t<\/h6>\n\t\t\t\t\n\t\t\t\t\n\t\t\t<\/div>\n\t\t\t\n\t\t<\/div>\n\t\t\t\t\t\t<\/div>\n\t\t\t\t<\/div>\n\t\t\t\t<div class=\"elementor-element elementor-element-a109e59 elementor-view-stacked elementor-position-left elementor-shape-circle elementor-mobile-position-top elementor-widget elementor-widget-icon-box\" data-id=\"a109e59\" data-element_type=\"widget\" data-widget_type=\"icon-box.default\">\n\t\t\t\t<div class=\"elementor-widget-container\">\n\t\t\t\t\t\t\t<div class=\"elementor-icon-box-wrapper\">\n\n\t\t\t\t\t\t<div class=\"elementor-icon-box-icon\">\n\t\t\t\t<a href=\"https:\/\/www.sssh.ch\/wp-content\/uploads\/2024\/03\/f0220_protocole_D.pdf\" target=\"_blank\" class=\"elementor-icon\" tabindex=\"-1\" aria-label=\"Protokoll der 36. Generalversammlung der SGSV, 2020\">\n\t\t\t\t<i aria-hidden=\"true\" class=\"far fa-file-pdf\"><\/i>\t\t\t\t<\/a>\n\t\t\t<\/div>\n\t\t\t\n\t\t\t\t\t\t<div class=\"elementor-icon-box-content\">\n\n\t\t\t\t\t\t\t\t\t<h6 class=\"elementor-icon-box-title\">\n\t\t\t\t\t\t<a href=\"https:\/\/www.sssh.ch\/wp-content\/uploads\/2024\/03\/f0220_protocole_D.pdf\" target=\"_blank\" >\n\t\t\t\t\t\t\tProtokoll der 36. Generalversammlung der SGSV, 2020\t\t\t\t\t\t<\/a>\n\t\t\t\t\t<\/h6>\n\t\t\t\t\n\t\t\t\t\n\t\t\t<\/div>\n\t\t\t\n\t\t<\/div>\n\t\t\t\t\t\t<\/div>\n\t\t\t\t<\/div>\n\t\t\t\t\t<\/div>\n\t\t<\/div>\n\t\t\t\t<div class=\"elementor-column elementor-col-50 elementor-top-column elementor-element elementor-element-6e9ef33\" data-id=\"6e9ef33\" data-element_type=\"column\">\n\t\t\t<div class=\"elementor-widget-wrap elementor-element-populated\">\n\t\t\t\t\t\t<div class=\"elementor-element elementor-element-32124fb elementor-view-stacked elementor-position-left elementor-shape-circle elementor-mobile-position-top elementor-widget elementor-widget-icon-box\" data-id=\"32124fb\" data-element_type=\"widget\" data-widget_type=\"icon-box.default\">\n\t\t\t\t<div class=\"elementor-widget-container\">\n\t\t\t\t\t\t\t<div class=\"elementor-icon-box-wrapper\">\n\n\t\t\t\t\t\t<div class=\"elementor-icon-box-icon\">\n\t\t\t\t<a href=\"https:\/\/www.sssh.ch\/wp-content\/uploads\/2024\/03\/f0219_protocole_D.pdf\" target=\"_blank\" class=\"elementor-icon\" tabindex=\"-1\" aria-label=\"Protokoll der 35. Generalversammlung der SGSV, 2019\">\n\t\t\t\t<i aria-hidden=\"true\" class=\"far fa-file-pdf\"><\/i>\t\t\t\t<\/a>\n\t\t\t<\/div>\n\t\t\t\n\t\t\t\t\t\t<div class=\"elementor-icon-box-content\">\n\n\t\t\t\t\t\t\t\t\t<h6 class=\"elementor-icon-box-title\">\n\t\t\t\t\t\t<a href=\"https:\/\/www.sssh.ch\/wp-content\/uploads\/2024\/03\/f0219_protocole_D.pdf\" target=\"_blank\" >\n\t\t\t\t\t\t\tProtokoll der 35. Generalversammlung der SGSV, 2019\t\t\t\t\t\t<\/a>\n\t\t\t\t\t<\/h6>\n\t\t\t\t\n\t\t\t\t\n\t\t\t<\/div>\n\t\t\t\n\t\t<\/div>\n\t\t\t\t\t\t<\/div>\n\t\t\t\t<\/div>\n\t\t\t\t<div class=\"elementor-element elementor-element-ab85d72 elementor-view-stacked elementor-position-left elementor-shape-circle elementor-mobile-position-top elementor-widget elementor-widget-icon-box\" data-id=\"ab85d72\" data-element_type=\"widget\" data-widget_type=\"icon-box.default\">\n\t\t\t\t<div class=\"elementor-widget-container\">\n\t\t\t\t\t\t\t<div class=\"elementor-icon-box-wrapper\">\n\n\t\t\t\t\t\t<div class=\"elementor-icon-box-icon\">\n\t\t\t\t<a href=\"https:\/\/www.sssh.ch\/wp-content\/uploads\/2024\/03\/f0218_mayor_D.pdf\" target=\"_blank\" class=\"elementor-icon\" tabindex=\"-1\" aria-label=\"Protokoll der 34. Generalversammlung der SGSV, 2018\">\n\t\t\t\t<i aria-hidden=\"true\" class=\"far fa-file-pdf\"><\/i>\t\t\t\t<\/a>\n\t\t\t<\/div>\n\t\t\t\n\t\t\t\t\t\t<div class=\"elementor-icon-box-content\">\n\n\t\t\t\t\t\t\t\t\t<h6 class=\"elementor-icon-box-title\">\n\t\t\t\t\t\t<a href=\"https:\/\/www.sssh.ch\/wp-content\/uploads\/2024\/03\/f0218_mayor_D.pdf\" target=\"_blank\" >\n\t\t\t\t\t\t\tProtokoll der 34. Generalversammlung der SGSV, 2018\t\t\t\t\t\t<\/a>\n\t\t\t\t\t<\/h6>\n\t\t\t\t\n\t\t\t\t\n\t\t\t<\/div>\n\t\t\t\n\t\t<\/div>\n\t\t\t\t\t\t<\/div>\n\t\t\t\t<\/div>\n\t\t\t\t<div class=\"elementor-element elementor-element-32478e2 elementor-view-stacked elementor-position-left elementor-shape-circle elementor-mobile-position-top elementor-widget elementor-widget-icon-box\" data-id=\"32478e2\" data-element_type=\"widget\" data-widget_type=\"icon-box.default\">\n\t\t\t\t<div class=\"elementor-widget-container\">\n\t\t\t\t\t\t\t<div class=\"elementor-icon-box-wrapper\">\n\n\t\t\t\t\t\t<div class=\"elementor-icon-box-icon\">\n\t\t\t\t<a href=\"https:\/\/www.sssh.ch\/wp-content\/uploads\/2024\/03\/f0217_mayor_D.pdf\" target=\"_blank\" class=\"elementor-icon\" tabindex=\"-1\" aria-label=\"Protokoll der 33. Generalversammlung der SGSV, 2017\">\n\t\t\t\t<i aria-hidden=\"true\" class=\"far fa-file-pdf\"><\/i>\t\t\t\t<\/a>\n\t\t\t<\/div>\n\t\t\t\n\t\t\t\t\t\t<div class=\"elementor-icon-box-content\">\n\n\t\t\t\t\t\t\t\t\t<h6 class=\"elementor-icon-box-title\">\n\t\t\t\t\t\t<a href=\"https:\/\/www.sssh.ch\/wp-content\/uploads\/2024\/03\/f0217_mayor_D.pdf\" target=\"_blank\" >\n\t\t\t\t\t\t\tProtokoll der 33. Generalversammlung der SGSV, 2017\t\t\t\t\t\t<\/a>\n\t\t\t\t\t<\/h6>\n\t\t\t\t\n\t\t\t\t\n\t\t\t<\/div>\n\t\t\t\n\t\t<\/div>\n\t\t\t\t\t\t<\/div>\n\t\t\t\t<\/div>\n\t\t\t\t<div class=\"elementor-element elementor-element-b5b87ec elementor-view-stacked elementor-position-left elementor-shape-circle elementor-mobile-position-top elementor-widget elementor-widget-icon-box\" data-id=\"b5b87ec\" data-element_type=\"widget\" data-widget_type=\"icon-box.default\">\n\t\t\t\t<div class=\"elementor-widget-container\">\n\t\t\t\t\t\t\t<div class=\"elementor-icon-box-wrapper\">\n\n\t\t\t\t\t\t<div class=\"elementor-icon-box-icon\">\n\t\t\t\t<a href=\"https:\/\/www.sssh.ch\/wp-content\/uploads\/2024\/03\/f0216_mayor_D.pdf\" target=\"_blank\" class=\"elementor-icon\" tabindex=\"-1\" aria-label=\"Protokoll der 32. Generalversammlung der SGSV, 2016\">\n\t\t\t\t<i aria-hidden=\"true\" class=\"far fa-file-pdf\"><\/i>\t\t\t\t<\/a>\n\t\t\t<\/div>\n\t\t\t\n\t\t\t\t\t\t<div class=\"elementor-icon-box-content\">\n\n\t\t\t\t\t\t\t\t\t<h6 class=\"elementor-icon-box-title\">\n\t\t\t\t\t\t<a href=\"https:\/\/www.sssh.ch\/wp-content\/uploads\/2024\/03\/f0216_mayor_D.pdf\" target=\"_blank\" >\n\t\t\t\t\t\t\tProtokoll der 32. Generalversammlung der SGSV, 2016\t\t\t\t\t\t<\/a>\n\t\t\t\t\t<\/h6>\n\t\t\t\t\n\t\t\t\t\n\t\t\t<\/div>\n\t\t\t\n\t\t<\/div>\n\t\t\t\t\t\t<\/div>\n\t\t\t\t<\/div>\n\t\t\t\t<div class=\"elementor-element elementor-element-0239d59 elementor-view-stacked elementor-position-left elementor-shape-circle elementor-mobile-position-top elementor-widget elementor-widget-icon-box\" data-id=\"0239d59\" data-element_type=\"widget\" data-widget_type=\"icon-box.default\">\n\t\t\t\t<div class=\"elementor-widget-container\">\n\t\t\t\t\t\t\t<div class=\"elementor-icon-box-wrapper\">\n\n\t\t\t\t\t\t<div class=\"elementor-icon-box-icon\">\n\t\t\t\t<a href=\"https:\/\/www.sssh.ch\/wp-content\/uploads\/2024\/03\/f0215_mayor_D.pdf\" target=\"_blank\" class=\"elementor-icon\" tabindex=\"-1\" aria-label=\"Protokoll der 31. Generalversammlung der SGSV, 2015\">\n\t\t\t\t<i aria-hidden=\"true\" class=\"far fa-file-pdf\"><\/i>\t\t\t\t<\/a>\n\t\t\t<\/div>\n\t\t\t\n\t\t\t\t\t\t<div class=\"elementor-icon-box-content\">\n\n\t\t\t\t\t\t\t\t\t<h6 class=\"elementor-icon-box-title\">\n\t\t\t\t\t\t<a href=\"https:\/\/www.sssh.ch\/wp-content\/uploads\/2024\/03\/f0215_mayor_D.pdf\" target=\"_blank\" >\n\t\t\t\t\t\t\tProtokoll der 31. Generalversammlung der SGSV, 2015\t\t\t\t\t\t<\/a>\n\t\t\t\t\t<\/h6>\n\t\t\t\t\n\t\t\t\t\n\t\t\t<\/div>\n\t\t\t\n\t\t<\/div>\n\t\t\t\t\t\t<\/div>\n\t\t\t\t<\/div>\n\t\t\t\t<div class=\"elementor-element elementor-element-43cdab5 elementor-view-stacked elementor-position-left elementor-shape-circle elementor-mobile-position-top elementor-widget elementor-widget-icon-box\" data-id=\"43cdab5\" data-element_type=\"widget\" data-widget_type=\"icon-box.default\">\n\t\t\t\t<div class=\"elementor-widget-container\">\n\t\t\t\t\t\t\t<div class=\"elementor-icon-box-wrapper\">\n\n\t\t\t\t\t\t<div class=\"elementor-icon-box-icon\">\n\t\t\t\t<a href=\"https:\/\/www.sssh.ch\/wp-content\/uploads\/2024\/03\/f0214_mayor_D.pdf\" target=\"_blank\" class=\"elementor-icon\" tabindex=\"-1\" aria-label=\"Protokoll der 30. Generalversammlung der SGSV, 2014\">\n\t\t\t\t<i aria-hidden=\"true\" class=\"far fa-file-pdf\"><\/i>\t\t\t\t<\/a>\n\t\t\t<\/div>\n\t\t\t\n\t\t\t\t\t\t<div class=\"elementor-icon-box-content\">\n\n\t\t\t\t\t\t\t\t\t<h6 class=\"elementor-icon-box-title\">\n\t\t\t\t\t\t<a href=\"https:\/\/www.sssh.ch\/wp-content\/uploads\/2024\/03\/f0214_mayor_D.pdf\" target=\"_blank\" >\n\t\t\t\t\t\t\tProtokoll der 30. Generalversammlung der SGSV, 2014\t\t\t\t\t\t<\/a>\n\t\t\t\t\t<\/h6>\n\t\t\t\t\n\t\t\t\t\n\t\t\t<\/div>\n\t\t\t\n\t\t<\/div>\n\t\t\t\t\t\t<\/div>\n\t\t\t\t<\/div>\n\t\t\t\t\t<\/div>\n\t\t<\/div>\n\t\t\t\t\t<\/div>\n\t\t<\/section>\n\t\t\t\t<\/div>\n\t\t","protected":false},"excerpt":{"rendered":"","protected":false},"author":2,"featured_media":0,"parent":0,"menu_order":0,"comment_status":"closed","ping_status":"closed","template":"","meta":{"_acf_changed":false,"site-sidebar-layout":"no-sidebar","site-content-layout":"page-builder","ast-site-content-layout":"full-width-container","site-content-style":"unboxed","site-sidebar-style":"unboxed","ast-global-header-display":"","ast-banner-title-visibility":"","ast-main-header-display":"","ast-hfb-above-header-display":"","ast-hfb-below-header-display":"","ast-hfb-mobile-header-display":"","site-post-title":"disabled","ast-breadcrumbs-content":"","ast-featured-img":"disabled","footer-sml-layout":"","theme-transparent-header-meta":"default","adv-header-id-meta":"","stick-header-meta":"default","header-above-stick-meta":"","header-main-stick-meta":"","header-below-stick-meta":"","astra-migrate-meta-layouts":"set","ast-page-background-enabled":"default","ast-page-background-meta":{"desktop":{"background-color":"","background-image":"","background-repeat":"repeat","background-position":"center center","background-size":"auto","background-attachment":"scroll","background-type":"","background-media":"","overlay-type":"","overlay-color":"","overlay-opacity":"","overlay-gradient":""},"tablet":{"background-color":"","background-image":"","background-repeat":"repeat","background-position":"center center","background-size":"auto","background-attachment":"scroll","background-type":"","background-media":"","overlay-type":"","overlay-color":"","overlay-opacity":"","overlay-gradient":""},"mobile":{"background-color":"","background-image":"","background-repeat":"repeat","background-position":"center center","background-size":"auto","background-attachment":"scroll","background-type":"","background-media":"","overlay-type":"","overlay-color":"","overlay-opacity":"","overlay-gradient":""}},"ast-content-background-meta":{"desktop":{"background-color":"var(--ast-global-color-5)","background-image":"","background-repeat":"repeat","background-position":"center center","background-size":"auto","background-attachment":"scroll","background-type":"","background-media":"","overlay-type":"","overlay-color":"","overlay-opacity":"","overlay-gradient":""},"tablet":{"background-color":"var(--ast-global-color-5)","background-image":"","background-repeat":"repeat","background-position":"center center","background-size":"auto","background-attachment":"scroll","background-type":"","background-media":"","overlay-type":"","overlay-color":"","overlay-opacity":"","overlay-gradient":""},"mobile":{"background-color":"var(--ast-global-color-5)","background-image":"","background-repeat":"repeat","background-position":"center center","background-size":"auto","background-attachment":"scroll","background-type":"","background-media":"","overlay-type":"","overlay-color":"","overlay-opacity":"","overlay-gradient":""}},"footnotes":""},"document_category":[],"pv_category":[],"class_list":["post-44475","page","type-page","status-publish","hentry"],"acf":[],"yoast_head":"<!-- This site is optimized with the Yoast SEO plugin v26.4 - https:\/\/yoast.com\/wordpress\/plugins\/seo\/ -->\n<title>Protokolle der Hauptversammlungen - sssh<\/title>\n<meta name=\"robots\" content=\"index, follow, max-snippet:-1, max-image-preview:large, max-video-preview:-1\" \/>\n<link rel=\"canonical\" href=\"https:\/\/sssh.ch\/fr\/pv-des-assemblees-general-du-comite-central\/\" \/>\n<meta property=\"og:locale\" content=\"de_DE\" \/>\n<meta property=\"og:type\" content=\"article\" \/>\n<meta property=\"og:title\" content=\"Protokolle der Hauptversammlungen - sssh\" \/>\n<meta property=\"og:url\" content=\"https:\/\/sssh.ch\/fr\/pv-des-assemblees-general-du-comite-central\/\" \/>\n<meta property=\"og:site_name\" content=\"sssh\" \/>\n<meta property=\"article:modified_time\" content=\"2025-09-23T09:48:57+00:00\" \/>\n<meta name=\"twitter:card\" content=\"summary_large_image\" \/>\n<script type=\"application\/ld+json\" class=\"yoast-schema-graph\">{\"@context\":\"https:\/\/schema.org\",\"@graph\":[{\"@type\":\"WebPage\",\"@id\":\"https:\/\/sssh.ch\/fr\/pv-des-assemblees-general-du-comite-central\/\",\"url\":\"https:\/\/sssh.ch\/fr\/pv-des-assemblees-general-du-comite-central\/\",\"name\":\"Protokolle der Hauptversammlungen - sssh\",\"isPartOf\":{\"@id\":\"https:\/\/sssh.ch\/fr\/#website\"},\"datePublished\":\"2024-03-27T13:36:39+00:00\",\"dateModified\":\"2025-09-23T09:48:57+00:00\",\"breadcrumb\":{\"@id\":\"https:\/\/sssh.ch\/fr\/pv-des-assemblees-general-du-comite-central\/#breadcrumb\"},\"inLanguage\":\"de\",\"potentialAction\":[{\"@type\":\"ReadAction\",\"target\":[\"https:\/\/sssh.ch\/fr\/pv-des-assemblees-general-du-comite-central\/\"]}]},{\"@type\":\"BreadcrumbList\",\"@id\":\"https:\/\/sssh.ch\/fr\/pv-des-assemblees-general-du-comite-central\/#breadcrumb\",\"itemListElement\":[{\"@type\":\"ListItem\",\"position\":1,\"name\":\"SSSH\",\"item\":\"https:\/\/sssh.ch\/fr\/\"},{\"@type\":\"ListItem\",\"position\":2,\"name\":\"Protokolle der Hauptversammlungen\"}]},{\"@type\":\"WebSite\",\"@id\":\"https:\/\/sssh.ch\/fr\/#website\",\"url\":\"https:\/\/sssh.ch\/fr\/\",\"name\":\"sssh\",\"description\":\"Soci\u00e9t\u00e9 suisse de st\u00e9rilisation hospitali\u00e8re\",\"publisher\":{\"@id\":\"https:\/\/sssh.ch\/fr\/#organization\"},\"potentialAction\":[{\"@type\":\"SearchAction\",\"target\":{\"@type\":\"EntryPoint\",\"urlTemplate\":\"https:\/\/sssh.ch\/fr\/?s={search_term_string}\"},\"query-input\":{\"@type\":\"PropertyValueSpecification\",\"valueRequired\":true,\"valueName\":\"search_term_string\"}}],\"inLanguage\":\"de\"},{\"@type\":\"Organization\",\"@id\":\"https:\/\/sssh.ch\/fr\/#organization\",\"name\":\"sssh\",\"url\":\"https:\/\/sssh.ch\/fr\/\",\"logo\":{\"@type\":\"ImageObject\",\"inLanguage\":\"de\",\"@id\":\"https:\/\/sssh.ch\/fr\/#\/schema\/logo\/image\/\",\"url\":\"https:\/\/sssh.ch\/wp-content\/uploads\/2021\/09\/cropped-cropped-cropped-cropped-cropped-cropped-cropped-SGSV-SSSH_SSSO_Q_NEUTRE_blanc-768x186-1-1-1.png\",\"contentUrl\":\"https:\/\/sssh.ch\/wp-content\/uploads\/2021\/09\/cropped-cropped-cropped-cropped-cropped-cropped-cropped-SGSV-SSSH_SSSO_Q_NEUTRE_blanc-768x186-1-1-1.png\",\"width\":558,\"height\":186,\"caption\":\"sssh\"},\"image\":{\"@id\":\"https:\/\/sssh.ch\/fr\/#\/schema\/logo\/image\/\"}}]}<\/script>\n<!-- \/ Yoast SEO plugin. -->","yoast_head_json":{"title":"Protokolle der Hauptversammlungen - sssh","robots":{"index":"index","follow":"follow","max-snippet":"max-snippet:-1","max-image-preview":"max-image-preview:large","max-video-preview":"max-video-preview:-1"},"canonical":"https:\/\/sssh.ch\/fr\/pv-des-assemblees-general-du-comite-central\/","og_locale":"de_DE","og_type":"article","og_title":"Protokolle der Hauptversammlungen - sssh","og_url":"https:\/\/sssh.ch\/fr\/pv-des-assemblees-general-du-comite-central\/","og_site_name":"sssh","article_modified_time":"2025-09-23T09:48:57+00:00","twitter_card":"summary_large_image","schema":{"@context":"https:\/\/schema.org","@graph":[{"@type":"WebPage","@id":"https:\/\/sssh.ch\/fr\/pv-des-assemblees-general-du-comite-central\/","url":"https:\/\/sssh.ch\/fr\/pv-des-assemblees-general-du-comite-central\/","name":"Protokolle der Hauptversammlungen - sssh","isPartOf":{"@id":"https:\/\/sssh.ch\/fr\/#website"},"datePublished":"2024-03-27T13:36:39+00:00","dateModified":"2025-09-23T09:48:57+00:00","breadcrumb":{"@id":"https:\/\/sssh.ch\/fr\/pv-des-assemblees-general-du-comite-central\/#breadcrumb"},"inLanguage":"de","potentialAction":[{"@type":"ReadAction","target":["https:\/\/sssh.ch\/fr\/pv-des-assemblees-general-du-comite-central\/"]}]},{"@type":"BreadcrumbList","@id":"https:\/\/sssh.ch\/fr\/pv-des-assemblees-general-du-comite-central\/#breadcrumb","itemListElement":[{"@type":"ListItem","position":1,"name":"SSSH","item":"https:\/\/sssh.ch\/fr\/"},{"@type":"ListItem","position":2,"name":"Protokolle der Hauptversammlungen"}]},{"@type":"WebSite","@id":"https:\/\/sssh.ch\/fr\/#website","url":"https:\/\/sssh.ch\/fr\/","name":"sssh","description":"Soci\u00e9t\u00e9 suisse de st\u00e9rilisation hospitali\u00e8re","publisher":{"@id":"https:\/\/sssh.ch\/fr\/#organization"},"potentialAction":[{"@type":"SearchAction","target":{"@type":"EntryPoint","urlTemplate":"https:\/\/sssh.ch\/fr\/?s={search_term_string}"},"query-input":{"@type":"PropertyValueSpecification","valueRequired":true,"valueName":"search_term_string"}}],"inLanguage":"de"},{"@type":"Organization","@id":"https:\/\/sssh.ch\/fr\/#organization","name":"sssh","url":"https:\/\/sssh.ch\/fr\/","logo":{"@type":"ImageObject","inLanguage":"de","@id":"https:\/\/sssh.ch\/fr\/#\/schema\/logo\/image\/","url":"https:\/\/sssh.ch\/wp-content\/uploads\/2021\/09\/cropped-cropped-cropped-cropped-cropped-cropped-cropped-SGSV-SSSH_SSSO_Q_NEUTRE_blanc-768x186-1-1-1.png","contentUrl":"https:\/\/sssh.ch\/wp-content\/uploads\/2021\/09\/cropped-cropped-cropped-cropped-cropped-cropped-cropped-SGSV-SSSH_SSSO_Q_NEUTRE_blanc-768x186-1-1-1.png","width":558,"height":186,"caption":"sssh"},"image":{"@id":"https:\/\/sssh.ch\/fr\/#\/schema\/logo\/image\/"}}]}},"publishpress_future_action":{"enabled":false,"date":"2026-04-12 17:53:12","action":"change-status","newStatus":"draft","terms":[],"taxonomy":"translation_priority","extraData":[]},"publishpress_future_workflow_manual_trigger":{"enabledWorkflows":[]},"_links":{"self":[{"href":"https:\/\/sssh.ch\/de\/wp-json\/wp\/v2\/pages\/44475","targetHints":{"allow":["GET"]}}],"collection":[{"href":"https:\/\/sssh.ch\/de\/wp-json\/wp\/v2\/pages"}],"about":[{"href":"https:\/\/sssh.ch\/de\/wp-json\/wp\/v2\/types\/page"}],"author":[{"embeddable":true,"href":"https:\/\/sssh.ch\/de\/wp-json\/wp\/v2\/users\/2"}],"replies":[{"embeddable":true,"href":"https:\/\/sssh.ch\/de\/wp-json\/wp\/v2\/comments?post=44475"}],"version-history":[{"count":11,"href":"https:\/\/sssh.ch\/de\/wp-json\/wp\/v2\/pages\/44475\/revisions"}],"predecessor-version":[{"id":48284,"href":"https:\/\/sssh.ch\/de\/wp-json\/wp\/v2\/pages\/44475\/revisions\/48284"}],"wp:attachment":[{"href":"https:\/\/sssh.ch\/de\/wp-json\/wp\/v2\/media?parent=44475"}],"wp:term":[{"taxonomy":"document_category","embeddable":true,"href":"https:\/\/sssh.ch\/de\/wp-json\/wp\/v2\/document_category?post=44475"},{"taxonomy":"pv_category","embeddable":true,"href":"https:\/\/sssh.ch\/de\/wp-json\/wp\/v2\/pv_category?post=44475"}],"curies":[{"name":"wp","href":"https:\/\/api.w.org\/{rel}","templated":true}]}}