{"id":24434,"date":"2021-07-01T08:05:59","date_gmt":"2021-07-01T06:05:59","guid":{"rendered":"https:\/\/www.sssh.ch\/inscription\/"},"modified":"2023-07-07T15:14:57","modified_gmt":"2023-07-07T13:14:57","slug":"inscription","status":"publish","type":"page","link":"https:\/\/sssh.ch\/de\/inscription\/","title":{"rendered":"Anmeldung"},"content":{"rendered":"\t\t<div data-elementor-type=\"wp-page\" data-elementor-id=\"24434\" class=\"elementor elementor-24434 elementor-648\" data-elementor-post-type=\"page\">\n\t\t\t\t\t\t<section class=\"elementor-section elementor-top-section elementor-element elementor-element-daf46a3 elementor-section-boxed elementor-section-height-default elementor-section-height-default\" data-id=\"daf46a3\" data-element_type=\"section\" data-settings=\"{&quot;background_background&quot;:&quot;classic&quot;}\">\n\t\t\t\t\t\t\t<div class=\"elementor-background-overlay\"><\/div>\n\t\t\t\t\t\t\t<div class=\"elementor-container elementor-column-gap-default\">\n\t\t\t\t\t<div class=\"elementor-column elementor-col-100 elementor-top-column elementor-element elementor-element-691ef75\" data-id=\"691ef75\" data-element_type=\"column\">\n\t\t\t<div class=\"elementor-widget-wrap elementor-element-populated\">\n\t\t\t\t\t\t<section class=\"elementor-section elementor-inner-section elementor-element elementor-element-a88c9c9 elementor-section-boxed elementor-section-height-default elementor-section-height-default\" data-id=\"a88c9c9\" data-element_type=\"section\">\n\t\t\t\t\t\t<div class=\"elementor-container elementor-column-gap-default\">\n\t\t\t\t\t<div class=\"elementor-column elementor-col-66 elementor-inner-column elementor-element elementor-element-ebb7665\" data-id=\"ebb7665\" data-element_type=\"column\">\n\t\t\t<div class=\"elementor-widget-wrap elementor-element-populated\">\n\t\t\t\t\t\t<div class=\"elementor-element elementor-element-91d8c6b elementor-widget elementor-widget-heading\" data-id=\"91d8c6b\" data-element_type=\"widget\" data-widget_type=\"heading.default\">\n\t\t\t\t<div class=\"elementor-widget-container\">\n\t\t\t\t\t<h1 class=\"elementor-heading-title elementor-size-default\">Beitrittserkl\u00e4rung<\/h1>\t\t\t\t<\/div>\n\t\t\t\t<\/div>\n\t\t\t\t\t<\/div>\n\t\t<\/div>\n\t\t\t\t<div class=\"elementor-column elementor-col-33 elementor-inner-column elementor-element elementor-element-9868fd7\" data-id=\"9868fd7\" data-element_type=\"column\">\n\t\t\t<div class=\"elementor-widget-wrap\">\n\t\t\t\t\t\t\t<\/div>\n\t\t<\/div>\n\t\t\t\t\t<\/div>\n\t\t<\/section>\n\t\t\t\t\t<\/div>\n\t\t<\/div>\n\t\t\t\t\t<\/div>\n\t\t<\/section>\n\t\t\t\t<section class=\"elementor-section elementor-top-section elementor-element elementor-element-cd38c8b elementor-section-boxed elementor-section-height-default elementor-section-height-default\" data-id=\"cd38c8b\" data-element_type=\"section\">\n\t\t\t\t\t\t<div class=\"elementor-container elementor-column-gap-default\">\n\t\t\t\t\t<div class=\"elementor-column elementor-col-100 elementor-top-column elementor-element elementor-element-6b56f35\" data-id=\"6b56f35\" data-element_type=\"column\">\n\t\t\t<div class=\"elementor-widget-wrap elementor-element-populated\">\n\t\t\t\t\t\t<div class=\"elementor-element elementor-element-cbfde73 elementor-widget elementor-widget-text-editor\" data-id=\"cbfde73\" data-element_type=\"widget\" data-widget_type=\"text-editor.default\">\n\t\t\t\t<div class=\"elementor-widget-container\">\n\t\t\t\t\t\t\t\t\t<p><div class=\"wpforms-container \" id=\"wpforms-25882\"><form id=\"wpforms-form-25882\" class=\"wpforms-validate wpforms-form\" data-formid=\"25882\" method=\"post\" enctype=\"multipart\/form-data\" action=\"\/de\/wp-json\/wp\/v2\/pages\/24434\" data-token=\"cc3764ee43bb119ed9b5c2db4c8b2e7e\" data-token-time=\"1775285906\"><noscript class=\"wpforms-error-noscript\">Bitte aktiviere JavaScript in deinem Browser, um dieses Formular fertigzustellen.<\/noscript><div class=\"wpforms-field-container\"><div id=\"wpforms-25882-field_38-container\" class=\"wpforms-field wpforms-field-radio\" data-field-id=\"38\"><label class=\"wpforms-field-label wpforms-label-hide\">Genre <span class=\"wpforms-required-label\">*<\/span><\/label><ul id=\"wpforms-25882-field_38\" class=\"wpforms-field-required\"><li class=\"choice-1 depth-1\"><input type=\"radio\" id=\"wpforms-25882-field_38_1\" name=\"wpforms[fields][38]\" value=\"Frau\" required ><label class=\"wpforms-field-label-inline\" for=\"wpforms-25882-field_38_1\">Frau<\/label><\/li><li class=\"choice-2 depth-1\"><input type=\"radio\" id=\"wpforms-25882-field_38_2\" name=\"wpforms[fields][38]\" value=\"Herr\" required ><label class=\"wpforms-field-label-inline\" for=\"wpforms-25882-field_38_2\">Herr<\/label><\/li><\/ul><\/div><div id=\"wpforms-25882-field_2-container\" class=\"wpforms-field wpforms-field-name\" data-field-id=\"2\"><label class=\"wpforms-field-label\">Name <span class=\"wpforms-required-label\">*<\/span><\/label><div class=\"wpforms-field-row wpforms-field-medium\"><div class=\"wpforms-field-row-block wpforms-first wpforms-one-half\"><input type=\"text\" id=\"wpforms-25882-field_2\" class=\"wpforms-field-name-first wpforms-field-required\" name=\"wpforms[fields][2][first]\" required><label for=\"wpforms-25882-field_2\" class=\"wpforms-field-sublabel after\">Vorname<\/label><\/div><div class=\"wpforms-field-row-block wpforms-one-half\"><input type=\"text\" id=\"wpforms-25882-field_2-last\" class=\"wpforms-field-name-last wpforms-field-required\" name=\"wpforms[fields][2][last]\" required><label for=\"wpforms-25882-field_2-last\" class=\"wpforms-field-sublabel after\">Nachname<\/label><\/div><\/div><\/div><div id=\"wpforms-25882-field_19-container\" class=\"wpforms-field wpforms-field-phone\" data-field-id=\"19\"><label class=\"wpforms-field-label\" for=\"wpforms-25882-field_19\">Telefon<\/label><input type=\"tel\" id=\"wpforms-25882-field_19\" class=\"wpforms-field-medium wpforms-smart-phone-field\" data-rule-smart-phone-field=\"true\" name=\"wpforms[fields][19]\" aria-label=\"Telefon\" ><\/div><div id=\"wpforms-25882-field_20-container\" class=\"wpforms-field wpforms-field-email\" data-field-id=\"20\"><label class=\"wpforms-field-label\" for=\"wpforms-25882-field_20\">E-mail <span class=\"wpforms-required-label\">*<\/span><\/label><input type=\"email\" id=\"wpforms-25882-field_20\" class=\"wpforms-field-medium wpforms-field-required\" name=\"wpforms[fields][20]\" spellcheck=\"false\" required><\/div><div id=\"wpforms-25882-field_21-container\" class=\"wpforms-field wpforms-field-text\" data-field-id=\"21\"><label class=\"wpforms-field-label\" for=\"wpforms-25882-field_21\">Funktion<\/label><input type=\"text\" id=\"wpforms-25882-field_21\" class=\"wpforms-field-medium\" name=\"wpforms[fields][21]\" ><\/div><div id=\"wpforms-25882-field_4-container\" class=\"wpforms-field wpforms-field-radio wpforms-conditional-trigger\" data-field-id=\"4\"><label class=\"wpforms-field-label\">Technische\u2009\/\u2009r Sterilisationassistent\u2009\/\u2009in <span class=\"wpforms-required-label\">*<\/span><\/label><ul id=\"wpforms-25882-field_4\" class=\"wpforms-field-required\"><li class=\"choice-1 depth-1\"><input type=\"radio\" id=\"wpforms-25882-field_4_1\" name=\"wpforms[fields][4]\" value=\"Fachkunde I\" required ><label class=\"wpforms-field-label-inline\" for=\"wpforms-25882-field_4_1\">Fachkunde I<\/label><\/li><li class=\"choice-2 depth-1\"><input type=\"radio\" id=\"wpforms-25882-field_4_2\" name=\"wpforms[fields][4]\" value=\"Fachkunde II und mehr\" required ><label class=\"wpforms-field-label-inline\" for=\"wpforms-25882-field_4_2\">Fachkunde II und mehr<\/label><\/li><li class=\"choice-3 depth-1\"><input type=\"radio\" id=\"wpforms-25882-field_4_3\" name=\"wpforms[fields][4]\" value=\"MPT EFZ\" required ><label class=\"wpforms-field-label-inline\" for=\"wpforms-25882-field_4_3\">MPT EFZ<\/label><\/li><li class=\"choice-5 depth-1\"><input type=\"radio\" id=\"wpforms-25882-field_4_5\" name=\"wpforms[fields][4]\" value=\"Andere\" required ><label class=\"wpforms-field-label-inline\" for=\"wpforms-25882-field_4_5\">Andere<\/label><\/li><\/ul><\/div><div id=\"wpforms-25882-field_5-container\" class=\"wpforms-field wpforms-field-text wpforms-conditional-field wpforms-conditional-show\" data-field-id=\"5\" style=\"display:none;\"><label class=\"wpforms-field-label\" for=\"wpforms-25882-field_5\">Wenn anders, bitte beschreiben<\/label><input type=\"text\" id=\"wpforms-25882-field_5\" class=\"wpforms-field-medium\" name=\"wpforms[fields][5]\" ><\/div><div id=\"wpforms-25882-field_37-container\" class=\"wpforms-field wpforms-field-html\" data-field-id=\"37\"><div id=\"wpforms-25882-field_37\"><hr \/>\r\n<\/div><\/div><div id=\"wpforms-25882-field_23-container\" class=\"wpforms-field wpforms-field-checkbox\" data-field-id=\"23\"><label class=\"wpforms-field-label\">Mitglied<\/label><ul id=\"wpforms-25882-field_23\"><li class=\"choice-1 depth-1\"><input type=\"checkbox\" id=\"wpforms-25882-field_23_1\" name=\"wpforms[fields][23][]\" value=\"Aktivmitglied, Jahresbeitrag CHF 115.\u2013\"  ><label class=\"wpforms-field-label-inline\" for=\"wpforms-25882-field_23_1\">Aktivmitglied, Jahresbeitrag CHF 115.\u2013<\/label><\/li><\/ul><\/div><div id=\"wpforms-25882-field_28-container\" class=\"wpforms-field wpforms-field-html\" data-field-id=\"28\"><div id=\"wpforms-25882-field_28\"><p>PRIVATADRESSE \u2013 NUR F\u00dcR AKTIVMITGLIEDER\r\n<\/p><\/div><\/div><div id=\"wpforms-25882-field_29-container\" class=\"wpforms-field wpforms-field-checkbox\" data-field-id=\"29\"><label class=\"wpforms-field-label\">Anschrift<\/label><ul id=\"wpforms-25882-field_29\"><li class=\"choice-3 depth-1\"><input type=\"checkbox\" id=\"wpforms-25882-field_29_3\" name=\"wpforms[fields][29][]\" value=\"f\u00fcr Rechnung und Fachzeitschrift\"  ><label class=\"wpforms-field-label-inline\" for=\"wpforms-25882-field_29_3\">f\u00fcr Rechnung und Fachzeitschrift<\/label><\/li><\/ul><\/div><div id=\"wpforms-25882-field_10-container\" class=\"wpforms-field wpforms-field-text\" data-field-id=\"10\"><label class=\"wpforms-field-label\" for=\"wpforms-25882-field_10\">Strasse<\/label><input type=\"text\" id=\"wpforms-25882-field_10\" class=\"wpforms-field-medium\" name=\"wpforms[fields][10]\" ><\/div><div id=\"wpforms-25882-field_11-container\" class=\"wpforms-field wpforms-field-text\" data-field-id=\"11\"><label class=\"wpforms-field-label\" for=\"wpforms-25882-field_11\">PLZ | Ort<\/label><input type=\"text\" id=\"wpforms-25882-field_11\" class=\"wpforms-field-medium\" name=\"wpforms[fields][11]\" ><\/div><div id=\"wpforms-25882-field_36-container\" class=\"wpforms-field wpforms-field-html\" data-field-id=\"36\"><div id=\"wpforms-25882-field_36\"><hr \/>\r\n<\/div><\/div><div id=\"wpforms-25882-field_31-container\" class=\"wpforms-field wpforms-field-checkbox wpforms-list-inline\" data-field-id=\"31\"><label class=\"wpforms-field-label\">Mitglied<\/label><ul id=\"wpforms-25882-field_31\"><li class=\"choice-1 depth-1\"><input type=\"checkbox\" id=\"wpforms-25882-field_31_1\" name=\"wpforms[fields][31][]\" value=\"Passivmitglied, Jahresbeitrag CHF 300.\u2013\"  ><label class=\"wpforms-field-label-inline\" for=\"wpforms-25882-field_31_1\">Passivmitglied, Jahresbeitrag CHF 300.\u2013<\/label><\/li><\/ul><\/div><div id=\"wpforms-25882-field_32-container\" class=\"wpforms-field wpforms-field-html\" data-field-id=\"32\"><div id=\"wpforms-25882-field_32\"><p>GESCH\u00c4FTSADRESSE \u2013 NUR F\u00dcR PASSIVMITGLIEDER\r\n<\/p>\r\n\r\n<\/div><\/div><div id=\"wpforms-25882-field_33-container\" class=\"wpforms-field wpforms-field-checkbox\" data-field-id=\"33\"><label class=\"wpforms-field-label\">Anschrift<\/label><ul id=\"wpforms-25882-field_33\"><li class=\"choice-3 depth-1\"><input type=\"checkbox\" id=\"wpforms-25882-field_33_3\" name=\"wpforms[fields][33][]\" value=\"f\u00fcr Rechnung und Fachzeitschrift\"  ><label class=\"wpforms-field-label-inline\" for=\"wpforms-25882-field_33_3\">f\u00fcr Rechnung und Fachzeitschrift<\/label><\/li><\/ul><\/div><div id=\"wpforms-25882-field_34-container\" class=\"wpforms-field wpforms-field-text\" data-field-id=\"34\"><label class=\"wpforms-field-label\" for=\"wpforms-25882-field_34\">Strasse<\/label><input type=\"text\" id=\"wpforms-25882-field_34\" class=\"wpforms-field-medium\" name=\"wpforms[fields][34]\" ><\/div><div id=\"wpforms-25882-field_35-container\" class=\"wpforms-field wpforms-field-text\" data-field-id=\"35\"><label class=\"wpforms-field-label\" for=\"wpforms-25882-field_35\">PLZ | Ort<\/label><input type=\"text\" id=\"wpforms-25882-field_35\" class=\"wpforms-field-medium\" name=\"wpforms[fields][35]\" ><\/div><\/div><!-- .wpforms-field-container --><div class=\"wpforms-submit-container\" ><input type=\"hidden\" name=\"wpforms[id]\" value=\"25882\"><input type=\"hidden\" name=\"page_title\" value=\"\"><input type=\"hidden\" name=\"page_url\" value=\"https:\/\/sssh.ch\/de\/wp-json\/wp\/v2\/pages\/24434\"><input type=\"hidden\" name=\"url_referer\" value=\"\"><button type=\"submit\" name=\"wpforms[submit]\" id=\"wpforms-submit-25882\" class=\"wpforms-submit\" data-alt-text=\"Am senden...\" data-submit-text=\"Senden\" aria-live=\"assertive\" value=\"wpforms-submit\">Senden<\/button><\/div><\/form><\/div>  <!-- .wpforms-container --><\/p>\t\t\t\t\t\t\t\t<\/div>\n\t\t\t\t<\/div>\n\t\t\t\t\t<\/div>\n\t\t<\/div>\n\t\t\t\t\t<\/div>\n\t\t<\/section>\n\t\t\t\t<\/div>\n\t\t","protected":false},"excerpt":{"rendered":"","protected":false},"author":2,"featured_media":0,"parent":0,"menu_order":0,"comment_status":"closed","ping_status":"closed","template":"","meta":{"_acf_changed":false,"site-sidebar-layout":"no-sidebar","site-content-layout":"page-builder","ast-site-content-layout":"default","site-content-style":"default","site-sidebar-style":"default","ast-global-header-display":"","ast-banner-title-visibility":"","ast-main-header-display":"","ast-hfb-above-header-display":"","ast-hfb-below-header-display":"","ast-hfb-mobile-header-display":"","site-post-title":"disabled","ast-breadcrumbs-content":"","ast-featured-img":"disabled","footer-sml-layout":"","theme-transparent-header-meta":"default","adv-header-id-meta":"","stick-header-meta":"default","header-above-stick-meta":"","header-main-stick-meta":"","header-below-stick-meta":"","astra-migrate-meta-layouts":"default","ast-page-background-enabled":"default","ast-page-background-meta":{"desktop":{"background-color":"","background-image":"","background-repeat":"repeat","background-position":"center center","background-size":"auto","background-attachment":"scroll","background-type":"","background-media":"","overlay-type":"","overlay-color":"","overlay-opacity":"","overlay-gradient":""},"tablet":{"background-color":"","background-image":"","background-repeat":"repeat","background-position":"center center","background-size":"auto","background-attachment":"scroll","background-type":"","background-media":"","overlay-type":"","overlay-color":"","overlay-opacity":"","overlay-gradient":""},"mobile":{"background-color":"","background-image":"","background-repeat":"repeat","background-position":"center center","background-size":"auto","background-attachment":"scroll","background-type":"","background-media":"","overlay-type":"","overlay-color":"","overlay-opacity":"","overlay-gradient":""}},"ast-content-background-meta":{"desktop":{"background-color":"var(--ast-global-color-5)","background-image":"","background-repeat":"repeat","background-position":"center center","background-size":"auto","background-attachment":"scroll","background-type":"","background-media":"","overlay-type":"","overlay-color":"","overlay-opacity":"","overlay-gradient":""},"tablet":{"background-color":"var(--ast-global-color-5)","background-image":"","background-repeat":"repeat","background-position":"center center","background-size":"auto","background-attachment":"scroll","background-type":"","background-media":"","overlay-type":"","overlay-color":"","overlay-opacity":"","overlay-gradient":""},"mobile":{"background-color":"var(--ast-global-color-5)","background-image":"","background-repeat":"repeat","background-position":"center center","background-size":"auto","background-attachment":"scroll","background-type":"","background-media":"","overlay-type":"","overlay-color":"","overlay-opacity":"","overlay-gradient":""}},"footnotes":""},"document_category":[],"pv_category":[],"class_list":["post-24434","page","type-page","status-publish","hentry"],"acf":[],"yoast_head":"<!-- This site is optimized with the Yoast SEO plugin v26.4 - https:\/\/yoast.com\/wordpress\/plugins\/seo\/ -->\n<title>Anmeldung - sssh<\/title>\n<meta name=\"robots\" content=\"index, follow, max-snippet:-1, max-image-preview:large, max-video-preview:-1\" \/>\n<link rel=\"canonical\" href=\"https:\/\/sssh.ch\/de\/inscription\/\" \/>\n<meta property=\"og:locale\" content=\"de_DE\" \/>\n<meta property=\"og:type\" content=\"article\" \/>\n<meta property=\"og:title\" content=\"Anmeldung - sssh\" \/>\n<meta property=\"og:url\" content=\"https:\/\/sssh.ch\/de\/inscription\/\" \/>\n<meta property=\"og:site_name\" content=\"sssh\" \/>\n<meta property=\"article:modified_time\" content=\"2023-07-07T13:14:57+00:00\" \/>\n<meta name=\"twitter:card\" content=\"summary_large_image\" \/>\n<meta name=\"twitter:label1\" content=\"Gesch\u00e4tzte Lesezeit\" \/>\n\t<meta name=\"twitter:data1\" content=\"1\u00a0Minute\" \/>\n<script type=\"application\/ld+json\" class=\"yoast-schema-graph\">{\"@context\":\"https:\/\/schema.org\",\"@graph\":[{\"@type\":\"WebPage\",\"@id\":\"https:\/\/sssh.ch\/de\/inscription\/\",\"url\":\"https:\/\/sssh.ch\/de\/inscription\/\",\"name\":\"Anmeldung - sssh\",\"isPartOf\":{\"@id\":\"https:\/\/sssh.ch\/fr\/#website\"},\"datePublished\":\"2021-07-01T06:05:59+00:00\",\"dateModified\":\"2023-07-07T13:14:57+00:00\",\"breadcrumb\":{\"@id\":\"https:\/\/sssh.ch\/de\/inscription\/#breadcrumb\"},\"inLanguage\":\"de\",\"potentialAction\":[{\"@type\":\"ReadAction\",\"target\":[\"https:\/\/sssh.ch\/de\/inscription\/\"]}]},{\"@type\":\"BreadcrumbList\",\"@id\":\"https:\/\/sssh.ch\/de\/inscription\/#breadcrumb\",\"itemListElement\":[{\"@type\":\"ListItem\",\"position\":1,\"name\":\"SSSH\",\"item\":\"https:\/\/sssh.ch\/fr\/\"},{\"@type\":\"ListItem\",\"position\":2,\"name\":\"Anmeldung\"}]},{\"@type\":\"WebSite\",\"@id\":\"https:\/\/sssh.ch\/fr\/#website\",\"url\":\"https:\/\/sssh.ch\/fr\/\",\"name\":\"sssh\",\"description\":\"Soci\u00e9t\u00e9 suisse de st\u00e9rilisation hospitali\u00e8re\",\"publisher\":{\"@id\":\"https:\/\/sssh.ch\/fr\/#organization\"},\"potentialAction\":[{\"@type\":\"SearchAction\",\"target\":{\"@type\":\"EntryPoint\",\"urlTemplate\":\"https:\/\/sssh.ch\/fr\/?s={search_term_string}\"},\"query-input\":{\"@type\":\"PropertyValueSpecification\",\"valueRequired\":true,\"valueName\":\"search_term_string\"}}],\"inLanguage\":\"de\"},{\"@type\":\"Organization\",\"@id\":\"https:\/\/sssh.ch\/fr\/#organization\",\"name\":\"sssh\",\"url\":\"https:\/\/sssh.ch\/fr\/\",\"logo\":{\"@type\":\"ImageObject\",\"inLanguage\":\"de\",\"@id\":\"https:\/\/sssh.ch\/fr\/#\/schema\/logo\/image\/\",\"url\":\"https:\/\/sssh.ch\/wp-content\/uploads\/2021\/09\/cropped-cropped-cropped-cropped-cropped-cropped-cropped-SGSV-SSSH_SSSO_Q_NEUTRE_blanc-768x186-1-1-1.png\",\"contentUrl\":\"https:\/\/sssh.ch\/wp-content\/uploads\/2021\/09\/cropped-cropped-cropped-cropped-cropped-cropped-cropped-SGSV-SSSH_SSSO_Q_NEUTRE_blanc-768x186-1-1-1.png\",\"width\":558,\"height\":186,\"caption\":\"sssh\"},\"image\":{\"@id\":\"https:\/\/sssh.ch\/fr\/#\/schema\/logo\/image\/\"}}]}<\/script>\n<!-- \/ Yoast SEO plugin. -->","yoast_head_json":{"title":"Anmeldung - sssh","robots":{"index":"index","follow":"follow","max-snippet":"max-snippet:-1","max-image-preview":"max-image-preview:large","max-video-preview":"max-video-preview:-1"},"canonical":"https:\/\/sssh.ch\/de\/inscription\/","og_locale":"de_DE","og_type":"article","og_title":"Anmeldung - sssh","og_url":"https:\/\/sssh.ch\/de\/inscription\/","og_site_name":"sssh","article_modified_time":"2023-07-07T13:14:57+00:00","twitter_card":"summary_large_image","twitter_misc":{"Gesch\u00e4tzte Lesezeit":"1\u00a0Minute"},"schema":{"@context":"https:\/\/schema.org","@graph":[{"@type":"WebPage","@id":"https:\/\/sssh.ch\/de\/inscription\/","url":"https:\/\/sssh.ch\/de\/inscription\/","name":"Anmeldung - sssh","isPartOf":{"@id":"https:\/\/sssh.ch\/fr\/#website"},"datePublished":"2021-07-01T06:05:59+00:00","dateModified":"2023-07-07T13:14:57+00:00","breadcrumb":{"@id":"https:\/\/sssh.ch\/de\/inscription\/#breadcrumb"},"inLanguage":"de","potentialAction":[{"@type":"ReadAction","target":["https:\/\/sssh.ch\/de\/inscription\/"]}]},{"@type":"BreadcrumbList","@id":"https:\/\/sssh.ch\/de\/inscription\/#breadcrumb","itemListElement":[{"@type":"ListItem","position":1,"name":"SSSH","item":"https:\/\/sssh.ch\/fr\/"},{"@type":"ListItem","position":2,"name":"Anmeldung"}]},{"@type":"WebSite","@id":"https:\/\/sssh.ch\/fr\/#website","url":"https:\/\/sssh.ch\/fr\/","name":"sssh","description":"Soci\u00e9t\u00e9 suisse de st\u00e9rilisation hospitali\u00e8re","publisher":{"@id":"https:\/\/sssh.ch\/fr\/#organization"},"potentialAction":[{"@type":"SearchAction","target":{"@type":"EntryPoint","urlTemplate":"https:\/\/sssh.ch\/fr\/?s={search_term_string}"},"query-input":{"@type":"PropertyValueSpecification","valueRequired":true,"valueName":"search_term_string"}}],"inLanguage":"de"},{"@type":"Organization","@id":"https:\/\/sssh.ch\/fr\/#organization","name":"sssh","url":"https:\/\/sssh.ch\/fr\/","logo":{"@type":"ImageObject","inLanguage":"de","@id":"https:\/\/sssh.ch\/fr\/#\/schema\/logo\/image\/","url":"https:\/\/sssh.ch\/wp-content\/uploads\/2021\/09\/cropped-cropped-cropped-cropped-cropped-cropped-cropped-SGSV-SSSH_SSSO_Q_NEUTRE_blanc-768x186-1-1-1.png","contentUrl":"https:\/\/sssh.ch\/wp-content\/uploads\/2021\/09\/cropped-cropped-cropped-cropped-cropped-cropped-cropped-SGSV-SSSH_SSSO_Q_NEUTRE_blanc-768x186-1-1-1.png","width":558,"height":186,"caption":"sssh"},"image":{"@id":"https:\/\/sssh.ch\/fr\/#\/schema\/logo\/image\/"}}]}},"publishpress_future_action":{"enabled":false,"date":"2026-04-11 08:58:26","action":"change-status","newStatus":"draft","terms":[],"taxonomy":"translation_priority","extraData":[]},"publishpress_future_workflow_manual_trigger":{"enabledWorkflows":[]},"_links":{"self":[{"href":"https:\/\/sssh.ch\/de\/wp-json\/wp\/v2\/pages\/24434","targetHints":{"allow":["GET"]}}],"collection":[{"href":"https:\/\/sssh.ch\/de\/wp-json\/wp\/v2\/pages"}],"about":[{"href":"https:\/\/sssh.ch\/de\/wp-json\/wp\/v2\/types\/page"}],"author":[{"embeddable":true,"href":"https:\/\/sssh.ch\/de\/wp-json\/wp\/v2\/users\/2"}],"replies":[{"embeddable":true,"href":"https:\/\/sssh.ch\/de\/wp-json\/wp\/v2\/comments?post=24434"}],"version-history":[{"count":5,"href":"https:\/\/sssh.ch\/de\/wp-json\/wp\/v2\/pages\/24434\/revisions"}],"predecessor-version":[{"id":43585,"href":"https:\/\/sssh.ch\/de\/wp-json\/wp\/v2\/pages\/24434\/revisions\/43585"}],"wp:attachment":[{"href":"https:\/\/sssh.ch\/de\/wp-json\/wp\/v2\/media?parent=24434"}],"wp:term":[{"taxonomy":"document_category","embeddable":true,"href":"https:\/\/sssh.ch\/de\/wp-json\/wp\/v2\/document_category?post=24434"},{"taxonomy":"pv_category","embeddable":true,"href":"https:\/\/sssh.ch\/de\/wp-json\/wp\/v2\/pv_category?post=24434"}],"curies":[{"name":"wp","href":"https:\/\/api.w.org\/{rel}","templated":true}]}}